{"id":9461011,"date":"2024-05-29T17:14:52","date_gmt":"2024-05-29T17:14:52","guid":{"rendered":"https:\/\/tpohotelariaecasa.pt\/index.php\/product\/carrinho-de-bandeja-bakerynorm-adapta-se-32-tabuleiros-60-x-40-cm-excl-tabuleiros\/"},"modified":"2025-04-03T09:09:56","modified_gmt":"2025-04-03T09:09:56","slug":"carrinho-de-bandeja-bakerynorm-adapta-se-32-tabuleiros-60-x-40-cm-excl-tabuleiros","status":"publish","type":"product","link":"https:\/\/tpohotelariaecasa.pt\/index.php\/product\/carrinho-de-bandeja-bakerynorm-adapta-se-32-tabuleiros-60-x-40-cm-excl-tabuleiros\/","title":{"rendered":"Carrinho de Bandeja &#8211; Bakerynorm &#8211; Adapta-se 32 Tabuleiros (60 x 40 cm) &#8211; excl. Tabuleiros"},"content":{"rendered":"<p><strong>Caracter\u00edsticas<\/strong><\/p>\n<ul>\n<li>P\u00e9s quadrados para maior for\u00e7a<\/li>\n<li>Fornecido plano embalado com f\u00e1cil montagem<\/li>\n<li>Apoio traseiro para parar o deslizamento do tabuleiro at\u00e9 ao fim<\/li>\n<li>Os cantos t\u00eam sido soldados e polidos sem soldaduras<\/li>\n<li>Vem com quatro rodas, incluindo dois trav\u00f5es, e pega para f\u00e1cil movimenta\u00e7\u00e3o<\/li>\n<\/ul>\n<p><strong>Especifica\u00e7\u00f5es do produto<\/strong><\/p>\n<ul>\n<li>Peso l\u00edquido: 32kg<\/li>\n<li>Dimens\u00f5es: L98 x D68 x H173,5cm<\/li>\n<li>Dist\u00e2ncia entre prateleiras: 8,5cm<\/li>\n<li>Di\u00e2metro do tubo: 25mm<\/li>\n<\/ul>\n<p><strong>As bandejas e prateleiras n\u00e3o est\u00e3o inclu\u00eddas.<\/strong><\/p>\n","protected":false},"excerpt":{"rendered":"<p>Este carrinho de bandeja dupla foi fabricado em a\u00e7o inoxid\u00e1vel e tem espa\u00e7o para 2 x 16 bandejas. \u00c9 ideal para utiliza\u00e7\u00e3o em padarias, restaurantes, hot\u00e9is e lojas de self-service. Este produto vem embalado de forma plana e \u00e9 muito r\u00e1pido e f\u00e1cil de montar. Inclui quatro rodas, duas das quais com trav\u00f5es, e \u00e9 adequado para tabuleiros Bakerynorm de 60 x 40cm. consulte Mais informa\u00e7\u00e3o<\/p>\n","protected":false},"featured_media":9461010,"comment_status":"open","ping_status":"closed","template":"","meta":[],"product_cat":[104],"product_tag":[],"class_list":["post-9461011","product","type-product","status-publish","has-post-thumbnail","hentry","product_cat-carros-de-servio","product_shipping_class-gph"],"_links":{"self":[{"href":"https:\/\/tpohotelariaecasa.pt\/index.php\/wp-json\/wp\/v2\/product\/9461011"}],"collection":[{"href":"https:\/\/tpohotelariaecasa.pt\/index.php\/wp-json\/wp\/v2\/product"}],"about":[{"href":"https:\/\/tpohotelariaecasa.pt\/index.php\/wp-json\/wp\/v2\/types\/product"}],"replies":[{"embeddable":true,"href":"https:\/\/tpohotelariaecasa.pt\/index.php\/wp-json\/wp\/v2\/comments?post=9461011"}],"wp:featuredmedia":[{"embeddable":true,"href":"https:\/\/tpohotelariaecasa.pt\/index.php\/wp-json\/wp\/v2\/media\/9461010"}],"wp:attachment":[{"href":"https:\/\/tpohotelariaecasa.pt\/index.php\/wp-json\/wp\/v2\/media?parent=9461011"}],"wp:term":[{"taxonomy":"product_cat","embeddable":true,"href":"https:\/\/tpohotelariaecasa.pt\/index.php\/wp-json\/wp\/v2\/product_cat?post=9461011"},{"taxonomy":"product_tag","embeddable":true,"href":"https:\/\/tpohotelariaecasa.pt\/index.php\/wp-json\/wp\/v2\/product_tag?post=9461011"}],"curies":[{"name":"wp","href":"https:\/\/api.w.org\/{rel}","templated":true}]}}