{"id":9461013,"date":"2024-05-29T17:14:53","date_gmt":"2024-05-29T17:14:53","guid":{"rendered":"https:\/\/tpohotelariaecasa.pt\/index.php\/product\/maquina-de-enchimento-de-salsichas-3-l-horizontal-incl-4-tubos-de-enchimento\/"},"modified":"2025-04-03T09:09:45","modified_gmt":"2025-04-03T09:09:45","slug":"maquina-de-enchimento-de-salsichas-3-l-horizontal-incl-4-tubos-de-enchimento","status":"publish","type":"product","link":"https:\/\/tpohotelariaecasa.pt\/index.php\/product\/maquina-de-enchimento-de-salsichas-3-l-horizontal-incl-4-tubos-de-enchimento\/","title":{"rendered":"M\u00e1quina de Enchimento de Salsichas &#8211; 3 l &#8211; Horizontal &#8211; incl. 4 Tubos de Enchimento"},"content":{"rendered":"<ul>\n<li>Caixa e placa base em a\u00e7o inoxid\u00e1vel<\/li>\n<li>Cilindro, eixo e chapa de prensagem em a\u00e7o inoxid\u00e1vel<\/li>\n<li>Anel de parafuso e tubos de enchimento em a\u00e7o inoxid\u00e1vel<\/li>\n<li>Porcas, parafusos e porcas de a\u00e7o inoxid\u00e1vel<\/li>\n<li>Placa de prensagem com orif\u00edcio para desabafar<\/li>\n<li>Placa de prensagem perfeitamente selada com selo<\/li>\n<li>A sec\u00e7\u00e3o de sa\u00edda pode ser removida de uma s\u00f3 vez<\/li>\n<li>2 velocidades para uma dosagem perfeita<\/li>\n<li>Fica em quatro p\u00e9s de borracha<\/li>\n<li>F\u00e1cil de limpar<\/li>\n<li>Peso l\u00edquido: 11kg<\/li>\n<li>Capacidade de enchimento: 3L<\/li>\n<li>Dimens\u00f5es dos cilindros: \u00d814 x 20cm<\/li>\n<li>Dimens\u00f5es do dispositivo: L57 x D30 x H34cm<\/li>\n<li>Di\u00e2metro do cilindro de sa\u00edda: \u00d85cm<\/li>\n<li>Quatro tubos de enchimento em a\u00e7o inoxid\u00e1vel de \u00d816mm, \u00d822mm, \u00d832mm e \u00d838mm<\/li>\n<\/ul>\n","protected":false},"excerpt":{"rendered":"<p>Este enchido robusto e profissional tem uma capacidade de enchimento de 3 litros e est\u00e1 equipado com quatro tubos de enchimento em a\u00e7o inoxid\u00e1vel de diferentes tamanhos. O enchimento do enchido funciona a duas velocidades e \u00e9 adequado para utiliza\u00e7\u00e3o em qualquer talho ou cozinha. consulte Mais informa\u00e7\u00e3o<\/p>\n","protected":false},"featured_media":9461012,"comment_status":"open","ping_status":"closed","template":"","meta":[],"product_cat":[127],"product_tag":[],"class_list":["post-9461013","product","type-product","status-publish","has-post-thumbnail","hentry","product_cat-recheador-de-salsichas","product_shipping_class-pph"],"_links":{"self":[{"href":"https:\/\/tpohotelariaecasa.pt\/index.php\/wp-json\/wp\/v2\/product\/9461013"}],"collection":[{"href":"https:\/\/tpohotelariaecasa.pt\/index.php\/wp-json\/wp\/v2\/product"}],"about":[{"href":"https:\/\/tpohotelariaecasa.pt\/index.php\/wp-json\/wp\/v2\/types\/product"}],"replies":[{"embeddable":true,"href":"https:\/\/tpohotelariaecasa.pt\/index.php\/wp-json\/wp\/v2\/comments?post=9461013"}],"wp:featuredmedia":[{"embeddable":true,"href":"https:\/\/tpohotelariaecasa.pt\/index.php\/wp-json\/wp\/v2\/media\/9461012"}],"wp:attachment":[{"href":"https:\/\/tpohotelariaecasa.pt\/index.php\/wp-json\/wp\/v2\/media?parent=9461013"}],"wp:term":[{"taxonomy":"product_cat","embeddable":true,"href":"https:\/\/tpohotelariaecasa.pt\/index.php\/wp-json\/wp\/v2\/product_cat?post=9461013"},{"taxonomy":"product_tag","embeddable":true,"href":"https:\/\/tpohotelariaecasa.pt\/index.php\/wp-json\/wp\/v2\/product_tag?post=9461013"}],"curies":[{"name":"wp","href":"https:\/\/api.w.org\/{rel}","templated":true}]}}