{"id":9461017,"date":"2024-05-29T17:14:55","date_gmt":"2024-05-29T17:14:55","guid":{"rendered":"https:\/\/tpohotelariaecasa.pt\/index.php\/product\/maquina-de-enchimento-de-salsichas-7-l-horizontal-incl-4-tubos-de-enchimento\/"},"modified":"2025-04-03T09:09:45","modified_gmt":"2025-04-03T09:09:45","slug":"maquina-de-enchimento-de-salsichas-7-l-horizontal-incl-4-tubos-de-enchimento","status":"publish","type":"product","link":"https:\/\/tpohotelariaecasa.pt\/index.php\/product\/maquina-de-enchimento-de-salsichas-7-l-horizontal-incl-4-tubos-de-enchimento\/","title":{"rendered":"M\u00e1quina de Enchimento de Salsichas &#8211; 7 l &#8211; Horizontal &#8211; incl. 4 Tubos de Enchimento"},"content":{"rendered":"<ul>\n<li>Caixa e placa base em a\u00e7o inoxid\u00e1vel<\/li>\n<li>Cilindro, eixo e chapa de prensagem em a\u00e7o inoxid\u00e1vel<\/li>\n<li>Anel de parafuso e tubos de enchimento em a\u00e7o inoxid\u00e1vel<\/li>\n<li>Porcas, parafusos e porcas de a\u00e7o inoxid\u00e1vel<\/li>\n<li>Placa de prensagem com orif\u00edcio para desabafar<\/li>\n<li>Placa de prensagem perfeitamente selada com selo<\/li>\n<li>A sec\u00e7\u00e3o de sa\u00edda pode ser removida de uma s\u00f3 vez<\/li>\n<li>2 velocidades para uma dosagem perfeita<\/li>\n<li>Fica em quatro p\u00e9s de borracha<\/li>\n<li>F\u00e1cil de limpar<\/li>\n<li>Peso l\u00edquido: 13kg<\/li>\n<li>Capacidade de enchimento: 7L<\/li>\n<li>Dimens\u00f5es dos cilindros: \u00d814 x 46cm<\/li>\n<li>Dimens\u00f5es do dispositivo: L83 x D30 x H34cm<\/li>\n<li>Di\u00e2metro do cilindro de sa\u00edda: \u00d85mm<\/li>\n<li>Quatro tubos de enchimento em a\u00e7o inoxid\u00e1vel de \u00d816mm, \u00d822mm, \u00d832mm e \u00d838mm<\/li>\n<\/ul>\n","protected":false},"excerpt":{"rendered":"<p>Um enchido profissional \u00e9 indispens\u00e1vel no talho ou na cozinha profissional. Com este robusto recheio de salsichas com uma capacidade de enchimento de 7 litros, \u00e9 poss\u00edvel fazer um grande n\u00famero de salsichas num curto espa\u00e7o de tempo. consulte Mais informa\u00e7\u00e3o<\/p>\n","protected":false},"featured_media":9461016,"comment_status":"open","ping_status":"closed","template":"","meta":[],"product_cat":[127],"product_tag":[],"class_list":["post-9461017","product","type-product","status-publish","has-post-thumbnail","hentry","product_cat-recheador-de-salsichas","product_shipping_class-pph"],"_links":{"self":[{"href":"https:\/\/tpohotelariaecasa.pt\/index.php\/wp-json\/wp\/v2\/product\/9461017"}],"collection":[{"href":"https:\/\/tpohotelariaecasa.pt\/index.php\/wp-json\/wp\/v2\/product"}],"about":[{"href":"https:\/\/tpohotelariaecasa.pt\/index.php\/wp-json\/wp\/v2\/types\/product"}],"replies":[{"embeddable":true,"href":"https:\/\/tpohotelariaecasa.pt\/index.php\/wp-json\/wp\/v2\/comments?post=9461017"}],"wp:featuredmedia":[{"embeddable":true,"href":"https:\/\/tpohotelariaecasa.pt\/index.php\/wp-json\/wp\/v2\/media\/9461016"}],"wp:attachment":[{"href":"https:\/\/tpohotelariaecasa.pt\/index.php\/wp-json\/wp\/v2\/media?parent=9461017"}],"wp:term":[{"taxonomy":"product_cat","embeddable":true,"href":"https:\/\/tpohotelariaecasa.pt\/index.php\/wp-json\/wp\/v2\/product_cat?post=9461017"},{"taxonomy":"product_tag","embeddable":true,"href":"https:\/\/tpohotelariaecasa.pt\/index.php\/wp-json\/wp\/v2\/product_tag?post=9461017"}],"curies":[{"name":"wp","href":"https:\/\/api.w.org\/{rel}","templated":true}]}}