{"id":9461023,"date":"2024-05-29T17:14:59","date_gmt":"2024-05-29T17:14:59","guid":{"rendered":"https:\/\/tpohotelariaecasa.pt\/index.php\/product\/maquina-de-enchimento-de-salsichas-25-l-automatica-vertical-incl-4-tubos-de-enchimento\/"},"modified":"2025-04-03T09:09:56","modified_gmt":"2025-04-03T09:09:56","slug":"maquina-de-enchimento-de-salsichas-25-l-automatica-vertical-incl-4-tubos-de-enchimento","status":"publish","type":"product","link":"https:\/\/tpohotelariaecasa.pt\/index.php\/product\/maquina-de-enchimento-de-salsichas-25-l-automatica-vertical-incl-4-tubos-de-enchimento\/","title":{"rendered":"M\u00e1quina de Enchimento de Salsichas &#8211; 25 l &#8211; Autom\u00e1tica &#8211; Vertical &#8211; incl. 4 Tubos de Enchimento"},"content":{"rendered":"<ul>\n<li>Caixa e placa base em a\u00e7o inoxid\u00e1vel<\/li>\n<li>Cilindro, eixo e chapa de prensagem em a\u00e7o inoxid\u00e1vel<\/li>\n<li>Anel de parafuso e tubos de enchimento em a\u00e7o inoxid\u00e1vel<\/li>\n<li>Porcas, parafusos e porcas de a\u00e7o inoxid\u00e1vel<\/li>\n<li>Placa de prensagem com orif\u00edcio para desabafar<\/li>\n<li>Placa de prensagem perfeitamente selada com selo<\/li>\n<li>A sec\u00e7\u00e3o de sa\u00edda pode ser removida de uma s\u00f3 vez<\/li>\n<li>10 velocidades para uma dosagem perfeita<\/li>\n<li>F\u00e1cil de limpar<\/li>\n<li>Peso l\u00edquido: 45kg<\/li>\n<li>Capacidade de enchimento: 25L<\/li>\n<li>Dimens\u00f5es dos cilindros: \u00d827,5 x 50cm<\/li>\n<li>Dispositivo de dimens\u00f5es: L43 x D33 x H91cm<\/li>\n<li>Di\u00e2metro do cilindro de sa\u00edda: \u00d85mm<\/li>\n<li>Quatro tubos de enchimento em a\u00e7o inoxid\u00e1vel de \u00d816mm, \u00d822mm, \u00d832mm e \u00d838mm<\/li>\n<li>230V \/ 50Hz \/ 1Fase 120W<\/li>\n<\/ul>\n","protected":false},"excerpt":{"rendered":"<p>Este enchido profissional preenche automaticamente um grande n\u00famero de enchidos gra\u00e7as \u00e0 sua capacidade de enchimento de 25 litros. Pode escolher entre 10 velocidades diferentes para o produto perfeito. consulte Mais informa\u00e7\u00e3o<\/p>\n","protected":false},"featured_media":9461022,"comment_status":"open","ping_status":"closed","template":"","meta":[],"product_cat":[127],"product_tag":[],"class_list":["post-9461023","product","type-product","status-publish","has-post-thumbnail","hentry","product_cat-recheador-de-salsichas","product_shipping_class-gph"],"_links":{"self":[{"href":"https:\/\/tpohotelariaecasa.pt\/index.php\/wp-json\/wp\/v2\/product\/9461023"}],"collection":[{"href":"https:\/\/tpohotelariaecasa.pt\/index.php\/wp-json\/wp\/v2\/product"}],"about":[{"href":"https:\/\/tpohotelariaecasa.pt\/index.php\/wp-json\/wp\/v2\/types\/product"}],"replies":[{"embeddable":true,"href":"https:\/\/tpohotelariaecasa.pt\/index.php\/wp-json\/wp\/v2\/comments?post=9461023"}],"wp:featuredmedia":[{"embeddable":true,"href":"https:\/\/tpohotelariaecasa.pt\/index.php\/wp-json\/wp\/v2\/media\/9461022"}],"wp:attachment":[{"href":"https:\/\/tpohotelariaecasa.pt\/index.php\/wp-json\/wp\/v2\/media?parent=9461023"}],"wp:term":[{"taxonomy":"product_cat","embeddable":true,"href":"https:\/\/tpohotelariaecasa.pt\/index.php\/wp-json\/wp\/v2\/product_cat?post=9461023"},{"taxonomy":"product_tag","embeddable":true,"href":"https:\/\/tpohotelariaecasa.pt\/index.php\/wp-json\/wp\/v2\/product_tag?post=9461023"}],"curies":[{"name":"wp","href":"https:\/\/api.w.org\/{rel}","templated":true}]}}