{"id":9461033,"date":"2024-05-29T17:15:05","date_gmt":"2024-05-29T17:15:05","guid":{"rendered":"https:\/\/tpohotelariaecasa.pt\/index.php\/product\/maquina-de-gelo-60-kg-dia-cubos-em-bala-refrigeracao-a-ar\/"},"modified":"2025-04-03T09:09:55","modified_gmt":"2025-04-03T09:09:55","slug":"maquina-de-gelo-60-kg-dia-cubos-em-bala-refrigeracao-a-ar","status":"publish","type":"product","link":"https:\/\/tpohotelariaecasa.pt\/index.php\/product\/maquina-de-gelo-60-kg-dia-cubos-em-bala-refrigeracao-a-ar\/","title":{"rendered":"M\u00e1quina de Gelo &#8211; 60 kg\/dia &#8211; Cubos em Bala &#8211; Refrigera\u00e7\u00e3o a Ar"},"content":{"rendered":"<p><strong>Caracter\u00edsticas<\/strong><\/p>\n<ul>\n<li>M\u00e1quina de gelo refrigerada a ar<\/li>\n<li>Inclui uma v\u00e1lvula de \u00e1gua<\/li>\n<li>Produz cubos de gelo com balas<\/li>\n<li>Painel de controlo de f\u00e1cil utiliza\u00e7\u00e3o<\/li>\n<li>Luzes indicadoras de n\u00edvel de armazenamento completo e de n\u00edvel de \u00e1gua baixo<\/li>\n<\/ul>\n<p><strong>Especifica\u00e7\u00f5es do produto<\/strong><\/p>\n<ul>\n<li>Peso l\u00edquido: 33 kg<\/li>\n<li>Capacidade de produ\u00e7\u00e3o: 60 kg em 24 horas<\/li>\n<li>Capacidade de armazenamento: 13 kg<\/li>\n<li>Dimens\u00f5es dos cubos de gelo: aprox. \u00d82-3 x H3-4cm<\/li>\n<li>Dimens\u00f5es: L40 x P51 x<\/li>\n<li>Refrigerante: R290<\/li>\n<li>230V \/50Hz \/ 1 Fase 400W<\/li>\n<\/ul>\n","protected":false},"excerpt":{"rendered":"<p>Esta m\u00e1quina de fazer gelo \u00e9 uma pe\u00e7a profissional e robusta de equipamento profissional. Com ela, pode obter at\u00e9 60 kg de cubos de gelo a cada 24 horas, para que saiba que ter\u00e1 sempre gelo suficiente \u00e0 m\u00e3o quando necess\u00e1rio. Este modelo maior \u00e9 ideal para ser instalado debaixo do bar ou do balc\u00e3o. consulte Mais informa\u00e7\u00e3o<\/p>\n","protected":false},"featured_media":9461032,"comment_status":"open","ping_status":"closed","template":"","meta":[],"product_cat":[792,68],"product_tag":[],"class_list":["post-9461033","product","type-product","status-publish","has-post-thumbnail","hentry","product_cat-mais-vendidos","product_cat-mquinas-de-gelo","product_shipping_class-gph"],"_links":{"self":[{"href":"https:\/\/tpohotelariaecasa.pt\/index.php\/wp-json\/wp\/v2\/product\/9461033"}],"collection":[{"href":"https:\/\/tpohotelariaecasa.pt\/index.php\/wp-json\/wp\/v2\/product"}],"about":[{"href":"https:\/\/tpohotelariaecasa.pt\/index.php\/wp-json\/wp\/v2\/types\/product"}],"replies":[{"embeddable":true,"href":"https:\/\/tpohotelariaecasa.pt\/index.php\/wp-json\/wp\/v2\/comments?post=9461033"}],"wp:featuredmedia":[{"embeddable":true,"href":"https:\/\/tpohotelariaecasa.pt\/index.php\/wp-json\/wp\/v2\/media\/9461032"}],"wp:attachment":[{"href":"https:\/\/tpohotelariaecasa.pt\/index.php\/wp-json\/wp\/v2\/media?parent=9461033"}],"wp:term":[{"taxonomy":"product_cat","embeddable":true,"href":"https:\/\/tpohotelariaecasa.pt\/index.php\/wp-json\/wp\/v2\/product_cat?post=9461033"},{"taxonomy":"product_tag","embeddable":true,"href":"https:\/\/tpohotelariaecasa.pt\/index.php\/wp-json\/wp\/v2\/product_tag?post=9461033"}],"curies":[{"name":"wp","href":"https:\/\/api.w.org\/{rel}","templated":true}]}}