{"id":9461035,"date":"2024-05-29T17:15:06","date_gmt":"2024-05-29T17:15:06","guid":{"rendered":"https:\/\/tpohotelariaecasa.pt\/index.php\/product\/espremedor-de-laranja-32-l-h-125-cm-de-altura-de-vidro-eletrico\/"},"modified":"2025-04-03T09:09:52","modified_gmt":"2025-04-03T09:09:52","slug":"espremedor-de-laranja-32-l-h-125-cm-de-altura-de-vidro-eletrico","status":"publish","type":"product","link":"https:\/\/tpohotelariaecasa.pt\/index.php\/product\/espremedor-de-laranja-32-l-h-125-cm-de-altura-de-vidro-eletrico\/","title":{"rendered":"Espremedor de Laranja &#8211; 32 l\/h &#8211; 12,5 cm de Altura de Vidro &#8211; El\u00e9trico"},"content":{"rendered":"<ul>\n<li>Adequado para uso profissional<\/li>\n<li>Desenho de alum\u00ednio de luxo com topo em ABS preto<\/li>\n<li>Colector de sumo robusto de ABS com bico<\/li>\n<li>Altura m\u00e1xima garrafa \/ vidro 12,5 cm<\/li>\n<li>Filtro amov\u00edvel para sementes e res\u00edduos<\/li>\n<li>Equipado com um pr\u00e1tico recipiente de gotejamento<\/li>\n<li>Eixo de transmiss\u00e3o em a\u00e7o inoxid\u00e1vel robusto<\/li>\n<li>M\u00e1quina anti-corros\u00e3o e resistente a riscos<\/li>\n<li>Motor forte e silencioso de 1\/4 CV<\/li>\n<li>Protec\u00e7\u00e3o t\u00e9rmica<\/li>\n<li>Bot\u00f5es resistentes \u00e0 \u00e1gua<\/li>\n<li>Padr\u00e3o com 3 cones de imprensa<\/li>\n<li>Perfeito para lima, laranja e toranja<\/li>\n<li>Constru\u00e7\u00e3o simples e robusta<\/li>\n<li>Filtro facilmente remov\u00edvel e colector de sumo<\/li>\n<li>As pe\u00e7as s\u00e3o lav\u00e1veis na m\u00e1quina de lavar lou\u00e7a<\/li>\n<li>F\u00e1cil de limpar<\/li>\n<li>Peso l\u00edquido: 5kg<\/li>\n<li>Capacidade: 32L\/h<\/li>\n<li>Velocidade de rota\u00e7\u00e3o: 1800RPM<\/li>\n<li>Dimens\u00f5es: B22 x D31 x H36cm<\/li>\n<li>230V\/50Hz\/1Fase 180W<\/li>\n<\/ul>\n","protected":false},"excerpt":{"rendered":"<p>Este espremedor el\u00e9ctrico profissional produz 32 litros de sumo fresco de laranja, lima ou toranja por hora. Tem um filtro remov\u00edvel para remover convenientemente restos de polpa e sementes. consulte Mais informa\u00e7\u00e3o<\/p>\n","protected":false},"featured_media":9461034,"comment_status":"open","ping_status":"closed","template":"","meta":[],"product_cat":[65],"product_tag":[],"class_list":["post-9461035","product","type-product","status-publish","has-post-thumbnail","hentry","product_cat-espremedor-de-sumo","product_shipping_class-pph"],"_links":{"self":[{"href":"https:\/\/tpohotelariaecasa.pt\/index.php\/wp-json\/wp\/v2\/product\/9461035"}],"collection":[{"href":"https:\/\/tpohotelariaecasa.pt\/index.php\/wp-json\/wp\/v2\/product"}],"about":[{"href":"https:\/\/tpohotelariaecasa.pt\/index.php\/wp-json\/wp\/v2\/types\/product"}],"replies":[{"embeddable":true,"href":"https:\/\/tpohotelariaecasa.pt\/index.php\/wp-json\/wp\/v2\/comments?post=9461035"}],"wp:featuredmedia":[{"embeddable":true,"href":"https:\/\/tpohotelariaecasa.pt\/index.php\/wp-json\/wp\/v2\/media\/9461034"}],"wp:attachment":[{"href":"https:\/\/tpohotelariaecasa.pt\/index.php\/wp-json\/wp\/v2\/media?parent=9461035"}],"wp:term":[{"taxonomy":"product_cat","embeddable":true,"href":"https:\/\/tpohotelariaecasa.pt\/index.php\/wp-json\/wp\/v2\/product_cat?post=9461035"},{"taxonomy":"product_tag","embeddable":true,"href":"https:\/\/tpohotelariaecasa.pt\/index.php\/wp-json\/wp\/v2\/product_tag?post=9461035"}],"curies":[{"name":"wp","href":"https:\/\/api.w.org\/{rel}","templated":true}]}}