{"id":9461041,"date":"2024-05-29T17:15:10","date_gmt":"2024-05-29T17:15:10","guid":{"rendered":"https:\/\/tpohotelariaecasa.pt\/index.php\/product\/geladeira-de-preparacao-de-bancada-95-cm-adapta-se-3-x-gn-1-3\/"},"modified":"2025-04-03T09:09:54","modified_gmt":"2025-04-03T09:09:54","slug":"geladeira-de-preparacao-de-bancada-95-cm-adapta-se-3-x-gn-1-3","status":"publish","type":"product","link":"https:\/\/tpohotelariaecasa.pt\/index.php\/product\/geladeira-de-preparacao-de-bancada-95-cm-adapta-se-3-x-gn-1-3\/","title":{"rendered":"Geladeira de Prepara\u00e7\u00e3o de Bancada &#8211; 95 cm &#8211; Adapta-se 3 x GN 1\/3"},"content":{"rendered":"<ul>\n<li>Expositor de luxo refrigerado com vidro rectangular<\/li>\n<li>Caixa e suportes em a\u00e7o inoxid\u00e1vel<\/li>\n<li>Capacidade 3 x 1\/3 GN<\/li>\n<li>Caixas e tampas exclusivas padr\u00e3o<\/li>\n<li>Fornecido com 2 barras transversais<\/li>\n<li>Equipado com p\u00e9s ajust\u00e1veis<\/li>\n<li>Controlo digital da temperatura (DIXELL)<\/li>\n<li>Arrefecimento est\u00e1tico<\/li>\n<li>Evaporador de espuma<\/li>\n<li>Refrigerante R600a \/ sem CFC<\/li>\n<li>Temperatura 0 \u00b0 a + 10 \u00b0 Celsius<\/li>\n<li>Temperatura ambiente m\u00e1xima 32<\/li>\n<li>Isolamento de protec\u00e7\u00e3o compacto de 50 mm<\/li>\n<li>Ciclo de arrefecimento \u00fanico para reduzir a forma\u00e7\u00e3o de gelo<\/li>\n<li>Sistema Anti-Condensa\u00e7\u00e3o<\/li>\n<li>Peso l\u00edquido: 35kg<\/li>\n<li>Dimens\u00f5es: W95,5 x D39,5 x H43,5cm<\/li>\n<li>Pot\u00eancia: 230V \/ 50Hz \/ 1Fase 200W<\/li>\n<\/ul>\n","protected":false},"excerpt":{"rendered":"<p>Este frigor\u00edfico de bancada montada \u00e0 superf\u00edcie com uma tampa de vidro tem 95 cm de largura e oferece espa\u00e7o para tr\u00eas recipientes Gastronorm 1\/3. Os ingredientes permanecem frescos e arrefecidos gra\u00e7as ao controlador digital de temperatura. consulte Mais informa\u00e7\u00e3o<\/p>\n","protected":false},"featured_media":9461040,"comment_status":"open","ping_status":"closed","template":"","meta":[],"product_cat":[81,138],"product_tag":[],"class_list":["post-9461041","product","type-product","status-publish","has-post-thumbnail","hentry","product_cat-vitrine-refrigerada","product_cat-frio-industrial","product_shipping_class-gph"],"_links":{"self":[{"href":"https:\/\/tpohotelariaecasa.pt\/index.php\/wp-json\/wp\/v2\/product\/9461041"}],"collection":[{"href":"https:\/\/tpohotelariaecasa.pt\/index.php\/wp-json\/wp\/v2\/product"}],"about":[{"href":"https:\/\/tpohotelariaecasa.pt\/index.php\/wp-json\/wp\/v2\/types\/product"}],"replies":[{"embeddable":true,"href":"https:\/\/tpohotelariaecasa.pt\/index.php\/wp-json\/wp\/v2\/comments?post=9461041"}],"wp:featuredmedia":[{"embeddable":true,"href":"https:\/\/tpohotelariaecasa.pt\/index.php\/wp-json\/wp\/v2\/media\/9461040"}],"wp:attachment":[{"href":"https:\/\/tpohotelariaecasa.pt\/index.php\/wp-json\/wp\/v2\/media?parent=9461041"}],"wp:term":[{"taxonomy":"product_cat","embeddable":true,"href":"https:\/\/tpohotelariaecasa.pt\/index.php\/wp-json\/wp\/v2\/product_cat?post=9461041"},{"taxonomy":"product_tag","embeddable":true,"href":"https:\/\/tpohotelariaecasa.pt\/index.php\/wp-json\/wp\/v2\/product_tag?post=9461041"}],"curies":[{"name":"wp","href":"https:\/\/api.w.org\/{rel}","templated":true}]}}