{"id":9461045,"date":"2024-05-29T17:15:12","date_gmt":"2024-05-29T17:15:12","guid":{"rendered":"https:\/\/tpohotelariaecasa.pt\/index.php\/product\/misturador-de-carne-20-l-16-kg-de-carne-eixo-unico-manual\/"},"modified":"2025-04-03T09:09:51","modified_gmt":"2025-04-03T09:09:51","slug":"misturador-de-carne-20-l-16-kg-de-carne-eixo-unico-manual","status":"publish","type":"product","link":"https:\/\/tpohotelariaecasa.pt\/index.php\/product\/misturador-de-carne-20-l-16-kg-de-carne-eixo-unico-manual\/","title":{"rendered":"Misturador de Carne &#8211; 20 l &#8211; 16 kg de Carne &#8211; Eixo Unico &#8211; Manual"},"content":{"rendered":"<ul>\n<li>Caixa de a\u00e7o inoxid\u00e1vel, asa de mistura e tampa<\/li>\n<li>Punho de tor\u00e7\u00e3o dur\u00e1vel e pr\u00e1tico<\/li>\n<li>Asa e cabo mistur\u00e1veis s\u00e3o f\u00e1ceis de remover<\/li>\n<li>O misturador pode virar-se em duas direc\u00e7\u00f5es<\/li>\n<li>Equipado com rolamentos de esferas com selo<\/li>\n<li>Fica em 4 p\u00e9s de borracha<\/li>\n<li>Funciona suavemente e mistura-se perfeitamente<\/li>\n<li>Ideal para misturar carne com ervas arom\u00e1ticas<\/li>\n<li>F\u00e1cil de limpar<\/li>\n<\/ul>\n<p><strong>Especifica\u00e7\u00f5es do produto<\/strong><\/p>\n<ul>\n<li>Peso l\u00edquido: 8kg<\/li>\n<li>Dimens\u00f5es: B24 x D37 x H39cm<\/li>\n<li>Capacidade: m\u00e1ximo 16kg de cada vez<\/li>\n<li>Capacidade: m\u00e1ximo 20L<\/li>\n<\/ul>\n","protected":false},"excerpt":{"rendered":"<p>Este potente misturador manual de carne \u00e9 a forma perfeita de criar os mais saborosos recheios de carne ou peixe de forma r\u00e1pida e f\u00e1cil. Pode misturar at\u00e9 16 kg de carne no reservat\u00f3rio de 20 litros. consulte Mais informa\u00e7\u00e3o<\/p>\n","protected":false},"featured_media":9461044,"comment_status":"open","ping_status":"closed","template":"","meta":[],"product_cat":[123],"product_tag":[],"class_list":["post-9461045","product","type-product","status-publish","has-post-thumbnail","hentry","product_cat-misturador-de-carne","product_shipping_class-pph"],"_links":{"self":[{"href":"https:\/\/tpohotelariaecasa.pt\/index.php\/wp-json\/wp\/v2\/product\/9461045"}],"collection":[{"href":"https:\/\/tpohotelariaecasa.pt\/index.php\/wp-json\/wp\/v2\/product"}],"about":[{"href":"https:\/\/tpohotelariaecasa.pt\/index.php\/wp-json\/wp\/v2\/types\/product"}],"replies":[{"embeddable":true,"href":"https:\/\/tpohotelariaecasa.pt\/index.php\/wp-json\/wp\/v2\/comments?post=9461045"}],"wp:featuredmedia":[{"embeddable":true,"href":"https:\/\/tpohotelariaecasa.pt\/index.php\/wp-json\/wp\/v2\/media\/9461044"}],"wp:attachment":[{"href":"https:\/\/tpohotelariaecasa.pt\/index.php\/wp-json\/wp\/v2\/media?parent=9461045"}],"wp:term":[{"taxonomy":"product_cat","embeddable":true,"href":"https:\/\/tpohotelariaecasa.pt\/index.php\/wp-json\/wp\/v2\/product_cat?post=9461045"},{"taxonomy":"product_tag","embeddable":true,"href":"https:\/\/tpohotelariaecasa.pt\/index.php\/wp-json\/wp\/v2\/product_tag?post=9461045"}],"curies":[{"name":"wp","href":"https:\/\/api.w.org\/{rel}","templated":true}]}}