{"id":9461049,"date":"2024-05-29T17:15:17","date_gmt":"2024-05-29T17:15:17","guid":{"rendered":"https:\/\/tpohotelariaecasa.pt\/index.php\/product\/maquina-de-gofres-2-pecas-belga\/"},"modified":"2025-04-03T09:09:50","modified_gmt":"2025-04-03T09:09:50","slug":"maquina-de-gofres-2-pecas-belga","status":"publish","type":"product","link":"https:\/\/tpohotelariaecasa.pt\/index.php\/product\/maquina-de-gofres-2-pecas-belga\/","title":{"rendered":"M\u00e1quina de Gofres &#8211; 2 Pe\u00e7as &#8211; Belga"},"content":{"rendered":"<ul>\n<li>M\u00e1quina de waffles para catering de elevado desempenho<\/li>\n<li>Dispon\u00edvel em modelo simples e duplo<\/li>\n<li>A forma cl\u00e1ssica \u00e9 ideal para waffles belgas<\/li>\n<li>Dispon\u00edvel com forma de cora\u00e7\u00e3o ou padr\u00e3o de waffle cl\u00e1ssico<\/li>\n<li>Controlo termost\u00e1tico da temperatura de 50 &#8211; 300\u00b0C<\/li>\n<li>Tabuleiro de cozedura em alum\u00ednio com revestimento antiaderente<\/li>\n<li>Basta cozer 2 waffles de cada vez<\/li>\n<li>Caixa em a\u00e7o inoxid\u00e1vel<\/li>\n<li>Superf\u00edcie f\u00e1cil de limpar<\/li>\n<li>Peso l\u00edquido: 10 kg<\/li>\n<li>Tamanho do tabuleiro: B21,4 x D16,4cm<\/li>\n<li>Tamanho do waffle: B10 x D16,4 x H2,5cm<\/li>\n<li>Dimens\u00f5es da m\u00e1quina: B30 x D38 x H27cm<\/li>\n<li>230V\/50Hz\/1Phase 1500W<\/li>\n<\/ul>\n","protected":false},"excerpt":{"rendered":"<p>Este cl\u00e1ssico ferro para waffles simples \u00e9 perfeito para fazer deliciosos waffles belgas. Pode utilizar a m\u00e1quina de waffles na sua cozinha sempre que precisar, porque o potente elemento de aquecimento aquece a placa muito rapidamente. consulte Mais informa\u00e7\u00e3o<\/p>\n","protected":false},"featured_media":9461048,"comment_status":"open","ping_status":"closed","template":"","meta":[],"product_cat":[792,87],"product_tag":[],"class_list":["post-9461049","product","type-product","status-publish","has-post-thumbnail","hentry","product_cat-mais-vendidos","product_cat-mquina-de-waffles","product_shipping_class-pph"],"_links":{"self":[{"href":"https:\/\/tpohotelariaecasa.pt\/index.php\/wp-json\/wp\/v2\/product\/9461049"}],"collection":[{"href":"https:\/\/tpohotelariaecasa.pt\/index.php\/wp-json\/wp\/v2\/product"}],"about":[{"href":"https:\/\/tpohotelariaecasa.pt\/index.php\/wp-json\/wp\/v2\/types\/product"}],"replies":[{"embeddable":true,"href":"https:\/\/tpohotelariaecasa.pt\/index.php\/wp-json\/wp\/v2\/comments?post=9461049"}],"wp:featuredmedia":[{"embeddable":true,"href":"https:\/\/tpohotelariaecasa.pt\/index.php\/wp-json\/wp\/v2\/media\/9461048"}],"wp:attachment":[{"href":"https:\/\/tpohotelariaecasa.pt\/index.php\/wp-json\/wp\/v2\/media?parent=9461049"}],"wp:term":[{"taxonomy":"product_cat","embeddable":true,"href":"https:\/\/tpohotelariaecasa.pt\/index.php\/wp-json\/wp\/v2\/product_cat?post=9461049"},{"taxonomy":"product_tag","embeddable":true,"href":"https:\/\/tpohotelariaecasa.pt\/index.php\/wp-json\/wp\/v2\/product_tag?post=9461049"}],"curies":[{"name":"wp","href":"https:\/\/api.w.org\/{rel}","templated":true}]}}