{"id":9461055,"date":"2024-05-29T17:15:21","date_gmt":"2024-05-29T17:15:21","guid":{"rendered":"https:\/\/tpohotelariaecasa.pt\/index.php\/product\/mesa-para-maquina-de-lavar-loica-120-x-75-cm-esquerda-com-lava-loica-e-painel-traseiro-incl-prateleira-de-arrumacao\/"},"modified":"2025-04-03T09:09:54","modified_gmt":"2025-04-03T09:09:54","slug":"mesa-para-maquina-de-lavar-loica-120-x-75-cm-esquerda-com-lava-loica-e-painel-traseiro-incl-prateleira-de-arrumacao","status":"publish","type":"product","link":"https:\/\/tpohotelariaecasa.pt\/index.php\/product\/mesa-para-maquina-de-lavar-loica-120-x-75-cm-esquerda-com-lava-loica-e-painel-traseiro-incl-prateleira-de-arrumacao\/","title":{"rendered":"Mesa para M\u00e1quina de Lavar Loi\u00e7a &#8211; 120 x 75 cm &#8211; Esquerda &#8211; com Lava-Loi\u00e7a e Painel Traseiro &#8211; incl. Prateleira de Arruma\u00e7\u00e3o"},"content":{"rendered":"<ul>\n<li>Mesa de entrada em a\u00e7o inoxid\u00e1vel de alta qualidade<\/li>\n<li>Liga\u00e7\u00e3o f\u00e1cil com uma m\u00e1quina de lavar loi\u00e7a push-through<\/li>\n<li>Pr\u00e1tica defesa contra inunda\u00e7\u00f5es ao lado e atr\u00e1s<\/li>\n<li>Prateleira em a\u00e7o inoxid\u00e1vel para armazenamento de, por exemplo, cestos e detergente<\/li>\n<li>Afundar no meio da mesa de trabalho<\/li>\n<li>Dimens\u00f5es do lavat\u00f3rio: W500 x D400 x H250<\/li>\n<li>Dimens\u00f5es: W1200 x D750 x H850<\/li>\n<\/ul>\n","protected":false},"excerpt":{"rendered":"<p>Para fazer bom uso de uma m\u00e1quina de lavar loi\u00e7a numa cozinha profissional, esta mesa de lavagem de a\u00e7o inoxid\u00e1vel com entrada pode ser colocada no lado esquerdo da m\u00e1quina de lavar loi\u00e7a. \u00c9 ideal para deslizar os cestos, tornando o processo de lavagem da lou\u00e7a ainda mais eficiente. consulte Mais informa\u00e7\u00e3o<\/p>\n","protected":false},"featured_media":9461054,"comment_status":"open","ping_status":"closed","template":"","meta":[],"product_cat":[111,103],"product_tag":[],"class_list":["post-9461055","product","type-product","status-publish","has-post-thumbnail","hentry","product_cat-mquinas-de-lavar-loua","product_cat-bancada-de-trabalho","product_shipping_class-gph"],"_links":{"self":[{"href":"https:\/\/tpohotelariaecasa.pt\/index.php\/wp-json\/wp\/v2\/product\/9461055"}],"collection":[{"href":"https:\/\/tpohotelariaecasa.pt\/index.php\/wp-json\/wp\/v2\/product"}],"about":[{"href":"https:\/\/tpohotelariaecasa.pt\/index.php\/wp-json\/wp\/v2\/types\/product"}],"replies":[{"embeddable":true,"href":"https:\/\/tpohotelariaecasa.pt\/index.php\/wp-json\/wp\/v2\/comments?post=9461055"}],"wp:featuredmedia":[{"embeddable":true,"href":"https:\/\/tpohotelariaecasa.pt\/index.php\/wp-json\/wp\/v2\/media\/9461054"}],"wp:attachment":[{"href":"https:\/\/tpohotelariaecasa.pt\/index.php\/wp-json\/wp\/v2\/media?parent=9461055"}],"wp:term":[{"taxonomy":"product_cat","embeddable":true,"href":"https:\/\/tpohotelariaecasa.pt\/index.php\/wp-json\/wp\/v2\/product_cat?post=9461055"},{"taxonomy":"product_tag","embeddable":true,"href":"https:\/\/tpohotelariaecasa.pt\/index.php\/wp-json\/wp\/v2\/product_tag?post=9461055"}],"curies":[{"name":"wp","href":"https:\/\/api.w.org\/{rel}","templated":true}]}}