{"id":9461069,"date":"2024-05-29T17:15:29","date_gmt":"2024-05-29T17:15:29","guid":{"rendered":"https:\/\/tpohotelariaecasa.pt\/index.php\/product\/mesa-para-maquina-de-lavar-loica-120-x-75-cm-esquerda-com-painel-traseiro-e-prateleira-de-arrumacao\/"},"modified":"2025-04-03T09:09:54","modified_gmt":"2025-04-03T09:09:54","slug":"mesa-para-maquina-de-lavar-loica-120-x-75-cm-esquerda-com-painel-traseiro-e-prateleira-de-arrumacao","status":"publish","type":"product","link":"https:\/\/tpohotelariaecasa.pt\/index.php\/product\/mesa-para-maquina-de-lavar-loica-120-x-75-cm-esquerda-com-painel-traseiro-e-prateleira-de-arrumacao\/","title":{"rendered":"Mesa para M\u00e1quina de Lavar Loi\u00e7a &#8211; 120 x 75 cm &#8211; Esquerda &#8211; com Painel Traseiro e Prateleira de Arruma\u00e7\u00e3o"},"content":{"rendered":"<p><strong>Caracter\u00edsticas<\/strong><\/p>\n<ul>\n<li>Em todas as vers\u00f5es, encontrar\u00e1 as mesmas propriedades:<\/li>\n<li>pr\u00e1tico guarda-chuva nas costas e nos lados<\/li>\n<li>desenho robusto em a\u00e7o inoxid\u00e1vel<\/li>\n<li>prateleira para armazenamento, tais como cestos adicionais ou detergente<\/li>\n<li>liga\u00e7\u00e3o f\u00e1cil com uma passagem atrav\u00e9s da m\u00e1quina de lavar lou\u00e7a<\/li>\n<\/ul>\n<p><strong>Especifica\u00e7\u00f5es do produto<\/strong><\/p>\n<ul>\n<li>Dimens\u00f5es: W120 x D75 x H85cm<\/li>\n<\/ul>\n","protected":false},"excerpt":{"rendered":"<p>Esta mesa lavadora de lou\u00e7a com um retrocesso da Maxima \u00e9 feita inteiramente de a\u00e7o inoxid\u00e1vel e \u00e9 ideal para o uso profissional di\u00e1rio. \u00c9 tamb\u00e9m f\u00e1cil de combinar com uma passagem atrav\u00e9s da m\u00e1quina de lavar lou\u00e7a. consulte Mais informa\u00e7\u00e3o<\/p>\n","protected":false},"featured_media":9461068,"comment_status":"open","ping_status":"closed","template":"","meta":[],"product_cat":[111],"product_tag":[],"class_list":["post-9461069","product","type-product","status-publish","has-post-thumbnail","hentry","product_cat-mquinas-de-lavar-loua","product_shipping_class-gph"],"_links":{"self":[{"href":"https:\/\/tpohotelariaecasa.pt\/index.php\/wp-json\/wp\/v2\/product\/9461069"}],"collection":[{"href":"https:\/\/tpohotelariaecasa.pt\/index.php\/wp-json\/wp\/v2\/product"}],"about":[{"href":"https:\/\/tpohotelariaecasa.pt\/index.php\/wp-json\/wp\/v2\/types\/product"}],"replies":[{"embeddable":true,"href":"https:\/\/tpohotelariaecasa.pt\/index.php\/wp-json\/wp\/v2\/comments?post=9461069"}],"wp:featuredmedia":[{"embeddable":true,"href":"https:\/\/tpohotelariaecasa.pt\/index.php\/wp-json\/wp\/v2\/media\/9461068"}],"wp:attachment":[{"href":"https:\/\/tpohotelariaecasa.pt\/index.php\/wp-json\/wp\/v2\/media?parent=9461069"}],"wp:term":[{"taxonomy":"product_cat","embeddable":true,"href":"https:\/\/tpohotelariaecasa.pt\/index.php\/wp-json\/wp\/v2\/product_cat?post=9461069"},{"taxonomy":"product_tag","embeddable":true,"href":"https:\/\/tpohotelariaecasa.pt\/index.php\/wp-json\/wp\/v2\/product_tag?post=9461069"}],"curies":[{"name":"wp","href":"https:\/\/api.w.org\/{rel}","templated":true}]}}