{"id":9461079,"date":"2024-05-29T17:15:35","date_gmt":"2024-05-29T17:15:35","guid":{"rendered":"https:\/\/tpohotelariaecasa.pt\/index.php\/product\/forno-de-pizza-adapta-se-12-pizzas-de-o30-cm-duplo-tabuleiro\/"},"modified":"2025-04-03T09:09:54","modified_gmt":"2025-04-03T09:09:54","slug":"forno-de-pizza-adapta-se-12-pizzas-de-o30-cm-duplo-tabuleiro","status":"publish","type":"product","link":"https:\/\/tpohotelariaecasa.pt\/index.php\/product\/forno-de-pizza-adapta-se-12-pizzas-de-o30-cm-duplo-tabuleiro\/","title":{"rendered":"Forno de Pizza &#8211; Adapta-se 12 Pizzas de \u00d830 cm &#8211; Duplo Tabuleiro"},"content":{"rendered":"<p><strong>Caracter\u00edsticas<\/strong><\/p>\n<ul>\n<li>Frente em a\u00e7o inoxid\u00e1vel dur\u00e1vel com bot\u00f5es robustos<\/li>\n<li>Funcionamento anal\u00f3gico f\u00e1cil<\/li>\n<li>Vidros duplos t\u00e9rmicos<\/li>\n<li>Term\u00f3stato regul\u00e1vel entre 50 e 500\u00b0C<\/li>\n<li>Equipado com uma luz na c\u00e2mara<\/li>\n<li>C\u00e2mara com isolamento muito espesso<\/li>\n<\/ul>\n<p><strong>Caracter\u00edsticas do produto<\/strong><\/p>\n<ul>\n<li>Peso l\u00edquido: 195kg<\/li>\n<li>Dimens\u00f5es: L120 x P77 x H74cm<\/li>\n<li>Dimens\u00f5es da c\u00e2mara: L92 x P62 x A15cm x2<\/li>\n<li>Adequado para 12 pizzas de +\/-30cm<\/li>\n<li>400V\/50Hz\/3Phase 12000W<\/li>\n<\/ul>\n","protected":false},"excerpt":{"rendered":"<p>Coza 12 pizzas de 30 cm de forma r\u00e1pida e f\u00e1cil com este forno de pizza duplo de luxo. O modelo compacto e port\u00e1til est\u00e1 equipado com um term\u00f3stato que lhe permite ajustar facilmente a temperatura acima e abaixo. consulte Mais informa\u00e7\u00e3o<\/p>\n","protected":false},"featured_media":9461078,"comment_status":"open","ping_status":"closed","template":"","meta":[],"product_cat":[88,21],"product_tag":[],"class_list":["post-9461079","product","type-product","status-publish","has-post-thumbnail","hentry","product_cat-fornos","product_cat-restauracao","product_shipping_class-gph"],"_links":{"self":[{"href":"https:\/\/tpohotelariaecasa.pt\/index.php\/wp-json\/wp\/v2\/product\/9461079"}],"collection":[{"href":"https:\/\/tpohotelariaecasa.pt\/index.php\/wp-json\/wp\/v2\/product"}],"about":[{"href":"https:\/\/tpohotelariaecasa.pt\/index.php\/wp-json\/wp\/v2\/types\/product"}],"replies":[{"embeddable":true,"href":"https:\/\/tpohotelariaecasa.pt\/index.php\/wp-json\/wp\/v2\/comments?post=9461079"}],"wp:featuredmedia":[{"embeddable":true,"href":"https:\/\/tpohotelariaecasa.pt\/index.php\/wp-json\/wp\/v2\/media\/9461078"}],"wp:attachment":[{"href":"https:\/\/tpohotelariaecasa.pt\/index.php\/wp-json\/wp\/v2\/media?parent=9461079"}],"wp:term":[{"taxonomy":"product_cat","embeddable":true,"href":"https:\/\/tpohotelariaecasa.pt\/index.php\/wp-json\/wp\/v2\/product_cat?post=9461079"},{"taxonomy":"product_tag","embeddable":true,"href":"https:\/\/tpohotelariaecasa.pt\/index.php\/wp-json\/wp\/v2\/product_tag?post=9461079"}],"curies":[{"name":"wp","href":"https:\/\/api.w.org\/{rel}","templated":true}]}}