{"id":9461085,"date":"2024-05-29T17:15:38","date_gmt":"2024-05-29T17:15:38","guid":{"rendered":"https:\/\/tpohotelariaecasa.pt\/index.php\/product\/forno-de-pizza-para-1-pizza-de-o40-cm\/"},"modified":"2025-04-03T09:09:37","modified_gmt":"2025-04-03T09:09:37","slug":"forno-de-pizza-para-1-pizza-de-o40-cm","status":"publish","type":"product","link":"https:\/\/tpohotelariaecasa.pt\/index.php\/product\/forno-de-pizza-para-1-pizza-de-o40-cm\/","title":{"rendered":"Forno de Pizza &#8211; para 1 Pizza de \u00d840 cm"},"content":{"rendered":"<ul>\n<li>Caixa em a\u00e7o inoxid\u00e1vel, c\u00e2mara interior em metal<\/li>\n<li>Controlos anal\u00f3gicos de temperatura e luz<\/li>\n<li>Distribui\u00e7\u00e3o eficiente de calor<\/li>\n<li>Vidros duplos atermais<\/li>\n<li>Term\u00f3statos m\u00faltiplos: 0\u00b0C a 350\u00b0C<\/li>\n<li>As temperaturas superior e inferior da c\u00e2mara s\u00e3o ajust\u00e1veis<\/li>\n<li>Luz de c\u00e2mara instalada<\/li>\n<li>Peso l\u00edquido: 17kg<\/li>\n<li>Dimens\u00f5es: B58 x D58 x H27cm<\/li>\n<li>Dimens\u00f5es da c\u00e2mara interior: L41 x D41 x H11cm<\/li>\n<li>C\u00e2mara interior com placa de pedra de 40 x 40cm<\/li>\n<li>Adequado para pizza simples de 40cm ou quatro pizzas de 20cm<\/li>\n<li>230V\/50Hz\/1Fase 2000W<\/li>\n<\/ul>\n","protected":false},"excerpt":{"rendered":"<p>Este robusto e compacto forno de pizza com placas de pedra oferece v\u00e1rias possibilidades. Pode assar uma \u00fanica pizza de 40cm ou quatro pizzas de 20cm. Tamb\u00e9m \u00e9 adequado para assar p\u00e3o e tortas consulte Mais informa\u00e7\u00e3o<\/p>\n","protected":false},"featured_media":9461084,"comment_status":"open","ping_status":"closed","template":"","meta":[],"product_cat":[792,88,21],"product_tag":[],"class_list":["post-9461085","product","type-product","status-publish","has-post-thumbnail","hentry","product_cat-mais-vendidos","product_cat-fornos","product_cat-restauracao","product_shipping_class-pph"],"_links":{"self":[{"href":"https:\/\/tpohotelariaecasa.pt\/index.php\/wp-json\/wp\/v2\/product\/9461085"}],"collection":[{"href":"https:\/\/tpohotelariaecasa.pt\/index.php\/wp-json\/wp\/v2\/product"}],"about":[{"href":"https:\/\/tpohotelariaecasa.pt\/index.php\/wp-json\/wp\/v2\/types\/product"}],"replies":[{"embeddable":true,"href":"https:\/\/tpohotelariaecasa.pt\/index.php\/wp-json\/wp\/v2\/comments?post=9461085"}],"wp:featuredmedia":[{"embeddable":true,"href":"https:\/\/tpohotelariaecasa.pt\/index.php\/wp-json\/wp\/v2\/media\/9461084"}],"wp:attachment":[{"href":"https:\/\/tpohotelariaecasa.pt\/index.php\/wp-json\/wp\/v2\/media?parent=9461085"}],"wp:term":[{"taxonomy":"product_cat","embeddable":true,"href":"https:\/\/tpohotelariaecasa.pt\/index.php\/wp-json\/wp\/v2\/product_cat?post=9461085"},{"taxonomy":"product_tag","embeddable":true,"href":"https:\/\/tpohotelariaecasa.pt\/index.php\/wp-json\/wp\/v2\/product_tag?post=9461085"}],"curies":[{"name":"wp","href":"https:\/\/api.w.org\/{rel}","templated":true}]}}