{"id":9461089,"date":"2024-05-29T17:15:40","date_gmt":"2024-05-29T17:15:40","guid":{"rendered":"https:\/\/tpohotelariaecasa.pt\/index.php\/product\/grelhador-para-kebab-1-queimador-10-kg-de-carne-gas\/"},"modified":"2025-04-03T09:09:50","modified_gmt":"2025-04-03T09:09:50","slug":"grelhador-para-kebab-1-queimador-10-kg-de-carne-gas","status":"publish","type":"product","link":"https:\/\/tpohotelariaecasa.pt\/index.php\/product\/grelhador-para-kebab-1-queimador-10-kg-de-carne-gas\/","title":{"rendered":"Grelhador para Kebab &#8211; 1 Queimador &#8211; 10 kg de Carne &#8211; G\u00e1s"},"content":{"rendered":"<ul>\n<li>Grelhador profissional para Doner \/ Gyros \/ Kebab \/ Shawarma<\/li>\n<li>Equipado com 1 queimador a g\u00e1s com rede de protec\u00e7\u00e3o em a\u00e7o inoxid\u00e1vel (AISI 310)<\/li>\n<li>A temperatura pode ser definida individualmente para cada queimador<\/li>\n<li>Excluindo ecr\u00e3s de reflex\u00e3o em a\u00e7o inoxid\u00e1vel nas laterais<\/li>\n<li>Equipado com bandeja de gotejamento em a\u00e7o inoxid\u00e1vel<\/li>\n<li>Caixa, espeto e chapa de carne de a\u00e7o inoxid\u00e1vel<\/li>\n<li>O espeto de carne deve ser rodado manualmente<\/li>\n<li>O espeto grelhado \u00e9 ajust\u00e1vel para a prepara\u00e7\u00e3o perfeita<\/li>\n<li>O espeto pode rodar para a esquerda e para a direita<\/li>\n<li>Rota\u00e7\u00e3o manual do espeto<\/li>\n<li>F\u00e1cil de limpar<\/li>\n<\/ul>\n<p>&nbsp;<\/p>\n<ul>\n<li>Capacidade m\u00e1xima: 10 kg de carne<\/li>\n<li>Espetos de dimens\u00f5es: 12 x 12 mm<\/li>\n<li>Comprimento do espeto: 370 mm<\/li>\n<li>Di\u00e2metro da placa de carne: 260 mm<\/li>\n<li>Consumo de g\u00e1s: 0.262 m3\/h<\/li>\n<li>Peso l\u00edquido: 8,4 kg<\/li>\n<li>Dimens\u00f5es: W365 x D457 x H530 mm<\/li>\n<li>Pot\u00eancia: 3,32 kW<\/li>\n<\/ul>\n<p>&nbsp;<\/p>\n<ul>\n<li>De s\u00e9rie equipada com bicos para g\u00e1s natural (20 &#8211; 25 mbar)<\/li>\n<li>Bicos para GPL (propano \/ butano) fornecidos separadamente (30 &#8211; 50 mbar)<\/li>\n<li>A convers\u00e3o do g\u00e1s natural para GPL deve ser sempre feita por um profissional<\/li>\n<\/ul>\n","protected":false},"excerpt":{"rendered":"<p>Este pequeno modelo de churrasqueira doner kebab tem 1 queimador a g\u00e1s e \u00e9 adequado para fazer deliciosos doner, gyros, kebab ou shawarma. \u00c9 ideal para o uso di\u00e1rio na loja shawarma, bem como em cami\u00f5es de comida e restaurantes consulte Mais informa\u00e7\u00e3o<\/p>\n","protected":false},"featured_media":9461088,"comment_status":"open","ping_status":"closed","template":"","meta":[],"product_cat":[792,795,788,90],"product_tag":[],"class_list":["post-9461089","product","type-product","status-publish","has-post-thumbnail","hentry","product_cat-mais-vendidos","product_cat-grelhadores-cf","product_cat-equipcafebar","product_cat-grelhadores","product_shipping_class-pph"],"_links":{"self":[{"href":"https:\/\/tpohotelariaecasa.pt\/index.php\/wp-json\/wp\/v2\/product\/9461089"}],"collection":[{"href":"https:\/\/tpohotelariaecasa.pt\/index.php\/wp-json\/wp\/v2\/product"}],"about":[{"href":"https:\/\/tpohotelariaecasa.pt\/index.php\/wp-json\/wp\/v2\/types\/product"}],"replies":[{"embeddable":true,"href":"https:\/\/tpohotelariaecasa.pt\/index.php\/wp-json\/wp\/v2\/comments?post=9461089"}],"wp:featuredmedia":[{"embeddable":true,"href":"https:\/\/tpohotelariaecasa.pt\/index.php\/wp-json\/wp\/v2\/media\/9461088"}],"wp:attachment":[{"href":"https:\/\/tpohotelariaecasa.pt\/index.php\/wp-json\/wp\/v2\/media?parent=9461089"}],"wp:term":[{"taxonomy":"product_cat","embeddable":true,"href":"https:\/\/tpohotelariaecasa.pt\/index.php\/wp-json\/wp\/v2\/product_cat?post=9461089"},{"taxonomy":"product_tag","embeddable":true,"href":"https:\/\/tpohotelariaecasa.pt\/index.php\/wp-json\/wp\/v2\/product_tag?post=9461089"}],"curies":[{"name":"wp","href":"https:\/\/api.w.org\/{rel}","templated":true}]}}