{"id":9461093,"date":"2024-05-29T17:15:43","date_gmt":"2024-05-29T17:15:43","guid":{"rendered":"https:\/\/tpohotelariaecasa.pt\/index.php\/product\/grelhador-para-kebab-3-queimadores-40-kg-de-carne-gas\/"},"modified":"2025-04-03T09:09:53","modified_gmt":"2025-04-03T09:09:53","slug":"grelhador-para-kebab-3-queimadores-40-kg-de-carne-gas","status":"publish","type":"product","link":"https:\/\/tpohotelariaecasa.pt\/index.php\/product\/grelhador-para-kebab-3-queimadores-40-kg-de-carne-gas\/","title":{"rendered":"Grelhador para Kebab &#8211; 3 Queimadores &#8211; 40 kg de Carne &#8211; G\u00e1s"},"content":{"rendered":"<ul>\n<li>Capacidade m\u00e1xima: 40 kg de carne<\/li>\n<li>Espetos de dimens\u00f5es: 12 x 12 mm<\/li>\n<li>Comprimento do espeto: 570 mm<\/li>\n<li>Espetos de velocidade de rota\u00e7\u00e3o: 1 rota\u00e7\u00e3o por minuto<\/li>\n<li>Di\u00e2metro da placa de carne: 190 mm<\/li>\n<li>Consumo de g\u00e1s: 0.786 m3\/h<\/li>\n<li>Peso l\u00edquido: 34,2 kg<\/li>\n<li>Dimens\u00f5es: W547 x D686 x H927 mm<\/li>\n<li>Pot\u00eancia: 9,96 kW<\/li>\n<li>230V\/50Hz\/1Fase<\/li>\n<\/ul>\n","protected":false},"excerpt":{"rendered":"<p>Esta grelha de kebab \u00e9 uma grelha de qualidade superior com tr\u00eas queimadores a g\u00e1s com defini\u00e7\u00f5es de temperatura separadas. Oferece uma ferramenta de cozinha ideal para fazer girosc\u00f3pios, kebab e shawarma em qualquer cozinha profissional de restaura\u00e7\u00e3o consulte Mais informa\u00e7\u00e3o<\/p>\n","protected":false},"featured_media":9461092,"comment_status":"open","ping_status":"closed","template":"","meta":[],"product_cat":[795,90],"product_tag":[],"class_list":["post-9461093","product","type-product","status-publish","has-post-thumbnail","hentry","product_cat-grelhadores-cf","product_cat-grelhadores","product_shipping_class-gph"],"_links":{"self":[{"href":"https:\/\/tpohotelariaecasa.pt\/index.php\/wp-json\/wp\/v2\/product\/9461093"}],"collection":[{"href":"https:\/\/tpohotelariaecasa.pt\/index.php\/wp-json\/wp\/v2\/product"}],"about":[{"href":"https:\/\/tpohotelariaecasa.pt\/index.php\/wp-json\/wp\/v2\/types\/product"}],"replies":[{"embeddable":true,"href":"https:\/\/tpohotelariaecasa.pt\/index.php\/wp-json\/wp\/v2\/comments?post=9461093"}],"wp:featuredmedia":[{"embeddable":true,"href":"https:\/\/tpohotelariaecasa.pt\/index.php\/wp-json\/wp\/v2\/media\/9461092"}],"wp:attachment":[{"href":"https:\/\/tpohotelariaecasa.pt\/index.php\/wp-json\/wp\/v2\/media?parent=9461093"}],"wp:term":[{"taxonomy":"product_cat","embeddable":true,"href":"https:\/\/tpohotelariaecasa.pt\/index.php\/wp-json\/wp\/v2\/product_cat?post=9461093"},{"taxonomy":"product_tag","embeddable":true,"href":"https:\/\/tpohotelariaecasa.pt\/index.php\/wp-json\/wp\/v2\/product_tag?post=9461093"}],"curies":[{"name":"wp","href":"https:\/\/api.w.org\/{rel}","templated":true}]}}