{"id":9461097,"date":"2024-05-29T17:15:45","date_gmt":"2024-05-29T17:15:45","guid":{"rendered":"https:\/\/tpohotelariaecasa.pt\/index.php\/product\/grelhador-para-kebab-3-queimadores-30-kg-de-carne-gas\/"},"modified":"2025-04-03T09:09:53","modified_gmt":"2025-04-03T09:09:53","slug":"grelhador-para-kebab-3-queimadores-30-kg-de-carne-gas","status":"publish","type":"product","link":"https:\/\/tpohotelariaecasa.pt\/index.php\/product\/grelhador-para-kebab-3-queimadores-30-kg-de-carne-gas\/","title":{"rendered":"Grelhador para Kebab &#8211; 3 Queimadores &#8211; 30 kg de Carne &#8211; G\u00e1s"},"content":{"rendered":"<ul>\n<li>Peso l\u00edquido: 26 kg<\/li>\n<li>Dimens\u00f5es: B545 x D640 x H982 mm<\/li>\n<li>Capacidade m\u00e1xima: 30 kg de carne<\/li>\n<li>Dimens\u00f5es do espeto: 12 x 12 mm<\/li>\n<li>Velocidade de rota\u00e7\u00e3o do espeto: 1 rota\u00e7\u00e3o por minuto<\/li>\n<li>Comprimento do espeto: 608 mm<\/li>\n<li>Di\u00e2metro da placa de carne: 190 mm<\/li>\n<li>Consumo de g\u00e1s: 0.786 m3\/h<\/li>\n<li>Consumo de energia g\u00e1s: 9,96 kW<\/li>\n<li>230V\/50Hz\/1Fase<\/li>\n<\/ul>\n","protected":false},"excerpt":{"rendered":"<p>Para grelhar a espetada de doner, gyros ou shawarma, usar esta grelha de alta qualidade com tr\u00eas queimadores a g\u00e1s. O motor neste modelo est\u00e1 no topo. Oferece uma adi\u00e7\u00e3o ideal a qualquer cozinha de catering, desde lojas de shawarma e salas de churrasco a cami\u00f5es de comida e snack-bar. consulte Mais informa\u00e7\u00e3o<\/p>\n","protected":false},"featured_media":9461096,"comment_status":"open","ping_status":"closed","template":"","meta":[],"product_cat":[140,21,90],"product_tag":[],"class_list":["post-9461097","product","type-product","status-publish","has-post-thumbnail","hentry","product_cat-cozedura-aquecimento","product_cat-restauracao","product_cat-grelhadores","product_shipping_class-gph"],"_links":{"self":[{"href":"https:\/\/tpohotelariaecasa.pt\/index.php\/wp-json\/wp\/v2\/product\/9461097"}],"collection":[{"href":"https:\/\/tpohotelariaecasa.pt\/index.php\/wp-json\/wp\/v2\/product"}],"about":[{"href":"https:\/\/tpohotelariaecasa.pt\/index.php\/wp-json\/wp\/v2\/types\/product"}],"replies":[{"embeddable":true,"href":"https:\/\/tpohotelariaecasa.pt\/index.php\/wp-json\/wp\/v2\/comments?post=9461097"}],"wp:featuredmedia":[{"embeddable":true,"href":"https:\/\/tpohotelariaecasa.pt\/index.php\/wp-json\/wp\/v2\/media\/9461096"}],"wp:attachment":[{"href":"https:\/\/tpohotelariaecasa.pt\/index.php\/wp-json\/wp\/v2\/media?parent=9461097"}],"wp:term":[{"taxonomy":"product_cat","embeddable":true,"href":"https:\/\/tpohotelariaecasa.pt\/index.php\/wp-json\/wp\/v2\/product_cat?post=9461097"},{"taxonomy":"product_tag","embeddable":true,"href":"https:\/\/tpohotelariaecasa.pt\/index.php\/wp-json\/wp\/v2\/product_tag?post=9461097"}],"curies":[{"name":"wp","href":"https:\/\/api.w.org\/{rel}","templated":true}]}}