{"id":9461099,"date":"2024-05-29T17:15:46","date_gmt":"2024-05-29T17:15:46","guid":{"rendered":"https:\/\/tpohotelariaecasa.pt\/index.php\/product\/grelhador-para-kebab-4-queimadores-50-kg-de-carne-gas\/"},"modified":"2025-04-03T09:09:53","modified_gmt":"2025-04-03T09:09:53","slug":"grelhador-para-kebab-4-queimadores-50-kg-de-carne-gas","status":"publish","type":"product","link":"https:\/\/tpohotelariaecasa.pt\/index.php\/product\/grelhador-para-kebab-4-queimadores-50-kg-de-carne-gas\/","title":{"rendered":"Grelhador para Kebab &#8211; 4 Queimadores &#8211; 50 kg de Carne &#8211; G\u00e1s"},"content":{"rendered":"<ul>\n<li>Grelhador profissional para Doner \/ Gyros \/ Kebab \/ Shawarma<\/li>\n<li>Equipado com 4 queimadores a g\u00e1s com rede de protec\u00e7\u00e3o em a\u00e7o inoxid\u00e1vel (AISI 310)<\/li>\n<li>A temperatura pode ser definida individualmente para cada queimador<\/li>\n<li>Excluindo ecr\u00e3s de reflex\u00e3o em a\u00e7o inoxid\u00e1vel nas laterais<\/li>\n<li>Equipado com bandeja de gotejamento em a\u00e7o inoxid\u00e1vel com filtro<\/li>\n<li>Caixa, espeto e chapa de carne de a\u00e7o inoxid\u00e1vel<\/li>\n<li>Motor de confian\u00e7a no topo<\/li>\n<li>O espeto grelhado \u00e9 ajust\u00e1vel para a prepara\u00e7\u00e3o perfeita<\/li>\n<li>O espeto pode rodar para a esquerda e para a direita<\/li>\n<li>F\u00e1cil de limpar<\/li>\n<\/ul>\n<p>&nbsp;<\/p>\n<ul>\n<li>Capacidade m\u00e1xima: 50 kg de carne<\/li>\n<li>Espetos de dimens\u00f5es: 12 x 12 mm<\/li>\n<li>Comprimento do espeto: 770 mm<\/li>\n<li>Espetos de velocidade de rota\u00e7\u00e3o: 1 rota\u00e7\u00e3o por minuto<\/li>\n<li>Di\u00e2metro da placa de carne: 190 mm<\/li>\n<li>Consumo de g\u00e1s: 1.048 m3\/h<\/li>\n<li>Peso l\u00edquido: 28,6 kg<\/li>\n<li>Dimens\u00f5es: W545 x D640 x H1140 mm<\/li>\n<li>Pot\u00eancia: 13,28 kW<\/li>\n<li>230V\/50Hz\/1Fase<\/li>\n<\/ul>\n<p>&nbsp;<\/p>\n<ul>\n<li>De s\u00e9rie equipado com bicos para g\u00e1s natural (20 &#8211; 25 mbar)<\/li>\n<li>Bicos para GPL (propano \/ butano) fornecidos separadamente (30 &#8211; 50 mbar)<\/li>\n<li>A convers\u00e3o do g\u00e1s natural para GPL deve ser sempre feita por um profissional<\/li>\n<\/ul>\n","protected":false},"excerpt":{"rendered":"<p>Com os seus quatro queimadores a g\u00e1s, este grelhador profissional de kebab pode facilmente grelhar 50 kg de carne. Pode utilizar o grelhador shawarma para grelhar girosc\u00f3pios, shawarma e kebab. Al\u00e9m disso, o grelhador \u00e9 tamb\u00e9m adequado para grelhar outros tipos de carne. consulte Mais informa\u00e7\u00e3o<\/p>\n","protected":false},"featured_media":9461098,"comment_status":"open","ping_status":"closed","template":"","meta":[],"product_cat":[140,21,90],"product_tag":[],"class_list":["post-9461099","product","type-product","status-publish","has-post-thumbnail","hentry","product_cat-cozedura-aquecimento","product_cat-restauracao","product_cat-grelhadores","product_shipping_class-gph"],"_links":{"self":[{"href":"https:\/\/tpohotelariaecasa.pt\/index.php\/wp-json\/wp\/v2\/product\/9461099"}],"collection":[{"href":"https:\/\/tpohotelariaecasa.pt\/index.php\/wp-json\/wp\/v2\/product"}],"about":[{"href":"https:\/\/tpohotelariaecasa.pt\/index.php\/wp-json\/wp\/v2\/types\/product"}],"replies":[{"embeddable":true,"href":"https:\/\/tpohotelariaecasa.pt\/index.php\/wp-json\/wp\/v2\/comments?post=9461099"}],"wp:featuredmedia":[{"embeddable":true,"href":"https:\/\/tpohotelariaecasa.pt\/index.php\/wp-json\/wp\/v2\/media\/9461098"}],"wp:attachment":[{"href":"https:\/\/tpohotelariaecasa.pt\/index.php\/wp-json\/wp\/v2\/media?parent=9461099"}],"wp:term":[{"taxonomy":"product_cat","embeddable":true,"href":"https:\/\/tpohotelariaecasa.pt\/index.php\/wp-json\/wp\/v2\/product_cat?post=9461099"},{"taxonomy":"product_tag","embeddable":true,"href":"https:\/\/tpohotelariaecasa.pt\/index.php\/wp-json\/wp\/v2\/product_tag?post=9461099"}],"curies":[{"name":"wp","href":"https:\/\/api.w.org\/{rel}","templated":true}]}}