{"id":9461101,"date":"2024-05-29T17:15:47","date_gmt":"2024-05-29T17:15:47","guid":{"rendered":"https:\/\/tpohotelariaecasa.pt\/index.php\/product\/grelhador-para-kebab-2-queimadores-20-kg-de-carne-eletrico\/"},"modified":"2025-04-03T09:09:53","modified_gmt":"2025-04-03T09:09:53","slug":"grelhador-para-kebab-2-queimadores-20-kg-de-carne-eletrico","status":"publish","type":"product","link":"https:\/\/tpohotelariaecasa.pt\/index.php\/product\/grelhador-para-kebab-2-queimadores-20-kg-de-carne-eletrico\/","title":{"rendered":"Grelhador para Kebab &#8211; 2 Queimadores &#8211; 20 kg de Carne &#8211; El\u00e9trico"},"content":{"rendered":"<p><strong>Caracter\u00edsticas<\/strong><\/p>\n<ul>\n<li>Equipado com 2 queimadores el\u00e9ctricos com vidro protetor Robax<\/li>\n<li>A temperatura pode ser regulada individualmente para cada queimador<\/li>\n<li>Equipado com tabuleiro de recolha de pingos em a\u00e7o inoxid\u00e1vel<\/li>\n<li>Caixa, espeto e placa de carne em a\u00e7o inoxid\u00e1vel<\/li>\n<li>Motor fi\u00e1vel na parte inferior<\/li>\n<li>O espeto do grelhador \u00e9 ajust\u00e1vel e pode rodar para a esquerda e para a direita<\/li>\n<\/ul>\n<p><strong>Especifica\u00e7\u00f5es do produto<\/strong><\/p>\n<ul>\n<li>Peso l\u00edquido: 24 kg<\/li>\n<li>Capacidade m\u00e1xima: 20 kg de carne<\/li>\n<li>Dimens\u00f5es da m\u00e1quina: B44,5 x D66,3 x H78,8cm<\/li>\n<li>Dimens\u00f5es do espeto: 1,2 x 1,2cm<\/li>\n<li>Comprimento do espeto: 45cm<\/li>\n<li>Velocidade de rota\u00e7\u00e3o do espeto: 1RPM<\/li>\n<li>Di\u00e2metro do prato de carne: 190cm<\/li>\n<li>230V\/50Hz\/1Fase 3000W<\/li>\n<\/ul>\n","protected":false},"excerpt":{"rendered":"<p>Com este grelhador de alta qualidade, pode expandir a sua cozinha para criar os melhores pratos grelhados em pouco tempo. O grelhador para kebab tem dois queimadores el\u00e9ctricos e o motor est\u00e1 localizado na parte inferior. O grelhador tamb\u00e9m vem com um pr\u00e1tico tabuleiro de recolha de gotas em a\u00e7o inoxid\u00e1vel. consulte Mais informa\u00e7\u00e3o<\/p>\n","protected":false},"featured_media":9461100,"comment_status":"open","ping_status":"closed","template":"","meta":[],"product_cat":[140,21,90],"product_tag":[],"class_list":["post-9461101","product","type-product","status-publish","has-post-thumbnail","hentry","product_cat-cozedura-aquecimento","product_cat-restauracao","product_cat-grelhadores","product_shipping_class-gph"],"_links":{"self":[{"href":"https:\/\/tpohotelariaecasa.pt\/index.php\/wp-json\/wp\/v2\/product\/9461101"}],"collection":[{"href":"https:\/\/tpohotelariaecasa.pt\/index.php\/wp-json\/wp\/v2\/product"}],"about":[{"href":"https:\/\/tpohotelariaecasa.pt\/index.php\/wp-json\/wp\/v2\/types\/product"}],"replies":[{"embeddable":true,"href":"https:\/\/tpohotelariaecasa.pt\/index.php\/wp-json\/wp\/v2\/comments?post=9461101"}],"wp:featuredmedia":[{"embeddable":true,"href":"https:\/\/tpohotelariaecasa.pt\/index.php\/wp-json\/wp\/v2\/media\/9461100"}],"wp:attachment":[{"href":"https:\/\/tpohotelariaecasa.pt\/index.php\/wp-json\/wp\/v2\/media?parent=9461101"}],"wp:term":[{"taxonomy":"product_cat","embeddable":true,"href":"https:\/\/tpohotelariaecasa.pt\/index.php\/wp-json\/wp\/v2\/product_cat?post=9461101"},{"taxonomy":"product_tag","embeddable":true,"href":"https:\/\/tpohotelariaecasa.pt\/index.php\/wp-json\/wp\/v2\/product_tag?post=9461101"}],"curies":[{"name":"wp","href":"https:\/\/api.w.org\/{rel}","templated":true}]}}