{"id":9461109,"date":"2024-05-29T17:15:52","date_gmt":"2024-05-29T17:15:52","guid":{"rendered":"https:\/\/tpohotelariaecasa.pt\/index.php\/product\/grelhador-para-kebab-3-queimadores-30-kg-de-carne-eletrico\/"},"modified":"2025-04-03T09:09:53","modified_gmt":"2025-04-03T09:09:53","slug":"grelhador-para-kebab-3-queimadores-30-kg-de-carne-eletrico","status":"publish","type":"product","link":"https:\/\/tpohotelariaecasa.pt\/index.php\/product\/grelhador-para-kebab-3-queimadores-30-kg-de-carne-eletrico\/","title":{"rendered":"Grelhador para Kebab &#8211; 3 Queimadores &#8211; 30 kg de Carne &#8211; El\u00e9trico"},"content":{"rendered":"<p><strong>Caracter\u00edsticas<\/strong><\/p>\n<ul>\n<li>Equipado com tr\u00eas queimadores el\u00e9ctricos com vidro de prote\u00e7\u00e3o Robax<\/li>\n<li>A temperatura pode ser regulada individualmente para cada queimador<\/li>\n<li>Equipado com tabuleiro de recolha de pingos em a\u00e7o inoxid\u00e1vel com filtro<\/li>\n<li>Caixa, espeto e placa de carne em a\u00e7o inoxid\u00e1vel<\/li>\n<li>O espeto do grelhador \u00e9 ajust\u00e1vel para uma prepara\u00e7\u00e3o perfeita<\/li>\n<\/ul>\n<p><strong>Especifica\u00e7\u00f5es do produto<\/strong><\/p>\n<ul>\n<li>Peso l\u00edquido: 26 kg<\/li>\n<li>Dimens\u00f5es: B54,5 x D64 x H98,2cm<\/li>\n<li>Capacidade m\u00e1xima: 30kg de carne<\/li>\n<li>Dimens\u00f5es do espeto: 1,2 x 1,2cm<\/li>\n<li>Velocidade de rota\u00e7\u00e3o do espeto: 1 rota\u00e7\u00e3o por minuto<\/li>\n<li>Comprimento do espeto: 60,8cm<\/li>\n<li>Di\u00e2metro do prato de carne: 19cm<\/li>\n<li>400V\/50Hz\/3Phase 4500 Watt<\/li>\n<\/ul>\n","protected":false},"excerpt":{"rendered":"<p>Equipado com tr\u00eas queimadores e um motor na parte superior, pode grelhar at\u00e9 30 kg de carne de cada vez no espeto. \u00c9 ideal para utiliza\u00e7\u00e3o em v\u00e1rias cozinhas, mas tamb\u00e9m em food trucks. consulte Mais informa\u00e7\u00e3o<\/p>\n","protected":false},"featured_media":9461108,"comment_status":"open","ping_status":"closed","template":"","meta":[],"product_cat":[140,21,90],"product_tag":[],"class_list":["post-9461109","product","type-product","status-publish","has-post-thumbnail","hentry","product_cat-cozedura-aquecimento","product_cat-restauracao","product_cat-grelhadores","product_shipping_class-gph"],"_links":{"self":[{"href":"https:\/\/tpohotelariaecasa.pt\/index.php\/wp-json\/wp\/v2\/product\/9461109"}],"collection":[{"href":"https:\/\/tpohotelariaecasa.pt\/index.php\/wp-json\/wp\/v2\/product"}],"about":[{"href":"https:\/\/tpohotelariaecasa.pt\/index.php\/wp-json\/wp\/v2\/types\/product"}],"replies":[{"embeddable":true,"href":"https:\/\/tpohotelariaecasa.pt\/index.php\/wp-json\/wp\/v2\/comments?post=9461109"}],"wp:featuredmedia":[{"embeddable":true,"href":"https:\/\/tpohotelariaecasa.pt\/index.php\/wp-json\/wp\/v2\/media\/9461108"}],"wp:attachment":[{"href":"https:\/\/tpohotelariaecasa.pt\/index.php\/wp-json\/wp\/v2\/media?parent=9461109"}],"wp:term":[{"taxonomy":"product_cat","embeddable":true,"href":"https:\/\/tpohotelariaecasa.pt\/index.php\/wp-json\/wp\/v2\/product_cat?post=9461109"},{"taxonomy":"product_tag","embeddable":true,"href":"https:\/\/tpohotelariaecasa.pt\/index.php\/wp-json\/wp\/v2\/product_tag?post=9461109"}],"curies":[{"name":"wp","href":"https:\/\/api.w.org\/{rel}","templated":true}]}}