{"id":9461113,"date":"2024-05-29T17:15:54","date_gmt":"2024-05-29T17:15:54","guid":{"rendered":"https:\/\/tpohotelariaecasa.pt\/index.php\/product\/fritadeira-6-l-1-cesto-ate-12-kg-de-batatas-fritas\/"},"modified":"2025-04-03T09:09:52","modified_gmt":"2025-04-03T09:09:52","slug":"fritadeira-6-l-1-cesto-ate-12-kg-de-batatas-fritas","status":"publish","type":"product","link":"https:\/\/tpohotelariaecasa.pt\/index.php\/product\/fritadeira-6-l-1-cesto-ate-12-kg-de-batatas-fritas\/","title":{"rendered":"Fritadeira &#8211; 6 l &#8211; 1 Cesto &#8211; At\u00e9 1,2 kg de Batatas Fritas"},"content":{"rendered":"<ul>\n<li>Completamente fabricado em a\u00e7o inoxid\u00e1vel<\/li>\n<li>Capacidade do tanque: 1 x 10,0 litros<\/li>\n<li>Com zona fria<\/li>\n<li>Dimens\u00f5es do cesto: H110 x L200 x D220 mm<\/li>\n<li>Term\u00f3stato regul\u00e1vel: 0\u00b0C a 200\u00b0C<\/li>\n<li>Elementos de aquecimento protegidos<\/li>\n<li>Protec\u00e7\u00e3o contra sobrecarga<\/li>\n<li>Tampa remov\u00edvel<\/li>\n<li>Tanque amov\u00edvel<\/li>\n<li>Fica em quatro p\u00e9s de borracha<\/li>\n<li>F\u00e1cil de limpar<\/li>\n<li>Peso l\u00edquido: 5kg<\/li>\n<li>Dimens\u00f5es do cesto: L20 x D22 x H11cm<\/li>\n<li>Dimens\u00f5es da m\u00e1quina: L28 x D44 x H31,5cm<\/li>\n<li>Capacidade m\u00ednima de \u00f3leo: 1 x 5L<\/li>\n<li>Capacidade m\u00e1xima de \u00f3leo: 1 x 6,5L<\/li>\n<li>Batatas fritas com capacidade: 1,2kg<\/li>\n<li>Pot\u00eancia: 230V \/ 50Hz \/ 1Fase 2500W<\/li>\n<\/ul>\n","protected":false},"excerpt":{"rendered":"<p>Esta fritadeira profissional tem uma tigela remov\u00edvel de 10 litros. \u00c9 um modelo de mesa compacta para fritar at\u00e9 1,2 kg de batatas fritas. consulte Mais informa\u00e7\u00e3o<\/p>\n","protected":false},"featured_media":9461112,"comment_status":"open","ping_status":"closed","template":"","meta":[],"product_cat":[792,793,788,21,89],"product_tag":[],"class_list":["post-9461113","product","type-product","status-publish","has-post-thumbnail","hentry","product_cat-mais-vendidos","product_cat-fritadeiras-equipcafebar","product_cat-equipcafebar","product_cat-restauracao","product_cat-fritadeiras","product_shipping_class-pph"],"_links":{"self":[{"href":"https:\/\/tpohotelariaecasa.pt\/index.php\/wp-json\/wp\/v2\/product\/9461113"}],"collection":[{"href":"https:\/\/tpohotelariaecasa.pt\/index.php\/wp-json\/wp\/v2\/product"}],"about":[{"href":"https:\/\/tpohotelariaecasa.pt\/index.php\/wp-json\/wp\/v2\/types\/product"}],"replies":[{"embeddable":true,"href":"https:\/\/tpohotelariaecasa.pt\/index.php\/wp-json\/wp\/v2\/comments?post=9461113"}],"wp:featuredmedia":[{"embeddable":true,"href":"https:\/\/tpohotelariaecasa.pt\/index.php\/wp-json\/wp\/v2\/media\/9461112"}],"wp:attachment":[{"href":"https:\/\/tpohotelariaecasa.pt\/index.php\/wp-json\/wp\/v2\/media?parent=9461113"}],"wp:term":[{"taxonomy":"product_cat","embeddable":true,"href":"https:\/\/tpohotelariaecasa.pt\/index.php\/wp-json\/wp\/v2\/product_cat?post=9461113"},{"taxonomy":"product_tag","embeddable":true,"href":"https:\/\/tpohotelariaecasa.pt\/index.php\/wp-json\/wp\/v2\/product_tag?post=9461113"}],"curies":[{"name":"wp","href":"https:\/\/api.w.org\/{rel}","templated":true}]}}