{"id":9461115,"date":"2024-05-29T17:15:55","date_gmt":"2024-05-29T17:15:55","guid":{"rendered":"https:\/\/tpohotelariaecasa.pt\/index.php\/product\/fritadeira-2-x-6-l-2-cestos-ate-24-kg-de-batatas-fritas\/"},"modified":"2025-04-03T09:09:49","modified_gmt":"2025-04-03T09:09:49","slug":"fritadeira-2-x-6-l-2-cestos-ate-24-kg-de-batatas-fritas","status":"publish","type":"product","link":"https:\/\/tpohotelariaecasa.pt\/index.php\/product\/fritadeira-2-x-6-l-2-cestos-ate-24-kg-de-batatas-fritas\/","title":{"rendered":"Fritadeira &#8211; 2 x 6 l &#8211; 2 Cestos &#8211; At\u00e9 2,4 kg de Batatas Fritas"},"content":{"rendered":"<p><strong>Caracter\u00edsticas<\/strong><\/p>\n<ul>\n<li>Totalmente fabricado em a\u00e7o inoxid\u00e1vel<\/li>\n<li>Inclui uma zona fria<\/li>\n<li>Term\u00f3stato regul\u00e1vel: 0\u00b0C a 200\u00b0C<\/li>\n<li>Elementos de aquecimento protegidos<\/li>\n<li>Tampa e dep\u00f3sito amov\u00edveis<\/li>\n<li>Apoia-se em quatro p\u00e9s de borracha<\/li>\n<\/ul>\n<p><strong>Especifica\u00e7\u00f5es do produto<\/strong><\/p>\n<ul>\n<li>Peso l\u00edquido: 9,5 kg<\/li>\n<li>Dimens\u00f5es do cesto: L20 x P22 x A11cm<\/li>\n<li>Dimens\u00f5es da m\u00e1quina: L57 x P44 x A31,5cm<\/li>\n<li>Capacidade m\u00ednima de \u00f3leo: 2 x 5L<\/li>\n<li>Capacidade m\u00e1xima de \u00f3leo: 2 x 6,5L<\/li>\n<li>Capacidade de batatas fritas: 2 x 1,2kg<\/li>\n<li>Pot\u00eancia: 230V \/ 50Hz \/ 1Fase 2 x 2500W<\/li>\n<\/ul>\n","protected":false},"excerpt":{"rendered":"<p>Esta fritadeira profissional tem dois recipientes amov\u00edveis de 10 litros cada. \u00c9 ideal para uma utiliza\u00e7\u00e3o intensiva na cozinha de restaura\u00e7\u00e3o, se pretender fritar muitas batatas fritas e outros aperitivos num curto espa\u00e7o de tempo. consulte Mais informa\u00e7\u00e3o<\/p>\n","protected":false},"featured_media":9461114,"comment_status":"open","ping_status":"closed","template":"","meta":[],"product_cat":[792,793,788,21,89],"product_tag":[],"class_list":["post-9461115","product","type-product","status-publish","has-post-thumbnail","hentry","product_cat-mais-vendidos","product_cat-fritadeiras-equipcafebar","product_cat-equipcafebar","product_cat-restauracao","product_cat-fritadeiras","product_shipping_class-pph"],"_links":{"self":[{"href":"https:\/\/tpohotelariaecasa.pt\/index.php\/wp-json\/wp\/v2\/product\/9461115"}],"collection":[{"href":"https:\/\/tpohotelariaecasa.pt\/index.php\/wp-json\/wp\/v2\/product"}],"about":[{"href":"https:\/\/tpohotelariaecasa.pt\/index.php\/wp-json\/wp\/v2\/types\/product"}],"replies":[{"embeddable":true,"href":"https:\/\/tpohotelariaecasa.pt\/index.php\/wp-json\/wp\/v2\/comments?post=9461115"}],"wp:featuredmedia":[{"embeddable":true,"href":"https:\/\/tpohotelariaecasa.pt\/index.php\/wp-json\/wp\/v2\/media\/9461114"}],"wp:attachment":[{"href":"https:\/\/tpohotelariaecasa.pt\/index.php\/wp-json\/wp\/v2\/media?parent=9461115"}],"wp:term":[{"taxonomy":"product_cat","embeddable":true,"href":"https:\/\/tpohotelariaecasa.pt\/index.php\/wp-json\/wp\/v2\/product_cat?post=9461115"},{"taxonomy":"product_tag","embeddable":true,"href":"https:\/\/tpohotelariaecasa.pt\/index.php\/wp-json\/wp\/v2\/product_tag?post=9461115"}],"curies":[{"name":"wp","href":"https:\/\/api.w.org\/{rel}","templated":true}]}}