{"id":9461123,"date":"2024-05-29T17:16:00","date_gmt":"2024-05-29T17:16:00","guid":{"rendered":"https:\/\/tpohotelariaecasa.pt\/index.php\/product\/recipiente-gastronorm-gn-1-1-10-cm-de-profundidade-aco-inoxidavel\/"},"modified":"2025-04-03T09:10:09","modified_gmt":"2025-04-03T09:10:09","slug":"recipiente-gastronorm-gn-1-1-10-cm-de-profundidade-aco-inoxidavel","status":"publish","type":"product","link":"https:\/\/tpohotelariaecasa.pt\/index.php\/product\/recipiente-gastronorm-gn-1-1-10-cm-de-profundidade-aco-inoxidavel\/","title":{"rendered":"Recipiente Gastronorm &#8211; GN 1\/1 &#8211; 10 cm de Profundidade &#8211; A\u00e7o Inoxid\u00e1vel"},"content":{"rendered":"","protected":false},"excerpt":{"rendered":"<p>Este contentor GN 1\/1 tem 10cm de profundidade e uma capacidade de 14L. Com um tamanho de 53 x 32,5 cm, o recipiente GN de a\u00e7o inoxid\u00e1vel \u00e9 empilh\u00e1vel e \u00e0 prova de m\u00e1quina de lavar lou\u00e7a. Pode utilizar este contentor GN em todo o tipo de equipamento de restaura\u00e7\u00e3o, como o forno ou o banho maria. consulte Mais informa\u00e7\u00e3o<\/p>\n","protected":false},"featured_media":9461122,"comment_status":"open","ping_status":"closed","template":"","meta":[],"product_cat":[21,106],"product_tag":[],"class_list":["post-9461123","product","type-product","status-publish","has-post-thumbnail","hentry","product_cat-restauracao","product_cat-recipientes-gn","product_shipping_class-pph"],"_links":{"self":[{"href":"https:\/\/tpohotelariaecasa.pt\/index.php\/wp-json\/wp\/v2\/product\/9461123"}],"collection":[{"href":"https:\/\/tpohotelariaecasa.pt\/index.php\/wp-json\/wp\/v2\/product"}],"about":[{"href":"https:\/\/tpohotelariaecasa.pt\/index.php\/wp-json\/wp\/v2\/types\/product"}],"replies":[{"embeddable":true,"href":"https:\/\/tpohotelariaecasa.pt\/index.php\/wp-json\/wp\/v2\/comments?post=9461123"}],"wp:featuredmedia":[{"embeddable":true,"href":"https:\/\/tpohotelariaecasa.pt\/index.php\/wp-json\/wp\/v2\/media\/9461122"}],"wp:attachment":[{"href":"https:\/\/tpohotelariaecasa.pt\/index.php\/wp-json\/wp\/v2\/media?parent=9461123"}],"wp:term":[{"taxonomy":"product_cat","embeddable":true,"href":"https:\/\/tpohotelariaecasa.pt\/index.php\/wp-json\/wp\/v2\/product_cat?post=9461123"},{"taxonomy":"product_tag","embeddable":true,"href":"https:\/\/tpohotelariaecasa.pt\/index.php\/wp-json\/wp\/v2\/product_tag?post=9461123"}],"curies":[{"name":"wp","href":"https:\/\/api.w.org\/{rel}","templated":true}]}}