{"id":9461175,"date":"2024-05-29T17:16:29","date_gmt":"2024-05-29T17:16:29","guid":{"rendered":"https:\/\/tpohotelariaecasa.pt\/index.php\/product\/recipiente-gastronorm-gn-1-4-20-cm-de-profundidade-aco-inoxidavel\/"},"modified":"2025-04-03T09:10:06","modified_gmt":"2025-04-03T09:10:06","slug":"recipiente-gastronorm-gn-1-4-20-cm-de-profundidade-aco-inoxidavel","status":"publish","type":"product","link":"https:\/\/tpohotelariaecasa.pt\/index.php\/product\/recipiente-gastronorm-gn-1-4-20-cm-de-profundidade-aco-inoxidavel\/","title":{"rendered":"Recipiente Gastronorm &#8211; GN 1\/4 &#8211; 20 cm de Profundidade &#8211; A\u00e7o Inoxid\u00e1vel"},"content":{"rendered":"","protected":false},"excerpt":{"rendered":"<p>Este recipiente 1\/4 GN tem 20cm de profundidade e tem uma capacidade de 5,5L. Com um tamanho de 26,5 x 16,2cm, o contentor GN de a\u00e7o inoxid\u00e1vel \u00e9 empilh\u00e1vel e seguro para a m\u00e1quina de lavar lou\u00e7a. Pode utilizar este contentor GN em todo o tipo de equipamento de restaura\u00e7\u00e3o, como o forno ou o banho maria. consulte Mais informa\u00e7\u00e3o<\/p>\n","protected":false},"featured_media":9461174,"comment_status":"open","ping_status":"closed","template":"","meta":[],"product_cat":[21,106],"product_tag":[],"class_list":["post-9461175","product","type-product","status-publish","has-post-thumbnail","hentry","product_cat-restauracao","product_cat-recipientes-gn","product_shipping_class-pph"],"_links":{"self":[{"href":"https:\/\/tpohotelariaecasa.pt\/index.php\/wp-json\/wp\/v2\/product\/9461175"}],"collection":[{"href":"https:\/\/tpohotelariaecasa.pt\/index.php\/wp-json\/wp\/v2\/product"}],"about":[{"href":"https:\/\/tpohotelariaecasa.pt\/index.php\/wp-json\/wp\/v2\/types\/product"}],"replies":[{"embeddable":true,"href":"https:\/\/tpohotelariaecasa.pt\/index.php\/wp-json\/wp\/v2\/comments?post=9461175"}],"wp:featuredmedia":[{"embeddable":true,"href":"https:\/\/tpohotelariaecasa.pt\/index.php\/wp-json\/wp\/v2\/media\/9461174"}],"wp:attachment":[{"href":"https:\/\/tpohotelariaecasa.pt\/index.php\/wp-json\/wp\/v2\/media?parent=9461175"}],"wp:term":[{"taxonomy":"product_cat","embeddable":true,"href":"https:\/\/tpohotelariaecasa.pt\/index.php\/wp-json\/wp\/v2\/product_cat?post=9461175"},{"taxonomy":"product_tag","embeddable":true,"href":"https:\/\/tpohotelariaecasa.pt\/index.php\/wp-json\/wp\/v2\/product_tag?post=9461175"}],"curies":[{"name":"wp","href":"https:\/\/api.w.org\/{rel}","templated":true}]}}