{"id":9461207,"date":"2024-05-29T17:16:47","date_gmt":"2024-05-29T17:16:47","guid":{"rendered":"https:\/\/tpohotelariaecasa.pt\/index.php\/product\/recipiente-gastronorm-gn-2-3-15-cm-de-profundidade-aco-inoxidavel-perfurado\/"},"modified":"2025-04-03T09:10:03","modified_gmt":"2025-04-03T09:10:03","slug":"recipiente-gastronorm-gn-2-3-15-cm-de-profundidade-aco-inoxidavel-perfurado","status":"publish","type":"product","link":"https:\/\/tpohotelariaecasa.pt\/index.php\/product\/recipiente-gastronorm-gn-2-3-15-cm-de-profundidade-aco-inoxidavel-perfurado\/","title":{"rendered":"Recipiente Gastronorm &#8211; GN 2\/3 &#8211; 15 cm de Profundidade &#8211; A\u00e7o Inoxid\u00e1vel &#8211; Perfurado"},"content":{"rendered":"","protected":false},"excerpt":{"rendered":"<p>Este recipiente Gastronorm perfurado de 2\/3, com 15cm de profundidade, \u00e9 ideal para a drenagem de alimentos. Tem buracos no fundo para que possa tamb\u00e9m ser utilizado para cozinhar, aquecer e refrigerar. \u00c9 ideal combinado com recipientes GN fechados e tampas de 32,5 x 35,4cm. consulte Mais informa\u00e7\u00e3o<\/p>\n","protected":false},"featured_media":9461206,"comment_status":"open","ping_status":"closed","template":"","meta":[],"product_cat":[21,106],"product_tag":[],"class_list":["post-9461207","product","type-product","status-publish","has-post-thumbnail","hentry","product_cat-restauracao","product_cat-recipientes-gn","product_shipping_class-pph"],"_links":{"self":[{"href":"https:\/\/tpohotelariaecasa.pt\/index.php\/wp-json\/wp\/v2\/product\/9461207"}],"collection":[{"href":"https:\/\/tpohotelariaecasa.pt\/index.php\/wp-json\/wp\/v2\/product"}],"about":[{"href":"https:\/\/tpohotelariaecasa.pt\/index.php\/wp-json\/wp\/v2\/types\/product"}],"replies":[{"embeddable":true,"href":"https:\/\/tpohotelariaecasa.pt\/index.php\/wp-json\/wp\/v2\/comments?post=9461207"}],"wp:featuredmedia":[{"embeddable":true,"href":"https:\/\/tpohotelariaecasa.pt\/index.php\/wp-json\/wp\/v2\/media\/9461206"}],"wp:attachment":[{"href":"https:\/\/tpohotelariaecasa.pt\/index.php\/wp-json\/wp\/v2\/media?parent=9461207"}],"wp:term":[{"taxonomy":"product_cat","embeddable":true,"href":"https:\/\/tpohotelariaecasa.pt\/index.php\/wp-json\/wp\/v2\/product_cat?post=9461207"},{"taxonomy":"product_tag","embeddable":true,"href":"https:\/\/tpohotelariaecasa.pt\/index.php\/wp-json\/wp\/v2\/product_tag?post=9461207"}],"curies":[{"name":"wp","href":"https:\/\/api.w.org\/{rel}","templated":true}]}}