{"id":9461231,"date":"2024-05-29T17:17:00","date_gmt":"2024-05-29T17:17:00","guid":{"rendered":"https:\/\/tpohotelariaecasa.pt\/index.php\/product\/tampa-gastronorm-gn-2-3-aco-inoxidavel-com-rebaixo\/"},"modified":"2025-04-03T09:10:00","modified_gmt":"2025-04-03T09:10:00","slug":"tampa-gastronorm-gn-2-3-aco-inoxidavel-com-rebaixo","status":"publish","type":"product","link":"https:\/\/tpohotelariaecasa.pt\/index.php\/product\/tampa-gastronorm-gn-2-3-aco-inoxidavel-com-rebaixo\/","title":{"rendered":"Tampa Gastronorm &#8211; GN 2\/3 &#8211; A\u00e7o Inoxid\u00e1vel &#8211; com Rebaixo"},"content":{"rendered":"","protected":false},"excerpt":{"rendered":"<p>Com esta tampa Gastronorm 2\/3 feita de a\u00e7o inoxid\u00e1vel, pode cobrir um recipiente Gastronorm do mesmo tamanho. Com um tamanho de 32,5 x 35,4cm, a tampa \u00e9 f\u00e1cil de empilhar quando colocada sobre um recipiente GN. Al\u00e9m disso, todas as tampas de GN s\u00e3o seguras para a m\u00e1quina de lavar lou\u00e7a. consulte Mais informa\u00e7\u00e3o<\/p>\n","protected":false},"featured_media":9461230,"comment_status":"open","ping_status":"closed","template":"","meta":[],"product_cat":[21,106],"product_tag":[],"class_list":["post-9461231","product","type-product","status-publish","has-post-thumbnail","hentry","product_cat-restauracao","product_cat-recipientes-gn","product_shipping_class-pph"],"_links":{"self":[{"href":"https:\/\/tpohotelariaecasa.pt\/index.php\/wp-json\/wp\/v2\/product\/9461231"}],"collection":[{"href":"https:\/\/tpohotelariaecasa.pt\/index.php\/wp-json\/wp\/v2\/product"}],"about":[{"href":"https:\/\/tpohotelariaecasa.pt\/index.php\/wp-json\/wp\/v2\/types\/product"}],"replies":[{"embeddable":true,"href":"https:\/\/tpohotelariaecasa.pt\/index.php\/wp-json\/wp\/v2\/comments?post=9461231"}],"wp:featuredmedia":[{"embeddable":true,"href":"https:\/\/tpohotelariaecasa.pt\/index.php\/wp-json\/wp\/v2\/media\/9461230"}],"wp:attachment":[{"href":"https:\/\/tpohotelariaecasa.pt\/index.php\/wp-json\/wp\/v2\/media?parent=9461231"}],"wp:term":[{"taxonomy":"product_cat","embeddable":true,"href":"https:\/\/tpohotelariaecasa.pt\/index.php\/wp-json\/wp\/v2\/product_cat?post=9461231"},{"taxonomy":"product_tag","embeddable":true,"href":"https:\/\/tpohotelariaecasa.pt\/index.php\/wp-json\/wp\/v2\/product_tag?post=9461231"}],"curies":[{"name":"wp","href":"https:\/\/api.w.org\/{rel}","templated":true}]}}