{"id":9461249,"date":"2024-05-29T17:17:15","date_gmt":"2024-05-29T17:17:15","guid":{"rendered":"https:\/\/tpohotelariaecasa.pt\/index.php\/product\/marmita-industrial-basculante-160-l-indirecta-eletrico-400v\/"},"modified":"2025-04-03T09:09:49","modified_gmt":"2025-04-03T09:09:49","slug":"marmita-industrial-basculante-160-l-indirecta-eletrico-400v","status":"publish","type":"product","link":"https:\/\/tpohotelariaecasa.pt\/index.php\/product\/marmita-industrial-basculante-160-l-indirecta-eletrico-400v\/","title":{"rendered":"Marmita Industrial Basculante &#8211; 160 l &#8211; Indirecta &#8211; El\u00e9trico &#8211; 400V"},"content":{"rendered":"<p><strong>Caracter\u00edsticas<\/strong><\/p>\n<ul>\n<li>Sistema de aquecimento indirecto com satura\u00e7\u00e3o de vapor at\u00e9 110\u00b0C<\/li>\n<li>Queimadores microperfurados de a\u00e7o inoxid\u00e1vel com protec\u00e7\u00e3o anti-chamas para seguran\u00e7a extra<\/li>\n<li>V\u00e1lvula de al\u00edvio de press\u00e3o evita a sobrepress\u00e3o do vapor<\/li>\n<li>V\u00e1lvula solen\u00f3ide e torneira girat\u00f3ria cromada para enchimento com \u00e1gua quente ou fria<\/li>\n<li>Equipado com torneira de drenagem para facilitar a drenagem de alimentos<\/li>\n<li>Cont\u00e9m v\u00e1lvula externa para descarga de ar em excesso<\/li>\n<li>Constru\u00e7\u00e3o muito dur\u00e1vel<\/li>\n<li>Desenho higi\u00e9nico<\/li>\n<\/ul>\n<p><strong>Especifica\u00e7\u00f5es do produto<\/strong><\/p>\n<ul>\n<li>Peso l\u00edquido: 226kg<\/li>\n<li>Capacidade l\u00edquida: 150L<\/li>\n<li>Dimens\u00f5es do dispositivo: W135,3 x D84,4 x H100,8cm<\/li>\n<li>Pot\u00eancia el\u00e9ctrica total: 18,0 kW<\/li>\n<li>Pot\u00eancia: 400V \/ 50Hz \/ 3 fases 18000W<\/li>\n<\/ul>\n<p><strong>Este produto \u00e9 fornecido sem ficha.<\/strong><\/p>\n<div id=\"description\" class=\"data item content\" aria-labelledby=\"tab-label-description-title\" data-role=\"content\">\n<div class=\"item-content-inner\">\n<div class=\"product attribute description\">\n<div class=\"value\">\n<p><em><strong>Nota: O produto mostrado na imagem pode diferir ligeiramente do modelo real<\/strong><\/em><\/p>\n<\/div>\n<\/div>\n<\/div>\n<\/div>\n","protected":false},"excerpt":{"rendered":"<p>Esta frigideira profissional de 160L da Maxima \u00e9 indispens\u00e1vel na cozinha profissional. Permite fazer as mais saborosas sopas, caldos, molhos e cremes com facilidade. Com esta vers\u00e3o basculante em particular, pode tornar as coisas ainda mais f\u00e1ceis para si pr\u00f3prio consulte Mais informa\u00e7\u00e3o<\/p>\n","protected":false},"featured_media":9461248,"comment_status":"open","ping_status":"closed","template":"","meta":[],"product_cat":[140,778,84],"product_tag":[],"class_list":["post-9461249","product","type-product","status-publish","has-post-thumbnail","hentry","product_cat-cozedura-aquecimento","product_cat-panelas-basculantes","product_cat-fogoesepanelas","product_shipping_class-gph"],"_links":{"self":[{"href":"https:\/\/tpohotelariaecasa.pt\/index.php\/wp-json\/wp\/v2\/product\/9461249"}],"collection":[{"href":"https:\/\/tpohotelariaecasa.pt\/index.php\/wp-json\/wp\/v2\/product"}],"about":[{"href":"https:\/\/tpohotelariaecasa.pt\/index.php\/wp-json\/wp\/v2\/types\/product"}],"replies":[{"embeddable":true,"href":"https:\/\/tpohotelariaecasa.pt\/index.php\/wp-json\/wp\/v2\/comments?post=9461249"}],"wp:featuredmedia":[{"embeddable":true,"href":"https:\/\/tpohotelariaecasa.pt\/index.php\/wp-json\/wp\/v2\/media\/9461248"}],"wp:attachment":[{"href":"https:\/\/tpohotelariaecasa.pt\/index.php\/wp-json\/wp\/v2\/media?parent=9461249"}],"wp:term":[{"taxonomy":"product_cat","embeddable":true,"href":"https:\/\/tpohotelariaecasa.pt\/index.php\/wp-json\/wp\/v2\/product_cat?post=9461249"},{"taxonomy":"product_tag","embeddable":true,"href":"https:\/\/tpohotelariaecasa.pt\/index.php\/wp-json\/wp\/v2\/product_tag?post=9461249"}],"curies":[{"name":"wp","href":"https:\/\/api.w.org\/{rel}","templated":true}]}}