{"id":9461253,"date":"2024-05-29T17:17:17","date_gmt":"2024-05-29T17:17:17","guid":{"rendered":"https:\/\/tpohotelariaecasa.pt\/index.php\/product\/marmita-industrial-basculante-550-l-indirecta-gas\/"},"modified":"2025-04-03T09:09:49","modified_gmt":"2025-04-03T09:09:49","slug":"marmita-industrial-basculante-550-l-indirecta-gas","status":"publish","type":"product","link":"https:\/\/tpohotelariaecasa.pt\/index.php\/product\/marmita-industrial-basculante-550-l-indirecta-gas\/","title":{"rendered":"Marmita Industrial Basculante &#8211; 550 l &#8211; Indirecta &#8211; G\u00e1s"},"content":{"rendered":"<p><strong>Caracter\u00edsticas<\/strong><\/p>\n<ul>\n<li>Sistema de aquecimento indireto com satura\u00e7\u00e3o de vapor at\u00e9 110\u00b0C<\/li>\n<li>Queimadores microperfurados em a\u00e7o inoxid\u00e1vel com prote\u00e7\u00e3o contra chamas para maior seguran\u00e7a<\/li>\n<li>V\u00e1lvula de al\u00edvio de press\u00e3o impede a sobrepress\u00e3o do vapor<\/li>\n<li>V\u00e1lvula solenoide e torneira girat\u00f3ria cromada para encher com \u00e1gua quente ou fria<\/li>\n<li>Equipada com torneira de escoamento para facilitar a drenagem dos alimentos<\/li>\n<li>Cont\u00e9m v\u00e1lvula externa para descarregar o excesso de ar<\/li>\n<li>Igni\u00e7\u00e3o piezoel\u00e9ctrica<\/li>\n<li>Constru\u00e7\u00e3o muito duradoura<\/li>\n<li>Design higi\u00e9nico<\/li>\n<\/ul>\n<p><strong>Especifica\u00e7\u00f5es do produto<\/strong><\/p>\n<ul>\n<li>Peso l\u00edquido: 440,1 kg<\/li>\n<li>Capacidade l\u00edquida: 500L<\/li>\n<li>Dimens\u00f5es do aparelho: W192,8 x D165 x H108,7cm<\/li>\n<li>Pot\u00eancia total de g\u00e1s: 56,0 kW<\/li>\n<li>Injectores de g\u00e1s instalados: G25 &#8211; g\u00e1s natural<\/li>\n<li>Conjunto extra de injectores de g\u00e1s: G30 &#8211; GPL (propano \/ butano)<\/li>\n<\/ul>\n<div id=\"description\" class=\"data item content\" aria-labelledby=\"tab-label-description-title\" data-role=\"content\">\n<div class=\"item-content-inner\">\n<div class=\"product attribute description\">\n<div class=\"value\">\n<p><em><strong>Nota: O produto apresentado na imagem pode diferir ligeiramente do modelo real<\/strong><\/em><\/p>\n<\/div>\n<\/div>\n<\/div>\n<\/div>\n","protected":false},"excerpt":{"rendered":"<p>Esta panela profissional de 550L da Maxima funciona a g\u00e1s e \u00e9 indispens\u00e1vel na cozinha profissional. Permite-lhe fazer as mais saborosas sopas, caldos, molhos e cremes com facilidade. Com esta vers\u00e3o basculante em particular, pode tornar as coisas ainda mais f\u00e1ceis para si. consulte Mais informa\u00e7\u00e3o<\/p>\n","protected":false},"featured_media":9461252,"comment_status":"open","ping_status":"closed","template":"","meta":[],"product_cat":[140,778,84],"product_tag":[],"class_list":["post-9461253","product","type-product","status-publish","has-post-thumbnail","hentry","product_cat-cozedura-aquecimento","product_cat-panelas-basculantes","product_cat-fogoesepanelas","product_shipping_class-gph"],"_links":{"self":[{"href":"https:\/\/tpohotelariaecasa.pt\/index.php\/wp-json\/wp\/v2\/product\/9461253"}],"collection":[{"href":"https:\/\/tpohotelariaecasa.pt\/index.php\/wp-json\/wp\/v2\/product"}],"about":[{"href":"https:\/\/tpohotelariaecasa.pt\/index.php\/wp-json\/wp\/v2\/types\/product"}],"replies":[{"embeddable":true,"href":"https:\/\/tpohotelariaecasa.pt\/index.php\/wp-json\/wp\/v2\/comments?post=9461253"}],"wp:featuredmedia":[{"embeddable":true,"href":"https:\/\/tpohotelariaecasa.pt\/index.php\/wp-json\/wp\/v2\/media\/9461252"}],"wp:attachment":[{"href":"https:\/\/tpohotelariaecasa.pt\/index.php\/wp-json\/wp\/v2\/media?parent=9461253"}],"wp:term":[{"taxonomy":"product_cat","embeddable":true,"href":"https:\/\/tpohotelariaecasa.pt\/index.php\/wp-json\/wp\/v2\/product_cat?post=9461253"},{"taxonomy":"product_tag","embeddable":true,"href":"https:\/\/tpohotelariaecasa.pt\/index.php\/wp-json\/wp\/v2\/product_tag?post=9461253"}],"curies":[{"name":"wp","href":"https:\/\/api.w.org\/{rel}","templated":true}]}}