{"id":9461257,"date":"2024-05-29T17:17:19","date_gmt":"2024-05-29T17:17:19","guid":{"rendered":"https:\/\/tpohotelariaecasa.pt\/index.php\/product\/marmita-industrial-420-l-indirecta-gas\/"},"modified":"2025-04-03T09:09:49","modified_gmt":"2025-04-03T09:09:49","slug":"marmita-industrial-420-l-indirecta-gas","status":"publish","type":"product","link":"https:\/\/tpohotelariaecasa.pt\/index.php\/product\/marmita-industrial-420-l-indirecta-gas\/","title":{"rendered":"Marmita Industrial &#8211; 420 l &#8211; Indirecta &#8211; G\u00e1s"},"content":{"rendered":"<p><strong>Caracter\u00edsticas<\/strong><\/p>\n<ul>\n<li>Panela redonda de cozedura feita de a\u00e7o inoxid\u00e1vel para uma limpeza r\u00e1pida<\/li>\n<li>Com isolamento extra em toda a caldeira para custos m\u00ednimos de energia<\/li>\n<li>Queimadores microperfurados de a\u00e7o inoxid\u00e1vel com protec\u00e7\u00e3o anti-chamas para seguran\u00e7a extra<\/li>\n<li>Sistema de aquecimento indirecto com vapor saturado at\u00e9 110\u00b0C<\/li>\n<li>V\u00e1lvula de al\u00edvio de press\u00e3o evita sobrepress\u00f5es<\/li>\n<li>Medidor de press\u00e3o claramente leg\u00edvel<\/li>\n<li>Regula\u00e7\u00e3o energ\u00e9tica utilizando o bot\u00e3o de controlo<\/li>\n<li>Equipado com uma v\u00e1lvula de drenagem para f\u00e1cil remo\u00e7\u00e3o de alimentos<\/li>\n<li>Inclui v\u00e1lvula externa para a remo\u00e7\u00e3o do excesso de ar<\/li>\n<li>Piezo inflama\u00e7\u00e3o<\/li>\n<li>Adequado para GPL ou g\u00e1s natural<\/li>\n<li>Constru\u00e7\u00e3o dur\u00e1vel<\/li>\n<li>Desenho higi\u00e9nico<\/li>\n<\/ul>\n<p><strong>Especifica\u00e7\u00f5es do produto<\/strong><\/p>\n<ul>\n<li>Peso l\u00edquido: 405kg<\/li>\n<li>Capacidade l\u00edquida: 420L<\/li>\n<li>Dimens\u00f5es do dispositivo: W110 x D137 x H102cm<\/li>\n<li>Pot\u00eancia total do g\u00e1s: 45,0 kW<\/li>\n<li>Injectores de g\u00e1s instalados: G25 &#8211; g\u00e1s natural<\/li>\n<li>Conjunto extra de injectores de g\u00e1s: G30 &#8211; GPL (propano \/ butano)<\/li>\n<\/ul>\n<div id=\"description\" class=\"data item content\" aria-labelledby=\"tab-label-description-title\" data-role=\"content\">\n<div class=\"item-content-inner\">\n<div class=\"product attribute description\">\n<div class=\"value\">\n<p><em><strong>Nota: O produto mostrado na imagem pode diferir ligeiramente do modelo real<\/strong><\/em><\/p>\n<\/div>\n<\/div>\n<\/div>\n<\/div>\n","protected":false},"excerpt":{"rendered":"<p>Esta panela de cozedura premium funciona a g\u00e1s e tem a capacidade para 420 litros. \u00c9 ideal para a prepara\u00e7\u00e3o de grandes quantidades de pratos. Gra\u00e7as \u00e0 tampa de parede dupla, o isolamento da frigideira reduz as perdas de calor e energia, tornando-a muito eficiente do ponto de vista energ\u00e9tico. \u00c9 tamb\u00e9m muito f\u00e1cil de utilizar e f\u00e1cil de limpar. consulte Mais informa\u00e7\u00e3o<\/p>\n","protected":false},"featured_media":9461256,"comment_status":"open","ping_status":"closed","template":"","meta":[],"product_cat":[140,778,84],"product_tag":[],"class_list":["post-9461257","product","type-product","status-publish","has-post-thumbnail","hentry","product_cat-cozedura-aquecimento","product_cat-panelas-basculantes","product_cat-fogoesepanelas","product_shipping_class-gph"],"_links":{"self":[{"href":"https:\/\/tpohotelariaecasa.pt\/index.php\/wp-json\/wp\/v2\/product\/9461257"}],"collection":[{"href":"https:\/\/tpohotelariaecasa.pt\/index.php\/wp-json\/wp\/v2\/product"}],"about":[{"href":"https:\/\/tpohotelariaecasa.pt\/index.php\/wp-json\/wp\/v2\/types\/product"}],"replies":[{"embeddable":true,"href":"https:\/\/tpohotelariaecasa.pt\/index.php\/wp-json\/wp\/v2\/comments?post=9461257"}],"wp:featuredmedia":[{"embeddable":true,"href":"https:\/\/tpohotelariaecasa.pt\/index.php\/wp-json\/wp\/v2\/media\/9461256"}],"wp:attachment":[{"href":"https:\/\/tpohotelariaecasa.pt\/index.php\/wp-json\/wp\/v2\/media?parent=9461257"}],"wp:term":[{"taxonomy":"product_cat","embeddable":true,"href":"https:\/\/tpohotelariaecasa.pt\/index.php\/wp-json\/wp\/v2\/product_cat?post=9461257"},{"taxonomy":"product_tag","embeddable":true,"href":"https:\/\/tpohotelariaecasa.pt\/index.php\/wp-json\/wp\/v2\/product_tag?post=9461257"}],"curies":[{"name":"wp","href":"https:\/\/api.w.org\/{rel}","templated":true}]}}