{"id":9461263,"date":"2024-05-29T17:17:23","date_gmt":"2024-05-29T17:17:23","guid":{"rendered":"https:\/\/tpohotelariaecasa.pt\/index.php\/product\/marmita-industrial-550-l-indirecta-eletrico-400v\/"},"modified":"2025-04-03T09:09:49","modified_gmt":"2025-04-03T09:09:49","slug":"marmita-industrial-550-l-indirecta-eletrico-400v","status":"publish","type":"product","link":"https:\/\/tpohotelariaecasa.pt\/index.php\/product\/marmita-industrial-550-l-indirecta-eletrico-400v\/","title":{"rendered":"Marmita Industrial &#8211; 550 l &#8211; Indirecta &#8211; El\u00e9trico &#8211; 400V"},"content":{"rendered":"<p><strong>Caracter\u00edsticas<\/strong><\/p>\n<ul>\n<li>Panela redonda em a\u00e7o inoxid\u00e1vel para uma limpeza r\u00e1pida<\/li>\n<li>Com isolamento extra em toda a caldeira para reduzir os custos de energia<\/li>\n<li>Sistema de aquecimento indireto com vapor saturado at\u00e9 110\u00b0C<\/li>\n<li>V\u00e1lvula de al\u00edvio de press\u00e3o evita a sobrepress\u00e3o<\/li>\n<li>Man\u00f3metro de leitura clara<\/li>\n<li>Regula\u00e7\u00e3o da energia atrav\u00e9s do bot\u00e3o de controlo<\/li>\n<li>Equipado com uma v\u00e1lvula de drenagem para facilitar a remo\u00e7\u00e3o dos alimentos<\/li>\n<li>Inclui v\u00e1lvula externa para a remo\u00e7\u00e3o do excesso de ar<\/li>\n<li>Constru\u00e7\u00e3o duradoura<\/li>\n<li>Design higi\u00e9nico<\/li>\n<\/ul>\n<p><strong>Especifica\u00e7\u00f5es do produto<\/strong><\/p>\n<ul>\n<li>Peso l\u00edquido: 216,5 kg<\/li>\n<li>Capacidade l\u00edquida: 500L<\/li>\n<li>Dimens\u00f5es do aparelho: W130 x D143,6 x H96,7cm<\/li>\n<li>Pot\u00eancia el\u00e9ctrica total: 45,0 kW<\/li>\n<li>Pot\u00eancia: 400V \/ 50Hz \/ 3 fases 45500W<\/li>\n<\/ul>\n<p><strong>Este produto \u00e9 fornecido sem ficha de liga\u00e7\u00e3o.<\/strong><\/p>\n<p><em><strong>Nota: O produto apresentado na imagem pode diferir ligeiramente do modelo real<\/strong><\/em><\/p>\n","protected":false},"excerpt":{"rendered":"<p>Com este caldeir\u00e3o de 550 litros em a\u00e7o inoxid\u00e1vel, sabe que tem sempre capacidade suficiente para cozinhar, assar ou escalfar v\u00e1rios ingredientes. Com o seu sistema de aquecimento indireto, este caldeir\u00e3o el\u00e9trico \u00e9 ideal para preparar pratos l\u00edquidos. Foi fabricado inteiramente em a\u00e7o inoxid\u00e1vel e est\u00e1 equipado com uma pr\u00e1tica v\u00e1lvula de drenagem. consulte Mais informa\u00e7\u00e3o<\/p>\n","protected":false},"featured_media":9461262,"comment_status":"open","ping_status":"closed","template":"","meta":[],"product_cat":[140,778,84],"product_tag":[],"class_list":["post-9461263","product","type-product","status-publish","has-post-thumbnail","hentry","product_cat-cozedura-aquecimento","product_cat-panelas-basculantes","product_cat-fogoesepanelas","product_shipping_class-gph"],"_links":{"self":[{"href":"https:\/\/tpohotelariaecasa.pt\/index.php\/wp-json\/wp\/v2\/product\/9461263"}],"collection":[{"href":"https:\/\/tpohotelariaecasa.pt\/index.php\/wp-json\/wp\/v2\/product"}],"about":[{"href":"https:\/\/tpohotelariaecasa.pt\/index.php\/wp-json\/wp\/v2\/types\/product"}],"replies":[{"embeddable":true,"href":"https:\/\/tpohotelariaecasa.pt\/index.php\/wp-json\/wp\/v2\/comments?post=9461263"}],"wp:featuredmedia":[{"embeddable":true,"href":"https:\/\/tpohotelariaecasa.pt\/index.php\/wp-json\/wp\/v2\/media\/9461262"}],"wp:attachment":[{"href":"https:\/\/tpohotelariaecasa.pt\/index.php\/wp-json\/wp\/v2\/media?parent=9461263"}],"wp:term":[{"taxonomy":"product_cat","embeddable":true,"href":"https:\/\/tpohotelariaecasa.pt\/index.php\/wp-json\/wp\/v2\/product_cat?post=9461263"},{"taxonomy":"product_tag","embeddable":true,"href":"https:\/\/tpohotelariaecasa.pt\/index.php\/wp-json\/wp\/v2\/product_tag?post=9461263"}],"curies":[{"name":"wp","href":"https:\/\/api.w.org\/{rel}","templated":true}]}}