{"id":9461269,"date":"2024-05-29T17:17:26","date_gmt":"2024-05-29T17:17:26","guid":{"rendered":"https:\/\/tpohotelariaecasa.pt\/index.php\/product\/marmita-industrial-260-l-indirecta-eletrico-400v\/"},"modified":"2025-04-03T09:09:49","modified_gmt":"2025-04-03T09:09:49","slug":"marmita-industrial-260-l-indirecta-eletrico-400v","status":"publish","type":"product","link":"https:\/\/tpohotelariaecasa.pt\/index.php\/product\/marmita-industrial-260-l-indirecta-eletrico-400v\/","title":{"rendered":"Marmita Industrial &#8211; 260 l &#8211; Indirecta &#8211; El\u00e9trico &#8211; 400V"},"content":{"rendered":"<p><strong>Caracter\u00edsticas<\/strong><\/p>\n<ul>\n<li>Panela redonda de cozedura feita de a\u00e7o inoxid\u00e1vel para uma limpeza r\u00e1pida<\/li>\n<li>Com isolamento extra em toda a caldeira para custos m\u00ednimos de energia<\/li>\n<li>Sistema de aquecimento indirecto com vapor saturado at\u00e9 110\u00b0C<\/li>\n<li>V\u00e1lvula de al\u00edvio de press\u00e3o evita sobrepress\u00f5es<\/li>\n<li>Medidor de press\u00e3o claramente leg\u00edvel<\/li>\n<li>Regula\u00e7\u00e3o energ\u00e9tica utilizando o bot\u00e3o de controlo<\/li>\n<li>Equipado com uma v\u00e1lvula de drenagem para f\u00e1cil remo\u00e7\u00e3o de alimentos<\/li>\n<li>Inclui v\u00e1lvula externa para a remo\u00e7\u00e3o do excesso de ar<\/li>\n<li>Constru\u00e7\u00e3o dur\u00e1vel<\/li>\n<li>Desenho higi\u00e9nico<\/li>\n<\/ul>\n<p><strong>Especifica\u00e7\u00f5es do produto<\/strong><\/p>\n<ul>\n<li>Peso l\u00edquido: 140kg<\/li>\n<li>Capacidade l\u00edquida: 250L<\/li>\n<li>Dimens\u00f5es do dispositivo: L100 x D110 x H85cm<\/li>\n<li>Pot\u00eancia el\u00e9ctrica total: 27,0 kW<\/li>\n<li>Pot\u00eancia: 400V \/ 50Hz \/ 3 fases 27000W<\/li>\n<\/ul>\n<p><strong>Este produto \u00e9 fornecido sem ficha.<\/strong><\/p>\n<p><em><strong>Nota: O produto mostrado na imagem pode diferir ligeiramente do modelo real<\/strong><\/em><\/p>\n","protected":false},"excerpt":{"rendered":"<p>Com esta panela de 250 litros de a\u00e7o inoxid\u00e1vel a ferver, sabe que h\u00e1 sempre capacidade suficiente para cozinhar, assar ou escalfar v\u00e1rios ingredientes. Com o seu sistema de aquecimento indirecto, esta panela de cozedura el\u00e9ctrica \u00e9 ideal para preparar pratos l\u00edquidos. Foi feita inteiramente de a\u00e7o inoxid\u00e1vel e est\u00e1 equipada com uma pr\u00e1tica v\u00e1lvula de escoamento consulte Mais informa\u00e7\u00e3o<\/p>\n","protected":false},"featured_media":9461268,"comment_status":"open","ping_status":"closed","template":"","meta":[],"product_cat":[140,778,84],"product_tag":[],"class_list":["post-9461269","product","type-product","status-publish","has-post-thumbnail","hentry","product_cat-cozedura-aquecimento","product_cat-panelas-basculantes","product_cat-fogoesepanelas","product_shipping_class-gph"],"_links":{"self":[{"href":"https:\/\/tpohotelariaecasa.pt\/index.php\/wp-json\/wp\/v2\/product\/9461269"}],"collection":[{"href":"https:\/\/tpohotelariaecasa.pt\/index.php\/wp-json\/wp\/v2\/product"}],"about":[{"href":"https:\/\/tpohotelariaecasa.pt\/index.php\/wp-json\/wp\/v2\/types\/product"}],"replies":[{"embeddable":true,"href":"https:\/\/tpohotelariaecasa.pt\/index.php\/wp-json\/wp\/v2\/comments?post=9461269"}],"wp:featuredmedia":[{"embeddable":true,"href":"https:\/\/tpohotelariaecasa.pt\/index.php\/wp-json\/wp\/v2\/media\/9461268"}],"wp:attachment":[{"href":"https:\/\/tpohotelariaecasa.pt\/index.php\/wp-json\/wp\/v2\/media?parent=9461269"}],"wp:term":[{"taxonomy":"product_cat","embeddable":true,"href":"https:\/\/tpohotelariaecasa.pt\/index.php\/wp-json\/wp\/v2\/product_cat?post=9461269"},{"taxonomy":"product_tag","embeddable":true,"href":"https:\/\/tpohotelariaecasa.pt\/index.php\/wp-json\/wp\/v2\/product_tag?post=9461269"}],"curies":[{"name":"wp","href":"https:\/\/api.w.org\/{rel}","templated":true}]}}