{"id":9461275,"date":"2024-05-29T17:17:29","date_gmt":"2024-05-29T17:17:29","guid":{"rendered":"https:\/\/tpohotelariaecasa.pt\/index.php\/product\/misturador-espiral-60-l-38-kg-de-massa-2-velocidades-400v\/"},"modified":"2025-04-03T09:09:49","modified_gmt":"2025-04-03T09:09:49","slug":"misturador-espiral-60-l-38-kg-de-massa-2-velocidades-400v","status":"publish","type":"product","link":"https:\/\/tpohotelariaecasa.pt\/index.php\/product\/misturador-espiral-60-l-38-kg-de-massa-2-velocidades-400v\/","title":{"rendered":"Misturador Espiral &#8211; 60 l &#8211; 38 kg de Massa &#8211; 2 Velocidades &#8211; 400V"},"content":{"rendered":"<p><strong>Caracter\u00edsticas:<\/strong><\/p>\n<ul>\n<li>Amassadeira em espiral robusta e pesada com p\u00e9s em a\u00e7o inoxid\u00e1vel<\/li>\n<li>Um motor forte e silencioso garante a aus\u00eancia de polui\u00e7\u00e3o sonora<\/li>\n<li>As pe\u00e7as em a\u00e7o inoxid\u00e1vel s\u00e3o f\u00e1ceis de limpar<\/li>\n<li>Acionamento por correia para uma vida \u00fatil mais longa<\/li>\n<li>Ecr\u00e3 simples e f\u00e1cil de utilizar<\/li>\n<\/ul>\n<p><strong>Especifica\u00e7\u00f5es do produto:<\/strong><\/p>\n<ul>\n<li>Peso l\u00edquido: 190 kg<\/li>\n<li>Capacidade: 60L<\/li>\n<li>Dimens\u00f5es: W52,5 x D88, x H112cm<\/li>\n<li>Dimens\u00f5es da ta\u00e7a de mistura: 50 \u00f8 x H33cm<\/li>\n<li>Velocidades da espiral: 120 e 240 RPM<\/li>\n<li>Velocidade da ta\u00e7a de mistura: 12 e 24 RPM<\/li>\n<li>Pot\u00eancia el\u00e9ctrica total: 2,4kW<\/li>\n<li>400V\/50Hz\/3Fase 2400W<\/li>\n<\/ul>\n<p><strong>Capacidade do produto:<\/strong><\/p>\n<ul>\n<li>Quantidade m\u00e1xima de farinha: 24kg<\/li>\n<li>Quantidade m\u00e1xima de massa: 38kg<\/li>\n<li>Quantidade m\u00ednima de massa: 20kg<\/li>\n<\/ul>\n","protected":false},"excerpt":{"rendered":"<p>Esta amassadeira profissional e silenciosa com um recipiente de mistura de 60 L \u00e9 adequada para amassar v\u00e1rios tipos de massa. Equipada com um motor potente, pode amassar at\u00e9 38 kg de massa a duas velocidades diferentes. consulte Mais informa\u00e7\u00e3o<\/p>\n","protected":false},"featured_media":9461274,"comment_status":"open","ping_status":"closed","template":"","meta":[],"product_cat":[117],"product_tag":[],"class_list":["post-9461275","product","type-product","status-publish","has-post-thumbnail","hentry","product_cat-amassadeiras","product_shipping_class-gph"],"_links":{"self":[{"href":"https:\/\/tpohotelariaecasa.pt\/index.php\/wp-json\/wp\/v2\/product\/9461275"}],"collection":[{"href":"https:\/\/tpohotelariaecasa.pt\/index.php\/wp-json\/wp\/v2\/product"}],"about":[{"href":"https:\/\/tpohotelariaecasa.pt\/index.php\/wp-json\/wp\/v2\/types\/product"}],"replies":[{"embeddable":true,"href":"https:\/\/tpohotelariaecasa.pt\/index.php\/wp-json\/wp\/v2\/comments?post=9461275"}],"wp:featuredmedia":[{"embeddable":true,"href":"https:\/\/tpohotelariaecasa.pt\/index.php\/wp-json\/wp\/v2\/media\/9461274"}],"wp:attachment":[{"href":"https:\/\/tpohotelariaecasa.pt\/index.php\/wp-json\/wp\/v2\/media?parent=9461275"}],"wp:term":[{"taxonomy":"product_cat","embeddable":true,"href":"https:\/\/tpohotelariaecasa.pt\/index.php\/wp-json\/wp\/v2\/product_cat?post=9461275"},{"taxonomy":"product_tag","embeddable":true,"href":"https:\/\/tpohotelariaecasa.pt\/index.php\/wp-json\/wp\/v2\/product_tag?post=9461275"}],"curies":[{"name":"wp","href":"https:\/\/api.w.org\/{rel}","templated":true}]}}