{"id":9461281,"date":"2024-05-29T17:17:33","date_gmt":"2024-05-29T17:17:33","guid":{"rendered":"https:\/\/tpohotelariaecasa.pt\/index.php\/product\/misturador-espiral-30l-18-kg-massa-2-velocidades-cuba-desmontable\/"},"modified":"2025-04-03T09:09:49","modified_gmt":"2025-04-03T09:09:49","slug":"misturador-espiral-30l-18-kg-massa-2-velocidades-cuba-desmontable","status":"publish","type":"product","link":"https:\/\/tpohotelariaecasa.pt\/index.php\/product\/misturador-espiral-30l-18-kg-massa-2-velocidades-cuba-desmontable\/","title":{"rendered":"Misturador Espiral &#8211; 30L &#8211; 18 kg Massa &#8211; 2 Velocidades &#8211; Cuba Desmontable"},"content":{"rendered":"<section id=\"description\">\n<div class=\"product-section-content\">\n<div class=\"product-description\">\n<p><strong>Caracter\u00edsticas:<\/strong><\/p>\n<ul>\n<li>Batedeira robusta e pesada para que n\u00e3o vibre durante o funcionamento<\/li>\n<li>Um motor potente e silencioso para n\u00e3o causar polui\u00e7\u00e3o sonora<\/li>\n<li>Com a ta\u00e7a amov\u00edvel, pode retirar facilmente a massa<\/li>\n<li>As pe\u00e7as em a\u00e7o inoxid\u00e1vel s\u00e3o duradouras e f\u00e1ceis de limpar<\/li>\n<li>A cabe\u00e7a inclin\u00e1vel facilita a adi\u00e7\u00e3o de ingredientes<\/li>\n<\/ul>\n<p><strong>Especifica\u00e7\u00f5es do produto:<\/strong><\/p>\n<ul>\n<li>Peso l\u00edquido: 134 kg<\/li>\n<li>Capacidade da ta\u00e7a: 30L<\/li>\n<li>Dimens\u00f5es do aparelho: L42 x P80 x A77,5cm<\/li>\n<li>Velocidade: 125 e 158RPM<\/li>\n<li>Velocidade da ta\u00e7a: 15 e 22RPM<\/li>\n<li>230 V \/ 50 Hz \/ 1 Fase 1500W<\/li>\n<\/ul>\n<p><strong>Capacidade de produ\u00e7\u00e3o:<\/strong><\/p>\n<ul>\n<li>Max. 12kg de farinha<\/li>\n<li>Max. 18kg de massa<\/li>\n<li>M\u00edn. 4kg de massa<\/li>\n<\/ul>\n<\/div>\n<\/div>\n<\/section>\n<section id=\"product.section.pros-and-cons\"><\/section>\n","protected":false},"excerpt":{"rendered":"<p>Esta amassadeira profissional e silenciosa com um recipiente de mistura de 30L \u00e9 adequada para amassar qualquer massa &#8211; desde p\u00e3o a massa de pizza. Est\u00e1 equipada com uma cabe\u00e7a inclin\u00e1vel e um motor potente, pelo que pode ter a certeza de que misturar\u00e1 perfeitamente o que necessita. Pode amassar at\u00e9 18 kg de massa e tem duas velocidades, o que a torna ideal para utiliza\u00e7\u00e3o em padarias, supermercados e caf\u00e9s que cozinham diariamente. consulte Mais informa\u00e7\u00e3o<\/p>\n","protected":false},"featured_media":9461280,"comment_status":"open","ping_status":"closed","template":"","meta":[],"product_cat":[792,117],"product_tag":[],"class_list":["post-9461281","product","type-product","status-publish","has-post-thumbnail","hentry","product_cat-mais-vendidos","product_cat-amassadeiras","product_shipping_class-gph"],"_links":{"self":[{"href":"https:\/\/tpohotelariaecasa.pt\/index.php\/wp-json\/wp\/v2\/product\/9461281"}],"collection":[{"href":"https:\/\/tpohotelariaecasa.pt\/index.php\/wp-json\/wp\/v2\/product"}],"about":[{"href":"https:\/\/tpohotelariaecasa.pt\/index.php\/wp-json\/wp\/v2\/types\/product"}],"replies":[{"embeddable":true,"href":"https:\/\/tpohotelariaecasa.pt\/index.php\/wp-json\/wp\/v2\/comments?post=9461281"}],"wp:featuredmedia":[{"embeddable":true,"href":"https:\/\/tpohotelariaecasa.pt\/index.php\/wp-json\/wp\/v2\/media\/9461280"}],"wp:attachment":[{"href":"https:\/\/tpohotelariaecasa.pt\/index.php\/wp-json\/wp\/v2\/media?parent=9461281"}],"wp:term":[{"taxonomy":"product_cat","embeddable":true,"href":"https:\/\/tpohotelariaecasa.pt\/index.php\/wp-json\/wp\/v2\/product_cat?post=9461281"},{"taxonomy":"product_tag","embeddable":true,"href":"https:\/\/tpohotelariaecasa.pt\/index.php\/wp-json\/wp\/v2\/product_tag?post=9461281"}],"curies":[{"name":"wp","href":"https:\/\/api.w.org\/{rel}","templated":true}]}}