{"id":9461283,"date":"2024-05-29T17:17:34","date_gmt":"2024-05-29T17:17:34","guid":{"rendered":"https:\/\/tpohotelariaecasa.pt\/index.php\/product\/misturador-espiral-50-l-38-kg-de-massa-2-velocidades-bacia-amovivel-400v\/"},"modified":"2025-04-03T09:09:49","modified_gmt":"2025-04-03T09:09:49","slug":"misturador-espiral-50-l-38-kg-de-massa-2-velocidades-bacia-amovivel-400v","status":"publish","type":"product","link":"https:\/\/tpohotelariaecasa.pt\/index.php\/product\/misturador-espiral-50-l-38-kg-de-massa-2-velocidades-bacia-amovivel-400v\/","title":{"rendered":"Misturador Espiral &#8211; 50 l &#8211; 38 kg de Massa &#8211; 2 Velocidades &#8211; Bacia Amov\u00edvel &#8211; 400V"},"content":{"rendered":"<p><strong>Caracter\u00edsticas:<\/strong><\/p>\n<ul>\n<li>Um motor potente e silencioso garante a aus\u00eancia de polui\u00e7\u00e3o sonora<\/li>\n<li>Com a ta\u00e7a amov\u00edvel, pode retirar facilmente a massa<\/li>\n<li>As pe\u00e7as em a\u00e7o inoxid\u00e1vel s\u00e3o f\u00e1ceis de limpar<\/li>\n<li>A cabe\u00e7a inclin\u00e1vel facilita a adi\u00e7\u00e3o de ingredientes<\/li>\n<li>Transmiss\u00e3o por corrente de alta qualidade para uma vida \u00fatil mais longa<\/li>\n<li>Duas velocidades: 90 e 135 RPM<\/li>\n<\/ul>\n<p><strong>Especifica\u00e7\u00f5es do produto:<\/strong><\/p>\n<ul>\n<li>Peso l\u00edquido: 168 kg<\/li>\n<li>Capacidade da ta\u00e7a: 50L<\/li>\n<li>Velocidade da ta\u00e7a: 9 e 13,5RPM<\/li>\n<li>Dimens\u00f5es do aparelho: L53,5 x P92,5 x A76,5cm<\/li>\n<li>Pot\u00eancia el\u00e9ctrica total: 1,5 kW<\/li>\n<li>400V \/ 50Hz \/ 3 fases 1500W<\/li>\n<\/ul>\n<p><strong>Capacidade de produ\u00e7\u00e3o:<\/strong><\/p>\n<ul>\n<li>Max. 20kg de farinha<\/li>\n<li>Max. 30kg de massa<\/li>\n<li>M\u00edn. 6kg de massa<\/li>\n<\/ul>\n","protected":false},"excerpt":{"rendered":"<p>Esta amassadeira profissional e silenciosa com um recipiente de mistura de 50L \u00e9 adequada para amassar massa de p\u00e3o e de pizza. Est\u00e1 equipada com uma cabe\u00e7a inclin\u00e1vel e um motor potente, pelo que pode ter a certeza de que misturar\u00e1 perfeitamente o que precisa. Pode amassar at\u00e9 30 kg de massa e est\u00e1 equipada com duas velocidades. consulte Mais informa\u00e7\u00e3o<\/p>\n","protected":false},"featured_media":9461282,"comment_status":"open","ping_status":"closed","template":"","meta":[],"product_cat":[117],"product_tag":[],"class_list":["post-9461283","product","type-product","status-publish","has-post-thumbnail","hentry","product_cat-amassadeiras","product_shipping_class-gph"],"_links":{"self":[{"href":"https:\/\/tpohotelariaecasa.pt\/index.php\/wp-json\/wp\/v2\/product\/9461283"}],"collection":[{"href":"https:\/\/tpohotelariaecasa.pt\/index.php\/wp-json\/wp\/v2\/product"}],"about":[{"href":"https:\/\/tpohotelariaecasa.pt\/index.php\/wp-json\/wp\/v2\/types\/product"}],"replies":[{"embeddable":true,"href":"https:\/\/tpohotelariaecasa.pt\/index.php\/wp-json\/wp\/v2\/comments?post=9461283"}],"wp:featuredmedia":[{"embeddable":true,"href":"https:\/\/tpohotelariaecasa.pt\/index.php\/wp-json\/wp\/v2\/media\/9461282"}],"wp:attachment":[{"href":"https:\/\/tpohotelariaecasa.pt\/index.php\/wp-json\/wp\/v2\/media?parent=9461283"}],"wp:term":[{"taxonomy":"product_cat","embeddable":true,"href":"https:\/\/tpohotelariaecasa.pt\/index.php\/wp-json\/wp\/v2\/product_cat?post=9461283"},{"taxonomy":"product_tag","embeddable":true,"href":"https:\/\/tpohotelariaecasa.pt\/index.php\/wp-json\/wp\/v2\/product_tag?post=9461283"}],"curies":[{"name":"wp","href":"https:\/\/api.w.org\/{rel}","templated":true}]}}