{"id":9461285,"date":"2024-05-29T17:17:35","date_gmt":"2024-05-29T17:17:35","guid":{"rendered":"https:\/\/tpohotelariaecasa.pt\/index.php\/product\/maquina-de-enrolar-massa-52-cm-modelo-de-chao-dobravel\/"},"modified":"2025-04-03T09:09:48","modified_gmt":"2025-04-03T09:09:48","slug":"maquina-de-enrolar-massa-52-cm-modelo-de-chao-dobravel","status":"publish","type":"product","link":"https:\/\/tpohotelariaecasa.pt\/index.php\/product\/maquina-de-enrolar-massa-52-cm-modelo-de-chao-dobravel\/","title":{"rendered":"M\u00e1quina de Enrolar Massa &#8211; 52 cm &#8211; Modelo de Ch\u00e3o &#8211; Dobr\u00e1vel"},"content":{"rendered":"<ul>\n<li>Tapete transportador adequado para o processamento de alimentos<\/li>\n<li>Espessura de massa ajust\u00e1vel 0-35 mm<\/li>\n<li>Pega para movimentar a massa<\/li>\n<li>Recet\u00e1culo de massa<\/li>\n<li>Equipado com um bot\u00e3o de emerg\u00eancia<\/li>\n<li>Equipado com grelhas de seguran\u00e7a<\/li>\n<li>Dobr\u00e1vel<\/li>\n<li>Apoia-se em rod\u00edzios com trav\u00f5es<\/li>\n<li>Constru\u00e7\u00e3o muito resistente<\/li>\n<li>Conce\u00e7\u00e3o higi\u00e9nica<\/li>\n<\/ul>\n<p>Caracter\u00edsticas do produto<\/p>\n<ul>\n<li>Peso l\u00edquido: 195 kg<\/li>\n<li>Dimens\u00f5es do rolo: \u00d8 88 x 520 mm<\/li>\n<li>Dimens\u00f5es do aparelho: L2050 x P870 x A1225 mm<\/li>\n<li>Dimens\u00f5es do aparelho dobrado: L70 x P88 x A150cm<\/li>\n<li>Pot\u00eancia el\u00e9ctrica total: 0,75 kW<\/li>\n<li>Pot\u00eancia: 230V \/ 50Hz \/ 1Phase 750 Watt<\/li>\n<\/ul>\n","protected":false},"excerpt":{"rendered":"<p>Com este rolo de massa duradouro e profissional, pode fazer bases de piza at\u00e9 52 cm. Gra\u00e7as \u00e0 correia transportadora, \u00e9 r\u00e1pido e f\u00e1cil estender grandes peda\u00e7os de massa. Este modelo de ch\u00e3o dobr\u00e1vel \u00e9 adequado para cozinhas movimentadas com pouco espa\u00e7o. consulte Mais informa\u00e7\u00e3o<\/p>\n","protected":false},"featured_media":9461284,"comment_status":"open","ping_status":"closed","template":"","meta":[],"product_cat":[117,128],"product_tag":[],"class_list":["post-9461285","product","type-product","status-publish","has-post-thumbnail","hentry","product_cat-amassadeiras","product_cat-rolos-de-massa","product_shipping_class-gph"],"_links":{"self":[{"href":"https:\/\/tpohotelariaecasa.pt\/index.php\/wp-json\/wp\/v2\/product\/9461285"}],"collection":[{"href":"https:\/\/tpohotelariaecasa.pt\/index.php\/wp-json\/wp\/v2\/product"}],"about":[{"href":"https:\/\/tpohotelariaecasa.pt\/index.php\/wp-json\/wp\/v2\/types\/product"}],"replies":[{"embeddable":true,"href":"https:\/\/tpohotelariaecasa.pt\/index.php\/wp-json\/wp\/v2\/comments?post=9461285"}],"wp:featuredmedia":[{"embeddable":true,"href":"https:\/\/tpohotelariaecasa.pt\/index.php\/wp-json\/wp\/v2\/media\/9461284"}],"wp:attachment":[{"href":"https:\/\/tpohotelariaecasa.pt\/index.php\/wp-json\/wp\/v2\/media?parent=9461285"}],"wp:term":[{"taxonomy":"product_cat","embeddable":true,"href":"https:\/\/tpohotelariaecasa.pt\/index.php\/wp-json\/wp\/v2\/product_cat?post=9461285"},{"taxonomy":"product_tag","embeddable":true,"href":"https:\/\/tpohotelariaecasa.pt\/index.php\/wp-json\/wp\/v2\/product_tag?post=9461285"}],"curies":[{"name":"wp","href":"https:\/\/api.w.org\/{rel}","templated":true}]}}