{"id":9461289,"date":"2024-05-29T17:17:37","date_gmt":"2024-05-29T17:17:37","guid":{"rendered":"https:\/\/tpohotelariaecasa.pt\/index.php\/product\/placa-de-grelhar-meio-ranhurado-36-cm-incl-bandeja-de-gotejamento\/"},"modified":"2025-04-03T09:09:44","modified_gmt":"2025-04-03T09:09:44","slug":"placa-de-grelhar-meio-ranhurado-36-cm-incl-bandeja-de-gotejamento","status":"publish","type":"product","link":"https:\/\/tpohotelariaecasa.pt\/index.php\/product\/placa-de-grelhar-meio-ranhurado-36-cm-incl-bandeja-de-gotejamento\/","title":{"rendered":"Placa de Grelhar &#8211; Meio Ranhurado &#8211; 36 cm &#8211; incl. Bandeja de Gotejamento"},"content":{"rendered":"<ul>\n<li>Placa da grelha com acabamento acetinado<\/li>\n<li>Componentes para cargas pesadas<\/li>\n<li>Term\u00f3stato entre 50\u00baC e 300\u00baC<\/li>\n<li>Luz indicadora de temperatura<\/li>\n<li>Distribui\u00e7\u00e3o de calor uniforme e r\u00e1pida<\/li>\n<li>Fica em 4 p\u00e9s de borracha<\/li>\n<li>Constru\u00e7\u00e3o muito dur\u00e1vel<\/li>\n<li>Desenho higi\u00e9nico<\/li>\n<li>Peso l\u00edquido: 17kg<\/li>\n<li>Superf\u00edcie de grelhagem: 36cm<\/li>\n<li>Dimens\u00f5es da grelha: W35,6 x D38,5cm<\/li>\n<li>Dimens\u00f5es do aparelho: L36 x D45 x H22cm<\/li>\n<li>Pot\u00eancia el\u00e9ctrica total: 2,0 kW<\/li>\n<li>Pot\u00eancia: 230V\/50Hz\/1Fase 2000W<\/li>\n<\/ul>\n","protected":false},"excerpt":{"rendered":"<p>Esta chapa \u00e9 feita de a\u00e7o inoxid\u00e1vel de alta qualidade e tem uma chapa lisa e ranhurada. \u00c9 ideal para uma utiliza\u00e7\u00e3o intensiva na cozinha profissional. Gra\u00e7as ao tabuleiro de gordura amov\u00edvel, esta chapa de grelha \u00e9 f\u00e1cil de manter limpa. consulte Mais informa\u00e7\u00e3o<\/p>\n","protected":false},"featured_media":9461288,"comment_status":"open","ping_status":"closed","template":"","meta":[],"product_cat":[792,794,97,140,788,21],"product_tag":[],"class_list":["post-9461289","product","type-product","status-publish","has-post-thumbnail","hentry","product_cat-mais-vendidos","product_cat-placas-de-grelhar","product_cat-placas-para-grelhar","product_cat-cozedura-aquecimento","product_cat-equipcafebar","product_cat-restauracao","product_shipping_class-pph"],"_links":{"self":[{"href":"https:\/\/tpohotelariaecasa.pt\/index.php\/wp-json\/wp\/v2\/product\/9461289"}],"collection":[{"href":"https:\/\/tpohotelariaecasa.pt\/index.php\/wp-json\/wp\/v2\/product"}],"about":[{"href":"https:\/\/tpohotelariaecasa.pt\/index.php\/wp-json\/wp\/v2\/types\/product"}],"replies":[{"embeddable":true,"href":"https:\/\/tpohotelariaecasa.pt\/index.php\/wp-json\/wp\/v2\/comments?post=9461289"}],"wp:featuredmedia":[{"embeddable":true,"href":"https:\/\/tpohotelariaecasa.pt\/index.php\/wp-json\/wp\/v2\/media\/9461288"}],"wp:attachment":[{"href":"https:\/\/tpohotelariaecasa.pt\/index.php\/wp-json\/wp\/v2\/media?parent=9461289"}],"wp:term":[{"taxonomy":"product_cat","embeddable":true,"href":"https:\/\/tpohotelariaecasa.pt\/index.php\/wp-json\/wp\/v2\/product_cat?post=9461289"},{"taxonomy":"product_tag","embeddable":true,"href":"https:\/\/tpohotelariaecasa.pt\/index.php\/wp-json\/wp\/v2\/product_tag?post=9461289"}],"curies":[{"name":"wp","href":"https:\/\/api.w.org\/{rel}","templated":true}]}}