{"id":9461293,"date":"2024-05-29T17:17:39","date_gmt":"2024-05-29T17:17:39","guid":{"rendered":"https:\/\/tpohotelariaecasa.pt\/index.php\/product\/fritadeira-2-x-4-l-2-cestos-ate-15-kg-de-batatas-fritas\/"},"modified":"2025-04-03T09:09:51","modified_gmt":"2025-04-03T09:09:51","slug":"fritadeira-2-x-4-l-2-cestos-ate-15-kg-de-batatas-fritas","status":"publish","type":"product","link":"https:\/\/tpohotelariaecasa.pt\/index.php\/product\/fritadeira-2-x-4-l-2-cestos-ate-15-kg-de-batatas-fritas\/","title":{"rendered":"Fritadeira &#8211; 2 x 4 l &#8211; 2 Cestos &#8211; At\u00e9 1,5 kg de Batatas Fritas"},"content":{"rendered":"<p>Caracter\u00edsticas da fritadeira el\u00e9ctrica profunda 2 x 4L<\/p>\n<ul>\n<li>Fritadeira profunda de 2 x 4L<\/li>\n<li>Componentes para cargas pesadas<\/li>\n<li>Term\u00f3stato entre 50 \u00b0C e 200 \u00b0C<\/li>\n<li>Elementos de aquecimento separados<\/li>\n<li>Luz indicadora de temperatura<\/li>\n<li>Punho resistente ao calor<\/li>\n<li>Fica em 4 p\u00e9s de borracha<\/li>\n<li>Constru\u00e7\u00e3o muito dur\u00e1vel<\/li>\n<li>Desenho higi\u00e9nico<\/li>\n<li>Peso l\u00edquido: 9,8kg<\/li>\n<li>Dimens\u00f5es do cesto: W13,5 x D20 x H11,5cm<\/li>\n<li>Dimens\u00f5es da m\u00e1quina: L45 x D38,5 x H31,5cm<\/li>\n<li>Pot\u00eancia do elemento de aquecimento: 2,5 + 2,5kW<\/li>\n<li>Pot\u00eancia el\u00e9ctrica total: 5kW<\/li>\n<li>Capacidade de batatas fritas: 2 x 0,8kg<\/li>\n<li>Pot\u00eancia: 230V \/ 50Hz \/ 1Fase 2 x 2500W<\/li>\n<\/ul>\n","protected":false},"excerpt":{"rendered":"<p>Com esta fritadeira profissional de dupla profundidade, pode preparar o dobro da comida gra\u00e7as aos dois recipientes de 4 litros cada. Ideal para uso di\u00e1rio na cozinha profissional e para preparar rapidamente dois lotes de 0,8 kg de batatas fritas. consulte Mais informa\u00e7\u00e3o<\/p>\n","protected":false},"featured_media":9461292,"comment_status":"open","ping_status":"closed","template":"","meta":[],"product_cat":[792,793,788,21,89],"product_tag":[],"class_list":["post-9461293","product","type-product","status-publish","has-post-thumbnail","hentry","product_cat-mais-vendidos","product_cat-fritadeiras-equipcafebar","product_cat-equipcafebar","product_cat-restauracao","product_cat-fritadeiras","product_shipping_class-pph"],"_links":{"self":[{"href":"https:\/\/tpohotelariaecasa.pt\/index.php\/wp-json\/wp\/v2\/product\/9461293"}],"collection":[{"href":"https:\/\/tpohotelariaecasa.pt\/index.php\/wp-json\/wp\/v2\/product"}],"about":[{"href":"https:\/\/tpohotelariaecasa.pt\/index.php\/wp-json\/wp\/v2\/types\/product"}],"replies":[{"embeddable":true,"href":"https:\/\/tpohotelariaecasa.pt\/index.php\/wp-json\/wp\/v2\/comments?post=9461293"}],"wp:featuredmedia":[{"embeddable":true,"href":"https:\/\/tpohotelariaecasa.pt\/index.php\/wp-json\/wp\/v2\/media\/9461292"}],"wp:attachment":[{"href":"https:\/\/tpohotelariaecasa.pt\/index.php\/wp-json\/wp\/v2\/media?parent=9461293"}],"wp:term":[{"taxonomy":"product_cat","embeddable":true,"href":"https:\/\/tpohotelariaecasa.pt\/index.php\/wp-json\/wp\/v2\/product_cat?post=9461293"},{"taxonomy":"product_tag","embeddable":true,"href":"https:\/\/tpohotelariaecasa.pt\/index.php\/wp-json\/wp\/v2\/product_tag?post=9461293"}],"curies":[{"name":"wp","href":"https:\/\/api.w.org\/{rel}","templated":true}]}}