{"id":9461299,"date":"2024-05-29T17:17:42","date_gmt":"2024-05-29T17:17:42","guid":{"rendered":"https:\/\/tpohotelariaecasa.pt\/index.php\/product\/fritadeira-2-x-10-l-2-cestos-com-torneira-de-drenagem\/"},"modified":"2025-04-03T09:09:44","modified_gmt":"2025-04-03T09:09:44","slug":"fritadeira-2-x-10-l-2-cestos-com-torneira-de-drenagem","status":"publish","type":"product","link":"https:\/\/tpohotelariaecasa.pt\/index.php\/product\/fritadeira-2-x-10-l-2-cestos-com-torneira-de-drenagem\/","title":{"rendered":"Fritadeira &#8211; 2 x 10 l &#8211; 2 Cestos &#8211; com Torneira de Drenagem"},"content":{"rendered":"<p>Caracter\u00edsticas da fritadeira el\u00e9ctrica profunda 2 x 10L &#8211; com torneira<\/p>\n<ul>\n<li>Fritadeira profunda de 2 x 10L<\/li>\n<li>Componentes para cargas pesadas<\/li>\n<li>Term\u00f3stato entre 50 \u00b0C e 200 \u00b0C<\/li>\n<li>Elementos de aquecimento separados<\/li>\n<li>Luz indicadora de temperatura<\/li>\n<li>Punho resistente ao calor<\/li>\n<li>Tem torneiras<\/li>\n<li>Fica em 4 p\u00e9s de borracha<\/li>\n<li>Constru\u00e7\u00e3o muito dur\u00e1vel<\/li>\n<li>Desenho higi\u00e9nico<\/li>\n<li>Peso l\u00edquido: 15,7kg<\/li>\n<li>Dimens\u00f5es do cesto: L19 x D21 x H9,5cm<\/li>\n<li>Dimens\u00f5es da m\u00e1quina: W57,5 x D50 x H35cm<\/li>\n<li>Poder dos elementos de aquecimento: 3,0kW + 3,0kW<\/li>\n<li>Pot\u00eancia el\u00e9ctrica total: 6,0kW<\/li>\n<li>Capacidade de batatas fritas: 2 x 0,9kg<\/li>\n<li>Pot\u00eancia: 230V \/ 50Hz \/ 1Fase 2 x 3000W<\/li>\n<\/ul>\n","protected":false},"excerpt":{"rendered":"<p>Esta fritadeira el\u00e9ctrica dupla \u00e9 ideal para fritar o dobro da quantidade de batatas fritas e outros petiscos. Equipada com uma torneira de drenagem pr\u00e1tica para trocas de \u00f3leo r\u00e1pidas e f\u00e1ceis, \u00e9 indispens\u00e1vel em qualquer cozinha profissional. consulte Mais informa\u00e7\u00e3o<\/p>\n","protected":false},"featured_media":9461298,"comment_status":"open","ping_status":"closed","template":"","meta":[],"product_cat":[793,788,21,89],"product_tag":[],"class_list":["post-9461299","product","type-product","status-publish","has-post-thumbnail","hentry","product_cat-fritadeiras-equipcafebar","product_cat-equipcafebar","product_cat-restauracao","product_cat-fritadeiras","product_shipping_class-pph"],"_links":{"self":[{"href":"https:\/\/tpohotelariaecasa.pt\/index.php\/wp-json\/wp\/v2\/product\/9461299"}],"collection":[{"href":"https:\/\/tpohotelariaecasa.pt\/index.php\/wp-json\/wp\/v2\/product"}],"about":[{"href":"https:\/\/tpohotelariaecasa.pt\/index.php\/wp-json\/wp\/v2\/types\/product"}],"replies":[{"embeddable":true,"href":"https:\/\/tpohotelariaecasa.pt\/index.php\/wp-json\/wp\/v2\/comments?post=9461299"}],"wp:featuredmedia":[{"embeddable":true,"href":"https:\/\/tpohotelariaecasa.pt\/index.php\/wp-json\/wp\/v2\/media\/9461298"}],"wp:attachment":[{"href":"https:\/\/tpohotelariaecasa.pt\/index.php\/wp-json\/wp\/v2\/media?parent=9461299"}],"wp:term":[{"taxonomy":"product_cat","embeddable":true,"href":"https:\/\/tpohotelariaecasa.pt\/index.php\/wp-json\/wp\/v2\/product_cat?post=9461299"},{"taxonomy":"product_tag","embeddable":true,"href":"https:\/\/tpohotelariaecasa.pt\/index.php\/wp-json\/wp\/v2\/product_tag?post=9461299"}],"curies":[{"name":"wp","href":"https:\/\/api.w.org\/{rel}","templated":true}]}}