{"id":9461301,"date":"2024-05-29T17:17:44","date_gmt":"2024-05-29T17:17:44","guid":{"rendered":"https:\/\/tpohotelariaecasa.pt\/index.php\/product\/fritadeira-45-l-1-cesto-com-torneira-de-drenagem-400v\/"},"modified":"2025-04-03T09:09:48","modified_gmt":"2025-04-03T09:09:48","slug":"fritadeira-45-l-1-cesto-com-torneira-de-drenagem-400v","status":"publish","type":"product","link":"https:\/\/tpohotelariaecasa.pt\/index.php\/product\/fritadeira-45-l-1-cesto-com-torneira-de-drenagem-400v\/","title":{"rendered":"Fritadeira &#8211; 45 l &#8211; 1 Cesto &#8211; com Torneira de Drenagem &#8211; 400V"},"content":{"rendered":"<p>Caracter\u00edsticas da fritadeira el\u00e9ctrica profunda 45L &#8211; com torneira de drenagem e arm\u00e1rio:<\/p>\n<ul>\n<li>Componentes para servi\u00e7o pesado<\/li>\n<li>Gama de term\u00f3statos entre 50 e 200 \u00b0C<\/li>\n<li>Luz indicadora de temperatura<\/li>\n<li>Pega resistente ao calor<\/li>\n<li>Temporizador<\/li>\n<li>Incluindo base<\/li>\n<li>Grelha para recolha de res\u00edduos de fritura profunda<\/li>\n<li>Fica em 4 p\u00e9s de borracha<\/li>\n<li>Constru\u00e7\u00e3o muito dur\u00e1vel<\/li>\n<li>Desenho higi\u00e9nico<\/li>\n<li>Fritadeira profunda de 45L<\/li>\n<\/ul>\n<p><strong>Especifica\u00e7\u00f5es do produto<\/strong><\/p>\n<ul>\n<li>Peso l\u00edquido: 39,5kg<\/li>\n<li>Dimens\u00f5es do cesto: L46 x D25,5 x H14cm<\/li>\n<li>Dimens\u00f5es da m\u00e1quina: L68 x D59 x H102cm<\/li>\n<li>Dimens\u00f5es do tanque: L52 x D40,5 x H20cm<\/li>\n<li>Batatas fritas com capacidade: 5,2kg<\/li>\n<li>Pot\u00eancia el\u00e9ctrica total: 7,5kW<\/li>\n<li>Pot\u00eancia: 400V \/ 50Hz \/ 3Phase 7500W<\/li>\n<\/ul>\n","protected":false},"excerpt":{"rendered":"<p>Com esta fritadeira extra grande de 45L, pode fritar r\u00e1pida e facilmente mais de 5,2kg de batatas fritas ou mesmo uma grande por\u00e7\u00e3o de aperitivos e petiscos. Tem uma base uesful que oferece um bom acesso \u00e0 torneira de drenagem incorporada. consulte Mais informa\u00e7\u00e3o<\/p>\n","protected":false},"featured_media":9461300,"comment_status":"open","ping_status":"closed","template":"","meta":[],"product_cat":[792,793,788,21,89],"product_tag":[],"class_list":["post-9461301","product","type-product","status-publish","has-post-thumbnail","hentry","product_cat-mais-vendidos","product_cat-fritadeiras-equipcafebar","product_cat-equipcafebar","product_cat-restauracao","product_cat-fritadeiras","product_shipping_class-gph"],"_links":{"self":[{"href":"https:\/\/tpohotelariaecasa.pt\/index.php\/wp-json\/wp\/v2\/product\/9461301"}],"collection":[{"href":"https:\/\/tpohotelariaecasa.pt\/index.php\/wp-json\/wp\/v2\/product"}],"about":[{"href":"https:\/\/tpohotelariaecasa.pt\/index.php\/wp-json\/wp\/v2\/types\/product"}],"replies":[{"embeddable":true,"href":"https:\/\/tpohotelariaecasa.pt\/index.php\/wp-json\/wp\/v2\/comments?post=9461301"}],"wp:featuredmedia":[{"embeddable":true,"href":"https:\/\/tpohotelariaecasa.pt\/index.php\/wp-json\/wp\/v2\/media\/9461300"}],"wp:attachment":[{"href":"https:\/\/tpohotelariaecasa.pt\/index.php\/wp-json\/wp\/v2\/media?parent=9461301"}],"wp:term":[{"taxonomy":"product_cat","embeddable":true,"href":"https:\/\/tpohotelariaecasa.pt\/index.php\/wp-json\/wp\/v2\/product_cat?post=9461301"},{"taxonomy":"product_tag","embeddable":true,"href":"https:\/\/tpohotelariaecasa.pt\/index.php\/wp-json\/wp\/v2\/product_tag?post=9461301"}],"curies":[{"name":"wp","href":"https:\/\/api.w.org\/{rel}","templated":true}]}}