{"id":9461303,"date":"2024-05-29T17:17:45","date_gmt":"2024-05-29T17:17:45","guid":{"rendered":"https:\/\/tpohotelariaecasa.pt\/index.php\/product\/premium-fogao-de-placa-ardente-1-queimador-unidade-dupla-90-cm-de-profundidade-gas\/"},"modified":"2025-04-03T09:09:48","modified_gmt":"2025-04-03T09:09:48","slug":"premium-fogao-de-placa-ardente-1-queimador-unidade-dupla-90-cm-de-profundidade-gas","status":"publish","type":"product","link":"https:\/\/tpohotelariaecasa.pt\/index.php\/product\/premium-fogao-de-placa-ardente-1-queimador-unidade-dupla-90-cm-de-profundidade-gas\/","title":{"rendered":"Premium Fog\u00e3o de Placa Ardente &#8211; 1 Queimador &#8211; Unidade Dupla &#8211; 90 cm de Profundidade &#8211; G\u00e1s"},"content":{"rendered":"<p><strong>Especifica\u00e7\u00f5es do produto<\/strong><\/p>\n<ul>\n<li>Peso l\u00edquido: 84 kg<\/li>\n<li>Dimens\u00f5es do aparelho: L80 x P90 x A28cm<\/li>\n<li>Pot\u00eancia total: 10,0 kW<\/li>\n<li>Injectores de g\u00e1s instalados: G25 &#8211; G\u00e1s natural<\/li>\n<li>Conjunto extra de injectores de g\u00e1s: G30 &#8211; GPL (Propano \/ Butano)<\/li>\n<\/ul>\n","protected":false},"excerpt":{"rendered":"<p>Com este tampo s\u00f3lido de qualidade superior, os pratos que necessitam de um tempo de espera mais longo est\u00e3o em boas m\u00e3os. Deixe o estufado, o lume brando e a cozedura lenta para esta pe\u00e7a de equipamento de cozinha com um design bonito\u00e9 f\u00e1cil de utilizar e f\u00e1cil de limparf\u00e1cil de utilizar e de limpar.Em suma, este pr\u00e1tico tampo s\u00f3lido \u00e9 \u00fatil em qualquer cozinha comercial. consulte Mais informa\u00e7\u00e3o<\/p>\n","protected":false},"featured_media":9461302,"comment_status":"open","ping_status":"closed","template":"","meta":[],"product_cat":[140,84],"product_tag":[],"class_list":["post-9461303","product","type-product","status-publish","has-post-thumbnail","hentry","product_cat-cozedura-aquecimento","product_cat-fogoesepanelas","product_shipping_class-gph"],"_links":{"self":[{"href":"https:\/\/tpohotelariaecasa.pt\/index.php\/wp-json\/wp\/v2\/product\/9461303"}],"collection":[{"href":"https:\/\/tpohotelariaecasa.pt\/index.php\/wp-json\/wp\/v2\/product"}],"about":[{"href":"https:\/\/tpohotelariaecasa.pt\/index.php\/wp-json\/wp\/v2\/types\/product"}],"replies":[{"embeddable":true,"href":"https:\/\/tpohotelariaecasa.pt\/index.php\/wp-json\/wp\/v2\/comments?post=9461303"}],"wp:featuredmedia":[{"embeddable":true,"href":"https:\/\/tpohotelariaecasa.pt\/index.php\/wp-json\/wp\/v2\/media\/9461302"}],"wp:attachment":[{"href":"https:\/\/tpohotelariaecasa.pt\/index.php\/wp-json\/wp\/v2\/media?parent=9461303"}],"wp:term":[{"taxonomy":"product_cat","embeddable":true,"href":"https:\/\/tpohotelariaecasa.pt\/index.php\/wp-json\/wp\/v2\/product_cat?post=9461303"},{"taxonomy":"product_tag","embeddable":true,"href":"https:\/\/tpohotelariaecasa.pt\/index.php\/wp-json\/wp\/v2\/product_tag?post=9461303"}],"curies":[{"name":"wp","href":"https:\/\/api.w.org\/{rel}","templated":true}]}}