{"id":9461311,"date":"2024-05-29T17:17:50","date_gmt":"2024-05-29T17:17:50","guid":{"rendered":"https:\/\/tpohotelariaecasa.pt\/index.php\/product\/premium-cozedores-de-massa-unidade-simples-90-cm-de-profundidade-gas\/"},"modified":"2025-04-03T09:09:48","modified_gmt":"2025-04-03T09:09:48","slug":"premium-cozedores-de-massa-unidade-simples-90-cm-de-profundidade-gas","status":"publish","type":"product","link":"https:\/\/tpohotelariaecasa.pt\/index.php\/product\/premium-cozedores-de-massa-unidade-simples-90-cm-de-profundidade-gas\/","title":{"rendered":"Premium Cozedores de Massa &#8211; Unidade Simples &#8211; 90 cm de Profundidade &#8211; G\u00e1s"},"content":{"rendered":"<p><strong>Especifica\u00e7\u00f5es do produto<\/strong><\/p>\n<p>Peso l\u00edquido: 67kgBasket<br \/>\ndimens\u00f5es: L27 x D14 x<br \/>\nH23cmDimens\u00f5es do<br \/>\naparelho:<br \/>\nW40 x D90 x H85mTotal da<br \/>\npot\u00eancia do g\u00e1s: 18,0 kWInstalados<br \/>\ninjectores de g\u00e1s<\/p>\n<p>:<\/p>\n<p>G25 &#8211; g\u00e1s natural<\/p>\n","protected":false},"excerpt":{"rendered":"<p>Este cozedor de massas premium \u00e9 uma mais-valia em todas as cozinhas de catering. N\u00e3o s\u00f3 tem um design muito elegante, como tamb\u00e9m oferece uma vasta gama de aplica\u00e7\u00f5es culin\u00e1rias. Com capacidade para 40 litros de \u00e1gua e tr\u00eas cestos de massa em a\u00e7o inoxid\u00e1vel, todas as suas massas, macarr\u00e3o, legumes e arroz devem estar prontas em pouco tempo. consulte Mais informa\u00e7\u00e3o<\/p>\n","protected":false},"featured_media":9461310,"comment_status":"open","ping_status":"closed","template":"","meta":[],"product_cat":[140,84],"product_tag":[],"class_list":["post-9461311","product","type-product","status-publish","has-post-thumbnail","hentry","product_cat-cozedura-aquecimento","product_cat-fogoesepanelas","product_shipping_class-gph"],"_links":{"self":[{"href":"https:\/\/tpohotelariaecasa.pt\/index.php\/wp-json\/wp\/v2\/product\/9461311"}],"collection":[{"href":"https:\/\/tpohotelariaecasa.pt\/index.php\/wp-json\/wp\/v2\/product"}],"about":[{"href":"https:\/\/tpohotelariaecasa.pt\/index.php\/wp-json\/wp\/v2\/types\/product"}],"replies":[{"embeddable":true,"href":"https:\/\/tpohotelariaecasa.pt\/index.php\/wp-json\/wp\/v2\/comments?post=9461311"}],"wp:featuredmedia":[{"embeddable":true,"href":"https:\/\/tpohotelariaecasa.pt\/index.php\/wp-json\/wp\/v2\/media\/9461310"}],"wp:attachment":[{"href":"https:\/\/tpohotelariaecasa.pt\/index.php\/wp-json\/wp\/v2\/media?parent=9461311"}],"wp:term":[{"taxonomy":"product_cat","embeddable":true,"href":"https:\/\/tpohotelariaecasa.pt\/index.php\/wp-json\/wp\/v2\/product_cat?post=9461311"},{"taxonomy":"product_tag","embeddable":true,"href":"https:\/\/tpohotelariaecasa.pt\/index.php\/wp-json\/wp\/v2\/product_tag?post=9461311"}],"curies":[{"name":"wp","href":"https:\/\/api.w.org\/{rel}","templated":true}]}}