{"id":9461313,"date":"2024-05-29T17:17:51","date_gmt":"2024-05-29T17:17:51","guid":{"rendered":"https:\/\/tpohotelariaecasa.pt\/index.php\/product\/premium-cozedores-de-massa-unidade-dupla-90-cm-de-profundidade-gas\/"},"modified":"2025-04-03T09:09:48","modified_gmt":"2025-04-03T09:09:48","slug":"premium-cozedores-de-massa-unidade-dupla-90-cm-de-profundidade-gas","status":"publish","type":"product","link":"https:\/\/tpohotelariaecasa.pt\/index.php\/product\/premium-cozedores-de-massa-unidade-dupla-90-cm-de-profundidade-gas\/","title":{"rendered":"Premium Cozedores de Massa &#8211; Unidade Dupla &#8211; 90 cm de Profundidade &#8211; G\u00e1s"},"content":{"rendered":"<p><strong>Especifica\u00e7\u00f5es do produto<\/strong><\/p>\n<ul>\n<li>Peso l\u00edquido: 123kg<\/li>\n<li>Dimens\u00f5es do cesto: L27 x D14 x H23cm<\/li>\n<li>Dimens\u00f5es do dispositivo: L80 x D90 x H85cm<\/li>\n<li>Pot\u00eancia total do g\u00e1s: 36,0 kW<\/li>\n<li>Injectores de g\u00e1s instalados: G25 &#8211; g\u00e1s natural<\/li>\n<li>Conjunto extra de injectores de g\u00e1s: G30 &#8211; GPL (propano\/butano)<\/li>\n<\/ul>\n","protected":false},"excerpt":{"rendered":"<p>Este cozedor de massas premium \u00e9 uma mais-valia em todas as cozinhas de catering. N\u00e3o s\u00f3 tem um design muito elegante, como tamb\u00e9m oferece uma vasta gama de aplica\u00e7\u00f5es culin\u00e1rias. Com capacidade para 2 x 40 litros de \u00e1gua e seis cestos de massa em a\u00e7o inoxid\u00e1vel, todas as suas massas, macarr\u00e3o, legumes e arroz devem estar prontas num instante. consulte Mais informa\u00e7\u00e3o<\/p>\n","protected":false},"featured_media":9461312,"comment_status":"open","ping_status":"closed","template":"","meta":[],"product_cat":[140,84],"product_tag":[],"class_list":["post-9461313","product","type-product","status-publish","has-post-thumbnail","hentry","product_cat-cozedura-aquecimento","product_cat-fogoesepanelas","product_shipping_class-gph"],"_links":{"self":[{"href":"https:\/\/tpohotelariaecasa.pt\/index.php\/wp-json\/wp\/v2\/product\/9461313"}],"collection":[{"href":"https:\/\/tpohotelariaecasa.pt\/index.php\/wp-json\/wp\/v2\/product"}],"about":[{"href":"https:\/\/tpohotelariaecasa.pt\/index.php\/wp-json\/wp\/v2\/types\/product"}],"replies":[{"embeddable":true,"href":"https:\/\/tpohotelariaecasa.pt\/index.php\/wp-json\/wp\/v2\/comments?post=9461313"}],"wp:featuredmedia":[{"embeddable":true,"href":"https:\/\/tpohotelariaecasa.pt\/index.php\/wp-json\/wp\/v2\/media\/9461312"}],"wp:attachment":[{"href":"https:\/\/tpohotelariaecasa.pt\/index.php\/wp-json\/wp\/v2\/media?parent=9461313"}],"wp:term":[{"taxonomy":"product_cat","embeddable":true,"href":"https:\/\/tpohotelariaecasa.pt\/index.php\/wp-json\/wp\/v2\/product_cat?post=9461313"},{"taxonomy":"product_tag","embeddable":true,"href":"https:\/\/tpohotelariaecasa.pt\/index.php\/wp-json\/wp\/v2\/product_tag?post=9461313"}],"curies":[{"name":"wp","href":"https:\/\/api.w.org\/{rel}","templated":true}]}}