{"id":9461317,"date":"2024-05-29T17:17:53","date_gmt":"2024-05-29T17:17:53","guid":{"rendered":"https:\/\/tpohotelariaecasa.pt\/index.php\/product\/premium-cozedores-de-massa-unidade-dupla-90-cm-de-profundidade-eletrico-400v\/"},"modified":"2025-04-03T09:09:48","modified_gmt":"2025-04-03T09:09:48","slug":"premium-cozedores-de-massa-unidade-dupla-90-cm-de-profundidade-eletrico-400v","status":"publish","type":"product","link":"https:\/\/tpohotelariaecasa.pt\/index.php\/product\/premium-cozedores-de-massa-unidade-dupla-90-cm-de-profundidade-eletrico-400v\/","title":{"rendered":"Premium Cozedores de Massa &#8211; Unidade Dupla &#8211; 90 cm de Profundidade &#8211; El\u00e9trico &#8211; 400V"},"content":{"rendered":"<p><strong>Caracter\u00edsticas<\/strong><\/p>\n<ul>\n<li>Panela de massa em a\u00e7o inoxid\u00e1vel com cantos arredondados para uma limpeza f\u00e1cil<\/li>\n<li>Fornecido com seis robustos cestos de massa em a\u00e7o inoxid\u00e1vel com perfura\u00e7\u00e3o fina<\/li>\n<li>Elementos blindados de aquecimento eficiente na bacia hidrogr\u00e1fica fornecem aquecimento r\u00e1pido<\/li>\n<li>Equipado com um term\u00f3stato de seguran\u00e7a de 20-200\u00b0C<\/li>\n<li>Fun\u00e7\u00e3o de remo\u00e7\u00e3o autom\u00e1tica de amido para manter a qualidade da \u00e1gua elevada<\/li>\n<li>Equipado com uma v\u00e1lvula solen\u00f3ide para \u00e1gua fria ou quente<\/li>\n<li>Esvaziamento r\u00e1pido do dep\u00f3sito de \u00e1gua com v\u00e1lvula de esfera e drenagem<\/li>\n<li>Constru\u00e7\u00e3o altamente dur\u00e1vel e design ergon\u00f3mico<\/li>\n<li>Inclui uma base com um arm\u00e1rio para armazenamento extra<\/li>\n<\/ul>\n<p><strong>Especifica\u00e7\u00f5es do produto<\/strong><\/p>\n<ul>\n<li>Peso l\u00edquido: 90kg<\/li>\n<li>Dimens\u00f5es do cesto: L27 x D14 x H23cm<\/li>\n<li>Dimens\u00f5es do dispositivo: L80 x D90 x H85cm<\/li>\n<li>Pot\u00eancia el\u00e9ctrica total: 24,0 kW<\/li>\n<li>Pot\u00eancia: 400V \/ 50Hz \/ 3 fases 24000W<\/li>\n<\/ul>\n<p><strong>Este produto vem sem ficha.<\/strong><\/p>\n","protected":false},"excerpt":{"rendered":"<p>Este cozedor de massas premium com uma capacidade de \u00e1gua de 2 x 40 litros \u00e9 utilizado para preparar rapidamente grandes quantidades de massa. Este cozedor de massas de alta qualidade vem com seis robustos cestos de a\u00e7o inoxid\u00e1vel que cont\u00eam perfura\u00e7\u00e3o fina para cozinhar massas, arroz e mesmo vegetais. Al\u00e9m disso, vem com uma base com uma \u00fanica porta de arm\u00e1rio para espa\u00e7o de armazenamento extra. consulte Mais informa\u00e7\u00e3o<\/p>\n","protected":false},"featured_media":9461316,"comment_status":"open","ping_status":"closed","template":"","meta":[],"product_cat":[140,84],"product_tag":[],"class_list":["post-9461317","product","type-product","status-publish","has-post-thumbnail","hentry","product_cat-cozedura-aquecimento","product_cat-fogoesepanelas","product_shipping_class-gph"],"_links":{"self":[{"href":"https:\/\/tpohotelariaecasa.pt\/index.php\/wp-json\/wp\/v2\/product\/9461317"}],"collection":[{"href":"https:\/\/tpohotelariaecasa.pt\/index.php\/wp-json\/wp\/v2\/product"}],"about":[{"href":"https:\/\/tpohotelariaecasa.pt\/index.php\/wp-json\/wp\/v2\/types\/product"}],"replies":[{"embeddable":true,"href":"https:\/\/tpohotelariaecasa.pt\/index.php\/wp-json\/wp\/v2\/comments?post=9461317"}],"wp:featuredmedia":[{"embeddable":true,"href":"https:\/\/tpohotelariaecasa.pt\/index.php\/wp-json\/wp\/v2\/media\/9461316"}],"wp:attachment":[{"href":"https:\/\/tpohotelariaecasa.pt\/index.php\/wp-json\/wp\/v2\/media?parent=9461317"}],"wp:term":[{"taxonomy":"product_cat","embeddable":true,"href":"https:\/\/tpohotelariaecasa.pt\/index.php\/wp-json\/wp\/v2\/product_cat?post=9461317"},{"taxonomy":"product_tag","embeddable":true,"href":"https:\/\/tpohotelariaecasa.pt\/index.php\/wp-json\/wp\/v2\/product_tag?post=9461317"}],"curies":[{"name":"wp","href":"https:\/\/api.w.org\/{rel}","templated":true}]}}