{"id":9461319,"date":"2024-05-29T17:17:54","date_gmt":"2024-05-29T17:17:54","guid":{"rendered":"https:\/\/tpohotelariaecasa.pt\/index.php\/product\/premium-fogao-de-inducao-2-queimadores-unidade-simples-90-cm-de-profundidade-eletrico\/"},"modified":"2025-04-03T09:09:48","modified_gmt":"2025-04-03T09:09:48","slug":"premium-fogao-de-inducao-2-queimadores-unidade-simples-90-cm-de-profundidade-eletrico","status":"publish","type":"product","link":"https:\/\/tpohotelariaecasa.pt\/index.php\/product\/premium-fogao-de-inducao-2-queimadores-unidade-simples-90-cm-de-profundidade-eletrico\/","title":{"rendered":"Premium Fog\u00e3o de Indu\u00e7\u00e3o &#8211; 2 Queimadores &#8211; Unidade Simples &#8211; 90 cm de Profundidade &#8211; El\u00e9trico"},"content":{"rendered":"<p><strong>Especifica\u00e7\u00f5es do produto<\/strong><\/p>\n<ul>\n<li>Peso l\u00edquido: 25,4kg<\/li>\n<li>Dimens\u00f5es: L40 x D90 x H28cm<\/li>\n<li>Pot\u00eancia: 2 x 3,5 kW<\/li>\n<li>Pot\u00eancia el\u00e9ctrica total: 7,0 kW<\/li>\n<li>400V \/ 50Hz \/ 3 fases 7000W<\/li>\n<\/ul>\n<p><strong>Este produto \u00e9 fornecido sem ficha.<\/strong><\/p>\n","protected":false},"excerpt":{"rendered":"<p>Com este fog\u00e3o de indu\u00e7\u00e3o com dois queimadores, obt\u00e9m uma placa eficiente e robusta para adicionar \u00e0 sua linha de cozedura Com a superf\u00edcie de cozedura em vitrocer\u00e2mica e a caixa em a\u00e7o inoxid\u00e1vel, esta placa de indu\u00e7\u00e3o \u00e9 tamb\u00e9m muito f\u00e1cil de limpar. consulte Mais informa\u00e7\u00e3o<\/p>\n","protected":false},"featured_media":9461318,"comment_status":"open","ping_status":"closed","template":"","meta":[],"product_cat":[140,84],"product_tag":[],"class_list":["post-9461319","product","type-product","status-publish","has-post-thumbnail","hentry","product_cat-cozedura-aquecimento","product_cat-fogoesepanelas","product_shipping_class-pph"],"_links":{"self":[{"href":"https:\/\/tpohotelariaecasa.pt\/index.php\/wp-json\/wp\/v2\/product\/9461319"}],"collection":[{"href":"https:\/\/tpohotelariaecasa.pt\/index.php\/wp-json\/wp\/v2\/product"}],"about":[{"href":"https:\/\/tpohotelariaecasa.pt\/index.php\/wp-json\/wp\/v2\/types\/product"}],"replies":[{"embeddable":true,"href":"https:\/\/tpohotelariaecasa.pt\/index.php\/wp-json\/wp\/v2\/comments?post=9461319"}],"wp:featuredmedia":[{"embeddable":true,"href":"https:\/\/tpohotelariaecasa.pt\/index.php\/wp-json\/wp\/v2\/media\/9461318"}],"wp:attachment":[{"href":"https:\/\/tpohotelariaecasa.pt\/index.php\/wp-json\/wp\/v2\/media?parent=9461319"}],"wp:term":[{"taxonomy":"product_cat","embeddable":true,"href":"https:\/\/tpohotelariaecasa.pt\/index.php\/wp-json\/wp\/v2\/product_cat?post=9461319"},{"taxonomy":"product_tag","embeddable":true,"href":"https:\/\/tpohotelariaecasa.pt\/index.php\/wp-json\/wp\/v2\/product_tag?post=9461319"}],"curies":[{"name":"wp","href":"https:\/\/api.w.org\/{rel}","templated":true}]}}