{"id":9461323,"date":"2024-05-29T17:17:57","date_gmt":"2024-05-29T17:17:57","guid":{"rendered":"https:\/\/tpohotelariaecasa.pt\/index.php\/product\/premium-grelhador-a-carvao-1-zonas-unidade-simples-90-cm-de-profundidade-gas\/"},"modified":"2025-04-03T09:09:48","modified_gmt":"2025-04-03T09:09:48","slug":"premium-grelhador-a-carvao-1-zonas-unidade-simples-90-cm-de-profundidade-gas","status":"publish","type":"product","link":"https:\/\/tpohotelariaecasa.pt\/index.php\/product\/premium-grelhador-a-carvao-1-zonas-unidade-simples-90-cm-de-profundidade-gas\/","title":{"rendered":"Premium Grelhador a Carv\u00e3o &#8211; 1 Zonas &#8211; Unidade Simples &#8211; 90 cm de Profundidade &#8211; G\u00e1s"},"content":{"rendered":"<p><strong>Especifica\u00e7\u00f5es do produto<\/strong><\/p>\n<ul>\n<li>Peso l\u00edquido: 45kg<\/li>\n<li>Dimens\u00f5es do dispositivo: L40 x D90 x H28cm<\/li>\n<li>Pot\u00eancia total do g\u00e1s: 8,0 kW<\/li>\n<li>Injectores de g\u00e1s instalados: G25 &#8211; g\u00e1s natural<\/li>\n<li>Conjunto extra de injectores de g\u00e1s: G30 &#8211; GPL (propano \/ butano)<\/li>\n<\/ul>\n","protected":false},"excerpt":{"rendered":"<p>Neste carregador premium que funciona a g\u00e1s, \u00e9 poss\u00edvel preparar carne e peixe como nunca antes. Fumar ou grelhar carne e peixe real\u00e7a realmente os melhores sabores. \u00c9 adequado para uso intensivo di\u00e1rio na cozinha profissional e pode ser facilmente adicionado a uma linha de cozinha. consulte Mais informa\u00e7\u00e3o<\/p>\n","protected":false},"featured_media":9461322,"comment_status":"open","ping_status":"closed","template":"","meta":[],"product_cat":[140,21,90],"product_tag":[],"class_list":["post-9461323","product","type-product","status-publish","has-post-thumbnail","hentry","product_cat-cozedura-aquecimento","product_cat-restauracao","product_cat-grelhadores","product_shipping_class-gph"],"_links":{"self":[{"href":"https:\/\/tpohotelariaecasa.pt\/index.php\/wp-json\/wp\/v2\/product\/9461323"}],"collection":[{"href":"https:\/\/tpohotelariaecasa.pt\/index.php\/wp-json\/wp\/v2\/product"}],"about":[{"href":"https:\/\/tpohotelariaecasa.pt\/index.php\/wp-json\/wp\/v2\/types\/product"}],"replies":[{"embeddable":true,"href":"https:\/\/tpohotelariaecasa.pt\/index.php\/wp-json\/wp\/v2\/comments?post=9461323"}],"wp:featuredmedia":[{"embeddable":true,"href":"https:\/\/tpohotelariaecasa.pt\/index.php\/wp-json\/wp\/v2\/media\/9461322"}],"wp:attachment":[{"href":"https:\/\/tpohotelariaecasa.pt\/index.php\/wp-json\/wp\/v2\/media?parent=9461323"}],"wp:term":[{"taxonomy":"product_cat","embeddable":true,"href":"https:\/\/tpohotelariaecasa.pt\/index.php\/wp-json\/wp\/v2\/product_cat?post=9461323"},{"taxonomy":"product_tag","embeddable":true,"href":"https:\/\/tpohotelariaecasa.pt\/index.php\/wp-json\/wp\/v2\/product_tag?post=9461323"}],"curies":[{"name":"wp","href":"https:\/\/api.w.org\/{rel}","templated":true}]}}