{"id":9461325,"date":"2024-05-29T17:17:58","date_gmt":"2024-05-29T17:17:58","guid":{"rendered":"https:\/\/tpohotelariaecasa.pt\/index.php\/product\/premium-grelhador-a-carvao-2-zonas-unidade-dupla-90-cm-de-profundidade-gas\/"},"modified":"2025-04-03T09:09:48","modified_gmt":"2025-04-03T09:09:48","slug":"premium-grelhador-a-carvao-2-zonas-unidade-dupla-90-cm-de-profundidade-gas","status":"publish","type":"product","link":"https:\/\/tpohotelariaecasa.pt\/index.php\/product\/premium-grelhador-a-carvao-2-zonas-unidade-dupla-90-cm-de-profundidade-gas\/","title":{"rendered":"Premium Grelhador a Carv\u00e3o &#8211; 2 Zonas &#8211; Unidade Dupla &#8211; 90 cm de Profundidade &#8211; G\u00e1s"},"content":{"rendered":"<p><strong>Especifica\u00e7\u00f5es do produto<\/strong><\/p>\n<ul>\n<li>Peso l\u00edquido: 91 kg<\/li>\n<li>Dimens\u00f5es do aparelho: L80 x P90 x A28cm<\/li>\n<li>Pot\u00eancia total do g\u00e1s: 18,0 kW<\/li>\n<li>Injectores de g\u00e1s instalados: G25 &#8211; g\u00e1s natural<\/li>\n<li>Conjunto extra de injectores de g\u00e1s: G30 &#8211; GPL (propano \/ butano)<\/li>\n<\/ul>\n","protected":false},"excerpt":{"rendered":"<p>Neste grelhador premium a g\u00e1s, pode preparar carne e peixe como nunca antes. Fumar ou grelhar carne e peixe real\u00e7a realmente os melhores sabores. Este grelhador tem duas zonas de cozedura, \u00e9 adequado para uma utiliza\u00e7\u00e3o di\u00e1ria intensiva na cozinha profissional e pode ser facilmente adicionado a uma linha de cozedura. consulte Mais informa\u00e7\u00e3o<\/p>\n","protected":false},"featured_media":9461324,"comment_status":"open","ping_status":"closed","template":"","meta":[],"product_cat":[140,21,90],"product_tag":[],"class_list":["post-9461325","product","type-product","status-publish","has-post-thumbnail","hentry","product_cat-cozedura-aquecimento","product_cat-restauracao","product_cat-grelhadores","product_shipping_class-gph"],"_links":{"self":[{"href":"https:\/\/tpohotelariaecasa.pt\/index.php\/wp-json\/wp\/v2\/product\/9461325"}],"collection":[{"href":"https:\/\/tpohotelariaecasa.pt\/index.php\/wp-json\/wp\/v2\/product"}],"about":[{"href":"https:\/\/tpohotelariaecasa.pt\/index.php\/wp-json\/wp\/v2\/types\/product"}],"replies":[{"embeddable":true,"href":"https:\/\/tpohotelariaecasa.pt\/index.php\/wp-json\/wp\/v2\/comments?post=9461325"}],"wp:featuredmedia":[{"embeddable":true,"href":"https:\/\/tpohotelariaecasa.pt\/index.php\/wp-json\/wp\/v2\/media\/9461324"}],"wp:attachment":[{"href":"https:\/\/tpohotelariaecasa.pt\/index.php\/wp-json\/wp\/v2\/media?parent=9461325"}],"wp:term":[{"taxonomy":"product_cat","embeddable":true,"href":"https:\/\/tpohotelariaecasa.pt\/index.php\/wp-json\/wp\/v2\/product_cat?post=9461325"},{"taxonomy":"product_tag","embeddable":true,"href":"https:\/\/tpohotelariaecasa.pt\/index.php\/wp-json\/wp\/v2\/product_tag?post=9461325"}],"curies":[{"name":"wp","href":"https:\/\/api.w.org\/{rel}","templated":true}]}}