{"id":9461327,"date":"2024-05-29T17:17:59","date_gmt":"2024-05-29T17:17:59","guid":{"rendered":"https:\/\/tpohotelariaecasa.pt\/index.php\/product\/premium-grelhador-a-carvao-5-zonas-unidade-dupla-90-cm-de-profundidade-gas\/"},"modified":"2025-04-03T09:09:48","modified_gmt":"2025-04-03T09:09:48","slug":"premium-grelhador-a-carvao-5-zonas-unidade-dupla-90-cm-de-profundidade-gas","status":"publish","type":"product","link":"https:\/\/tpohotelariaecasa.pt\/index.php\/product\/premium-grelhador-a-carvao-5-zonas-unidade-dupla-90-cm-de-profundidade-gas\/","title":{"rendered":"Premium Grelhador a Carv\u00e3o &#8211; 5 Zonas &#8211; Unidade Dupla &#8211; 90 cm de Profundidade &#8211; G\u00e1s"},"content":{"rendered":"<p><strong>Caracter\u00edsticas<\/strong><\/p>\n<ul>\n<li>Chapas de ferro fundido para grelhar com 13cm de largura<\/li>\n<li>As placas de grelhar s\u00e3o de auto-limpeza<\/li>\n<li>Componentes para servi\u00e7o pesado<\/li>\n<li>Term\u00f3stato entre 100-300\u00b0C<\/li>\n<li>Term\u00f3statos individuais para cada zona de cozedura<\/li>\n<li>Placas de extin\u00e7\u00e3o de chamas para grelhadores<\/li>\n<li>V\u00e1lvula de seguran\u00e7a para g\u00e1s termopar<\/li>\n<li>Adequado para GPL ou g\u00e1s natural<\/li>\n<li>Distribui\u00e7\u00e3o uniforme de calor<\/li>\n<li>Constru\u00e7\u00e3o altamente dur\u00e1vel<\/li>\n<li>Desenho higi\u00e9nico<\/li>\n<\/ul>\n<p><strong>Especifica\u00e7\u00f5es do produto<\/strong><\/p>\n<ul>\n<li>Peso l\u00edquido: 95kg<\/li>\n<li>Dimens\u00f5es do dispositivo: L80 x D90 x H28cm<\/li>\n<li>Pot\u00eancia total do g\u00e1s: 30,0 kW<\/li>\n<li>Injectores de g\u00e1s instalados: G25 &#8211; g\u00e1s natural<\/li>\n<li>Conjunto extra de injectores de g\u00e1s: G30 &#8211; GPL (propano \/ butano)<\/li>\n<\/ul>\n","protected":false},"excerpt":{"rendered":"<p>Este carregador duplo premium permite grelhar carne e vegetais como se fossem feitos em carv\u00e3o vegetal. Funciona a g\u00e1s e aquece o espa\u00e7o debaixo da chapa. Este grelhador \u00e9 muito f\u00e1cil de utilizar e \u00e9 bem adequado para uso intensivo di\u00e1rio em cozinhas profissionais. Gra\u00e7as a uma profundidade de 90cm, o grelhador pode grelhar grandes quantidades de alimentos de uma s\u00f3 vez. consulte Mais informa\u00e7\u00e3o<\/p>\n","protected":false},"featured_media":9461326,"comment_status":"open","ping_status":"closed","template":"","meta":[],"product_cat":[140,21,90],"product_tag":[],"class_list":["post-9461327","product","type-product","status-publish","has-post-thumbnail","hentry","product_cat-cozedura-aquecimento","product_cat-restauracao","product_cat-grelhadores","product_shipping_class-gph"],"_links":{"self":[{"href":"https:\/\/tpohotelariaecasa.pt\/index.php\/wp-json\/wp\/v2\/product\/9461327"}],"collection":[{"href":"https:\/\/tpohotelariaecasa.pt\/index.php\/wp-json\/wp\/v2\/product"}],"about":[{"href":"https:\/\/tpohotelariaecasa.pt\/index.php\/wp-json\/wp\/v2\/types\/product"}],"replies":[{"embeddable":true,"href":"https:\/\/tpohotelariaecasa.pt\/index.php\/wp-json\/wp\/v2\/comments?post=9461327"}],"wp:featuredmedia":[{"embeddable":true,"href":"https:\/\/tpohotelariaecasa.pt\/index.php\/wp-json\/wp\/v2\/media\/9461326"}],"wp:attachment":[{"href":"https:\/\/tpohotelariaecasa.pt\/index.php\/wp-json\/wp\/v2\/media?parent=9461327"}],"wp:term":[{"taxonomy":"product_cat","embeddable":true,"href":"https:\/\/tpohotelariaecasa.pt\/index.php\/wp-json\/wp\/v2\/product_cat?post=9461327"},{"taxonomy":"product_tag","embeddable":true,"href":"https:\/\/tpohotelariaecasa.pt\/index.php\/wp-json\/wp\/v2\/product_tag?post=9461327"}],"curies":[{"name":"wp","href":"https:\/\/api.w.org\/{rel}","templated":true}]}}