{"id":9461335,"date":"2024-05-29T17:18:03","date_gmt":"2024-05-29T17:18:03","guid":{"rendered":"https:\/\/tpohotelariaecasa.pt\/index.php\/product\/premium-fogao-6-queimadores-unidade-tripla-90-cm-de-profundidade-incl-forno-gas\/"},"modified":"2025-04-03T09:09:47","modified_gmt":"2025-04-03T09:09:47","slug":"premium-fogao-6-queimadores-unidade-tripla-90-cm-de-profundidade-incl-forno-gas","status":"publish","type":"product","link":"https:\/\/tpohotelariaecasa.pt\/index.php\/product\/premium-fogao-6-queimadores-unidade-tripla-90-cm-de-profundidade-incl-forno-gas\/","title":{"rendered":"Premium Fog\u00e3o &#8211; 6 Queimadores &#8211; Unidade Tripla &#8211; 90 cm de Profundidade &#8211; incl. Forno &#8211; G\u00e1s"},"content":{"rendered":"<ul>\n<li>Placa com cantos arredondados, f\u00e1cil de limpar<\/li>\n<li>Componentes resistentes<\/li>\n<li>Queimadores com luz piloto<\/li>\n<li>V\u00e1lvula de seguran\u00e7a para g\u00e1s com termopar<\/li>\n<li>Igni\u00e7\u00e3o piezoel\u00e9ctrica<\/li>\n<li>Adequado para GPL ou g\u00e1s natural<\/li>\n<li>Constru\u00e7\u00e3o muito resistente<\/li>\n<li>Design higi\u00e9nico<\/li>\n<\/ul>\n<p>Caracter\u00edsticas do forno a g\u00e1s<\/p>\n<ul>\n<li>C\u00e2mara est\u00e1tica do forno totalmente em a\u00e7o inoxid\u00e1vel<\/li>\n<li>Grelha cromada com 3 n\u00edveis para 2\/1 GN<\/li>\n<li>Bom isolamento com porta do forno em a\u00e7o inoxid\u00e1vel de 40 mm de espessura<\/li>\n<li>Pega ergon\u00f3mica e resistente<\/li>\n<li>Micro queimadores para um aquecimento r\u00e1pido<\/li>\n<li>Term\u00f3stato de seguran\u00e7a 100 &#8211; 300 graus Celsius<\/li>\n<\/ul>\n<p><strong>Especifica\u00e7\u00f5es do produto<\/strong><\/p>\n<ul>\n<li>Peso l\u00edquido: 155 kg<\/li>\n<li>Dimens\u00f5es do aparelho: L120 x P90 x A85cm<\/li>\n<li>Pot\u00eancia dos queimadores de g\u00e1s: 3 x 6,0 kW e 3 x 10,0 kW<\/li>\n<li>Pot\u00eancia do forno: 8,0 kW<\/li>\n<li>Pot\u00eancia total do g\u00e1s: 56,0 kW<\/li>\n<li>Injectores de g\u00e1s instalados: G25 &#8211; g\u00e1s natural<\/li>\n<li>Conjunto adicional de injectores de g\u00e1s: G30 &#8211; GPL (propano\/butano)<\/li>\n<\/ul>\n","protected":false},"excerpt":{"rendered":"<p>Este fog\u00e3o de qualidade superior tem 6 bicos e um forno. \u00c9 um fog\u00e3o ideal para uma utiliza\u00e7\u00e3o di\u00e1ria intensiva na cozinha profissional. O fog\u00e3o tem 90 cm de profundidade e \u00e9 adequado para panelas grandes. H\u00e1 tamb\u00e9m espa\u00e7o suficiente para abastecer todos os bicos com panelas grandes. consulte Mais informa\u00e7\u00e3o<\/p>\n","protected":false},"featured_media":9461334,"comment_status":"open","ping_status":"closed","template":"","meta":[],"product_cat":[21,84],"product_tag":[],"class_list":["post-9461335","product","type-product","status-publish","has-post-thumbnail","hentry","product_cat-restauracao","product_cat-fogoesepanelas","product_shipping_class-gph"],"_links":{"self":[{"href":"https:\/\/tpohotelariaecasa.pt\/index.php\/wp-json\/wp\/v2\/product\/9461335"}],"collection":[{"href":"https:\/\/tpohotelariaecasa.pt\/index.php\/wp-json\/wp\/v2\/product"}],"about":[{"href":"https:\/\/tpohotelariaecasa.pt\/index.php\/wp-json\/wp\/v2\/types\/product"}],"replies":[{"embeddable":true,"href":"https:\/\/tpohotelariaecasa.pt\/index.php\/wp-json\/wp\/v2\/comments?post=9461335"}],"wp:featuredmedia":[{"embeddable":true,"href":"https:\/\/tpohotelariaecasa.pt\/index.php\/wp-json\/wp\/v2\/media\/9461334"}],"wp:attachment":[{"href":"https:\/\/tpohotelariaecasa.pt\/index.php\/wp-json\/wp\/v2\/media?parent=9461335"}],"wp:term":[{"taxonomy":"product_cat","embeddable":true,"href":"https:\/\/tpohotelariaecasa.pt\/index.php\/wp-json\/wp\/v2\/product_cat?post=9461335"},{"taxonomy":"product_tag","embeddable":true,"href":"https:\/\/tpohotelariaecasa.pt\/index.php\/wp-json\/wp\/v2\/product_tag?post=9461335"}],"curies":[{"name":"wp","href":"https:\/\/api.w.org\/{rel}","templated":true}]}}