{"id":9461337,"date":"2024-05-29T17:18:04","date_gmt":"2024-05-29T17:18:04","guid":{"rendered":"https:\/\/tpohotelariaecasa.pt\/index.php\/product\/premium-fogao-6-queimadores-unidade-tripla-90-cm-de-profundidade-gas-incl-forno-eletrico\/"},"modified":"2025-04-03T09:09:47","modified_gmt":"2025-04-03T09:09:47","slug":"premium-fogao-6-queimadores-unidade-tripla-90-cm-de-profundidade-gas-incl-forno-eletrico","status":"publish","type":"product","link":"https:\/\/tpohotelariaecasa.pt\/index.php\/product\/premium-fogao-6-queimadores-unidade-tripla-90-cm-de-profundidade-gas-incl-forno-eletrico\/","title":{"rendered":"Premium Fog\u00e3o &#8211; 6 Queimadores &#8211; Unidade Tripla &#8211; 90 cm de Profundidade &#8211; G\u00e1s incl. Forno El\u00e9trico"},"content":{"rendered":"<p><strong>Especifica\u00e7\u00f5es do produto<\/strong><\/p>\n<ul>\n<li>Peso l\u00edquido: 175kg<\/li>\n<li>Dimens\u00f5es do dispositivo: W120 x D90 x H85cm<\/li>\n<li>Queimadores de energia: 3 x 6,0 kW e 3 x 10,0 kW<\/li>\n<li>Pot\u00eancia total do g\u00e1s: 48,0 kW<\/li>\n<li>Pot\u00eancia do forno: 400V \/ 50Hz \/ 3 fases 6000W<\/li>\n<li>Pot\u00eancia el\u00e9ctrica total: 6,0 kW<\/li>\n<li>Injectores de g\u00e1s instalados: G25 &#8211; G\u00e1s natural<\/li>\n<li>Conjunto extra de injectores de g\u00e1s: G30 &#8211; GPL (Propano \/ Butano)<\/li>\n<\/ul>\n<p><strong>Este produto \u00e9 fornecido sem ficha.<\/strong><\/p>\n","protected":false},"excerpt":{"rendered":"<p>Este fog\u00e3o a g\u00e1s maravilhosamente acabado \u00e9 a j\u00f3ia da coroa da s\u00e9rie profissional Cooking Range 900 da Maxima. Equipado com seis queimadores, um forno espa\u00e7oso e uma base de arm\u00e1rio com porta, este robusto aparelho \u00e9 capaz de suportar a carga com que uma cozinha profissional tem de lidar. Cada cozinha de restaura\u00e7\u00e3o pode contar com este design robusto de qualidade superior. consulte Mais informa\u00e7\u00e3o<\/p>\n","protected":false},"featured_media":9461336,"comment_status":"open","ping_status":"closed","template":"","meta":[],"product_cat":[21,84],"product_tag":[],"class_list":["post-9461337","product","type-product","status-publish","has-post-thumbnail","hentry","product_cat-restauracao","product_cat-fogoesepanelas","product_shipping_class-gph"],"_links":{"self":[{"href":"https:\/\/tpohotelariaecasa.pt\/index.php\/wp-json\/wp\/v2\/product\/9461337"}],"collection":[{"href":"https:\/\/tpohotelariaecasa.pt\/index.php\/wp-json\/wp\/v2\/product"}],"about":[{"href":"https:\/\/tpohotelariaecasa.pt\/index.php\/wp-json\/wp\/v2\/types\/product"}],"replies":[{"embeddable":true,"href":"https:\/\/tpohotelariaecasa.pt\/index.php\/wp-json\/wp\/v2\/comments?post=9461337"}],"wp:featuredmedia":[{"embeddable":true,"href":"https:\/\/tpohotelariaecasa.pt\/index.php\/wp-json\/wp\/v2\/media\/9461336"}],"wp:attachment":[{"href":"https:\/\/tpohotelariaecasa.pt\/index.php\/wp-json\/wp\/v2\/media?parent=9461337"}],"wp:term":[{"taxonomy":"product_cat","embeddable":true,"href":"https:\/\/tpohotelariaecasa.pt\/index.php\/wp-json\/wp\/v2\/product_cat?post=9461337"},{"taxonomy":"product_tag","embeddable":true,"href":"https:\/\/tpohotelariaecasa.pt\/index.php\/wp-json\/wp\/v2\/product_tag?post=9461337"}],"curies":[{"name":"wp","href":"https:\/\/api.w.org\/{rel}","templated":true}]}}