{"id":9461341,"date":"2024-05-29T17:18:07","date_gmt":"2024-05-29T17:18:07","guid":{"rendered":"https:\/\/tpohotelariaecasa.pt\/index.php\/product\/premium-fogao-4-queimadores-unidade-dupla-90-cm-de-profundidade-eletrico\/"},"modified":"2025-04-03T09:09:47","modified_gmt":"2025-04-03T09:09:47","slug":"premium-fogao-4-queimadores-unidade-dupla-90-cm-de-profundidade-eletrico","status":"publish","type":"product","link":"https:\/\/tpohotelariaecasa.pt\/index.php\/product\/premium-fogao-4-queimadores-unidade-dupla-90-cm-de-profundidade-eletrico\/","title":{"rendered":"Premium Fog\u00e3o &#8211; 4 Queimadores &#8211; Unidade Dupla &#8211; 90 cm de Profundidade &#8211; El\u00e9trico"},"content":{"rendered":"<p>Caracter\u00edsticas da placa de fog\u00e3o el\u00e9ctrica premium:<\/p>\n<ul>\n<li>Placa com cantos arredondados para facilitar a limpeza<\/li>\n<li>Componentes resistentes<\/li>\n<li>Interruptor de seguran\u00e7a contra o sobreaquecimento<\/li>\n<li>Placa de fog\u00e3o individual com 6 posi\u00e7\u00f5es<\/li>\n<li>Dimens\u00f5es de uma \u00fanica placa de fog\u00e3o: L30 x P30cm<\/li>\n<li>Temperatura entre 90-450\u00b0C<\/li>\n<li>Constru\u00e7\u00e3o altamente dur\u00e1vel<\/li>\n<li>Design higi\u00e9nico<\/li>\n<\/ul>\n<p><strong>Caracter\u00edsticas do produto<\/strong><\/p>\n<ul>\n<li>Peso l\u00edquido: 64kg<\/li>\n<li>Dimens\u00f5es do aparelho: L80 x P90 x A28cm<\/li>\n<li>Pot\u00eancia dos queimadores: 4,0 kW<\/li>\n<li>Pot\u00eancia el\u00e9ctrica total: 16,0 kW<\/li>\n<li>Pot\u00eancia: 400V \/ 50Hz \/ 3 Fase 16000W<\/li>\n<\/ul>\n","protected":false},"excerpt":{"rendered":"<p>Esta placa de fog\u00e3o el\u00e9ctrica de qualidade superior possui quatro placas de fog\u00e3o e um design elegante mas s\u00f3lido. \u00c9fabricada em a\u00e7o inoxid\u00e1vel e ferro fundido, pelo que \u00e9 perfeitamente adequada para uma utiliza\u00e7\u00e3o di\u00e1ria e intensiva. Qualquer cozinha de restaura\u00e7\u00e3o pode contar com este design robusto para adicionar \u00e0 sua linha de cozinha. consulte Mais informa\u00e7\u00e3o<\/p>\n","protected":false},"featured_media":9461340,"comment_status":"open","ping_status":"closed","template":"","meta":[],"product_cat":[140,84],"product_tag":[],"class_list":["post-9461341","product","type-product","status-publish","has-post-thumbnail","hentry","product_cat-cozedura-aquecimento","product_cat-fogoesepanelas","product_shipping_class-gph"],"_links":{"self":[{"href":"https:\/\/tpohotelariaecasa.pt\/index.php\/wp-json\/wp\/v2\/product\/9461341"}],"collection":[{"href":"https:\/\/tpohotelariaecasa.pt\/index.php\/wp-json\/wp\/v2\/product"}],"about":[{"href":"https:\/\/tpohotelariaecasa.pt\/index.php\/wp-json\/wp\/v2\/types\/product"}],"replies":[{"embeddable":true,"href":"https:\/\/tpohotelariaecasa.pt\/index.php\/wp-json\/wp\/v2\/comments?post=9461341"}],"wp:featuredmedia":[{"embeddable":true,"href":"https:\/\/tpohotelariaecasa.pt\/index.php\/wp-json\/wp\/v2\/media\/9461340"}],"wp:attachment":[{"href":"https:\/\/tpohotelariaecasa.pt\/index.php\/wp-json\/wp\/v2\/media?parent=9461341"}],"wp:term":[{"taxonomy":"product_cat","embeddable":true,"href":"https:\/\/tpohotelariaecasa.pt\/index.php\/wp-json\/wp\/v2\/product_cat?post=9461341"},{"taxonomy":"product_tag","embeddable":true,"href":"https:\/\/tpohotelariaecasa.pt\/index.php\/wp-json\/wp\/v2\/product_tag?post=9461341"}],"curies":[{"name":"wp","href":"https:\/\/api.w.org\/{rel}","templated":true}]}}