{"id":9461343,"date":"2024-05-29T17:18:08","date_gmt":"2024-05-29T17:18:08","guid":{"rendered":"https:\/\/tpohotelariaecasa.pt\/index.php\/product\/premium-fogao-6-queimadores-unidade-tripla-90-cm-de-profundidade-eletrico\/"},"modified":"2025-04-03T09:09:47","modified_gmt":"2025-04-03T09:09:47","slug":"premium-fogao-6-queimadores-unidade-tripla-90-cm-de-profundidade-eletrico","status":"publish","type":"product","link":"https:\/\/tpohotelariaecasa.pt\/index.php\/product\/premium-fogao-6-queimadores-unidade-tripla-90-cm-de-profundidade-eletrico\/","title":{"rendered":"Premium Fog\u00e3o &#8211; 6 Queimadores &#8211; Unidade Tripla &#8211; 90 cm de Profundidade &#8211; El\u00e9trico"},"content":{"rendered":"<p>Caracter\u00edsticas do fog\u00e3o el\u00e9trico premium:<\/p>\n<ul>\n<li>Placa com cantos arredondados para facilitar a limpeza<\/li>\n<li>Componentes resistentes<\/li>\n<li>Interruptor de seguran\u00e7a contra o sobreaquecimento<\/li>\n<li>Placa de fog\u00e3o individual com 6 posi\u00e7\u00f5es<\/li>\n<li>Dimens\u00f5es de uma \u00fanica placa de fog\u00e3o: L30 x P30cm<\/li>\n<li>Temperatura entre 90-450\u00b0C<\/li>\n<li>Constru\u00e7\u00e3o altamente dur\u00e1vel<\/li>\n<li>Design higi\u00e9nico<\/li>\n<\/ul>\n<p><strong>Caracter\u00edsticas do produto<\/strong><\/p>\n<ul>\n<li>Peso l\u00edquido: 103kg<\/li>\n<li>Dimens\u00f5es do aparelho: L120 x P90 x A28cm<\/li>\n<li>Pot\u00eancia dos queimadores: 4,0 kW<\/li>\n<li>Pot\u00eancia el\u00e9ctrica total: 24,0 kW<\/li>\n<li>Pot\u00eancia: 400V \/ 50Hz \/ 3 Fase 24000W<\/li>\n<\/ul>\n<p><strong>Este produto \u00e9 fornecido sem ficha.<\/strong><\/p>\n","protected":false},"excerpt":{"rendered":"<p>Grande, maior, maior: se precisa de muita capacidade, esta placa \u00e9 a ideal! Com placas de grandes dimens\u00f5es, oferece espa\u00e7o suficiente para seis frigideiras grandes ao mesmo tempo. Tamb\u00e9m possui o mesmo design elegante que \u00e9 vis\u00edvel no resto da s\u00e9rie Cooking Range 900. consulte Mais informa\u00e7\u00e3o<\/p>\n","protected":false},"featured_media":9461342,"comment_status":"open","ping_status":"closed","template":"","meta":[],"product_cat":[140,84],"product_tag":[],"class_list":["post-9461343","product","type-product","status-publish","has-post-thumbnail","hentry","product_cat-cozedura-aquecimento","product_cat-fogoesepanelas","product_shipping_class-gph"],"_links":{"self":[{"href":"https:\/\/tpohotelariaecasa.pt\/index.php\/wp-json\/wp\/v2\/product\/9461343"}],"collection":[{"href":"https:\/\/tpohotelariaecasa.pt\/index.php\/wp-json\/wp\/v2\/product"}],"about":[{"href":"https:\/\/tpohotelariaecasa.pt\/index.php\/wp-json\/wp\/v2\/types\/product"}],"replies":[{"embeddable":true,"href":"https:\/\/tpohotelariaecasa.pt\/index.php\/wp-json\/wp\/v2\/comments?post=9461343"}],"wp:featuredmedia":[{"embeddable":true,"href":"https:\/\/tpohotelariaecasa.pt\/index.php\/wp-json\/wp\/v2\/media\/9461342"}],"wp:attachment":[{"href":"https:\/\/tpohotelariaecasa.pt\/index.php\/wp-json\/wp\/v2\/media?parent=9461343"}],"wp:term":[{"taxonomy":"product_cat","embeddable":true,"href":"https:\/\/tpohotelariaecasa.pt\/index.php\/wp-json\/wp\/v2\/product_cat?post=9461343"},{"taxonomy":"product_tag","embeddable":true,"href":"https:\/\/tpohotelariaecasa.pt\/index.php\/wp-json\/wp\/v2\/product_tag?post=9461343"}],"curies":[{"name":"wp","href":"https:\/\/api.w.org\/{rel}","templated":true}]}}